{"id":217,"date":"2022-10-06T10:45:25","date_gmt":"2022-10-06T10:45:25","guid":{"rendered":"https:\/\/guide.zero-carbon-skane.org\/?page_id=217"},"modified":"2023-03-24T10:14:43","modified_gmt":"2023-03-24T10:14:43","slug":"circles-in-the-sand-angelholm-sand-sculpture-park","status":"publish","type":"page","link":"https:\/\/guide.zero-carbon-skane.org\/sv\/places\/northwest\/angelholm\/circles-in-the-sand-angelholm-sand-sculpture-park\/","title":{"rendered":"Cirklar i sanden: \u00c4ngelholms sandskulpturpark"},"content":{"rendered":"<p>B\u00e5de konst\u00e4lskare och badg\u00e4ster har goda sk\u00e4l att bes\u00f6ka den n\u00e5got <a href=\"https:\/\/guide.zero-carbon-skane.org\/sv\/places\/northwest\/angelholm\/\" data-type=\"page\" data-id=\"69\">s\u00f6mniga kuststaden \u00c4ngelholm<\/a>, n\u00e4mligen den lokala traditionen med sandskulptur.<\/p>\n\n\n\n<p>Inspirerade av det tibetanska konceptet sandmandala, firar \u00c4ngelholms sandskulpturer (ofta kallade <em>Sandaler<\/em>) f\u00f6rg\u00e4nglighet samtidigt som de firar f\u00f6rlust och f\u00f6rsvinnande. De \u00e4r faktiskt n\u00e5got av ett minne (eller kanske en forts\u00e4ttning) av en liknande praxis som b\u00f6rjade i <a href=\"https:\/\/guide.zero-carbon-skane.org\/sv\/places\/southwest-metropolitan-zone\/vellinge\/naset\/falsterbo-skanor\/\" data-type=\"page\" data-id=\"28\">Falsterbo<\/a> under 1980-talet, men som begr\u00e4nsades av f\u00f6rsvinnandet av str\u00e4nderna i <a href=\"https:\/\/guide.zero-carbon-skane.org\/sv\/places\/southwest-metropolitan-zone\/vellinge\/naset\/\" data-type=\"page\" data-id=\"27\">N\u00e4set<\/a> p\u00e5 grund av stigande havsniv\u00e5er. \u00c4ngelholm st\u00e5r naturligtvis inf\u00f6r ett liknande problem och har lagt ner mycket tid och pengar f\u00f6r att f\u00f6rhindra att str\u00e4nderna helt f\u00f6rsvinner; bara tiden kan utvisa om det kommer att r\u00e4cka. Men k\u00e4nslan av att tiden g\u00e5r har satt sina sp\u00e5r h\u00e4r, liksom p\u00e5 andra h\u00e5ll.<\/p>\n\n\n\n<p>Den f\u00f6rsta sandskulpturen i \u00c4ngelholm best\u00e4lldes av regionen som ett offentligt konstverk. Konstn\u00e4ren Andr\u00eda Costa skapade ett timglas som, p\u00e5 grund av att det placerades n\u00e4ra h\u00f6gvattenlinjen, l\u00e5ngsamt f\u00f6rsvann. Det har funnits (och finns fortfarande) en viss offentlig polemik kring att \"kasta skattebetalarnas pengar - bokstavligen - i havet\", men f\u00f6r m\u00e5nga andra f\u00e5ngar Costas konstverk, och de andra som har f\u00f6ljt, en k\u00e4nsla av sorg och acceptans kopplad till f\u00f6rg\u00e4ngligheten hos en f\u00f6r\u00e4nderlig kustlinje. <\/p>\n\n\n\n<p>Efter Costas f\u00f6rsta skulptur har fler anonyma <em>Sandaler<\/em> b\u00f6rjade dyka upp l\u00e4ngre upp l\u00e4ngs kusten i norr, och antalet bidrag fortsatte att \u00f6ka under n\u00e5gra \u00e5r. Till slut best\u00e4mde sig kommunen f\u00f6r att se detta som en symbolisk handling och b\u00f6rjade anordna ett \u00e5rligt evenemang med sorgearbete, minnesstunder och festligheter i centrum. <\/p>\n\n\n\n<figure class=\"wp-block-image size-large\"><img loading=\"lazy\" decoding=\"async\" width=\"1024\" height=\"683\" src=\"https:\/\/guide.zero-carbon-skane.org\/wp-content\/uploads\/2022\/10\/Angelholm_sandalas-1024x683.jpeg\" alt=\"\" class=\"wp-image-329\" srcset=\"https:\/\/guide.zero-carbon-skane.org\/wp-content\/uploads\/2022\/10\/Angelholm_sandalas-1024x683.jpeg 1024w, https:\/\/guide.zero-carbon-skane.org\/wp-content\/uploads\/2022\/10\/Angelholm_sandalas-300x200.jpeg 300w, https:\/\/guide.zero-carbon-skane.org\/wp-content\/uploads\/2022\/10\/Angelholm_sandalas-768x512.jpeg 768w, https:\/\/guide.zero-carbon-skane.org\/wp-content\/uploads\/2022\/10\/Angelholm_sandalas.jpeg 1500w\" sizes=\"auto, (max-width: 1024px) 100vw, 1024px\" \/><figcaption class=\"wp-element-caption\">\u00c4ngelholms strand i v\u00e4ntan p\u00e5 ny konst i b\u00f6rjan av s\u00e4songen<\/figcaption><\/figure>\n\n\n\n<p>Sandala Sculpture Week brukar vanligtvis h\u00e5llas under den andra veckan i juli. Skulpturparken ligger dock vid stranden och \u00e4r \u00f6ppen f\u00f6r allm\u00e4nheten \u00e5ret runt. Du kan f\u00f6rv\u00e4nta dig att nya bidrag dyker upp kontinuerligt - och du uppmuntras att delta om du vill! - s\u00e5 det \u00e4r v\u00e4l v\u00e4rt ett bes\u00f6k n\u00e4r som helst p\u00e5 \u00e5ret. T\u00e4nk dock p\u00e5 att v\u00e4stkustv\u00e4dret kan vara ganska of\u00f6rl\u00e5tande under vintern, och d\u00e5 finns det f\u00e5 fina skulpturer att se, \u00e4ven om du \u00e4r villig att trotsa vind och regn.<\/p>\n\n\n\n<p>Dessutom tar lokalbefolkningen sandalernas <em>naturliga<\/em> f\u00f6rsvinnande p\u00e5 st\u00f6rsta allvar; om du ertappas med att skada en sandal kostar det dig 10 000 SEK!<\/p>","protected":false},"excerpt":{"rendered":"<p>\u00c4ngelholms sandskulpturer (ofta kallade sandalas) \u00e4r inspirerade av det tibetanska konceptet sandmandala och hyllar f\u00f6rg\u00e4nglighet samtidigt som de minns f\u00f6rlust och f\u00f6rsvinnande.<\/p>","protected":false},"author":1,"featured_media":329,"parent":69,"menu_order":0,"comment_status":"closed","ping_status":"closed","template":"","meta":{"footnotes":""},"categories":[4,5],"tags":[],"class_list":["post-217","page","type-page","status-publish","has-post-thumbnail","hentry","category-events","category-sightseeing"],"jetpack_sharing_enabled":true,"_links":{"self":[{"href":"https:\/\/guide.zero-carbon-skane.org\/sv\/wp-json\/wp\/v2\/pages\/217","targetHints":{"allow":["GET"]}}],"collection":[{"href":"https:\/\/guide.zero-carbon-skane.org\/sv\/wp-json\/wp\/v2\/pages"}],"about":[{"href":"https:\/\/guide.zero-carbon-skane.org\/sv\/wp-json\/wp\/v2\/types\/page"}],"author":[{"embeddable":true,"href":"https:\/\/guide.zero-carbon-skane.org\/sv\/wp-json\/wp\/v2\/users\/1"}],"replies":[{"embeddable":true,"href":"https:\/\/guide.zero-carbon-skane.org\/sv\/wp-json\/wp\/v2\/comments?post=217"}],"version-history":[{"count":3,"href":"https:\/\/guide.zero-carbon-skane.org\/sv\/wp-json\/wp\/v2\/pages\/217\/revisions"}],"predecessor-version":[{"id":958,"href":"https:\/\/guide.zero-carbon-skane.org\/sv\/wp-json\/wp\/v2\/pages\/217\/revisions\/958"}],"up":[{"embeddable":true,"href":"https:\/\/guide.zero-carbon-skane.org\/sv\/wp-json\/wp\/v2\/pages\/69"}],"wp:featuredmedia":[{"embeddable":true,"href":"https:\/\/guide.zero-carbon-skane.org\/sv\/wp-json\/wp\/v2\/media\/329"}],"wp:attachment":[{"href":"https:\/\/guide.zero-carbon-skane.org\/sv\/wp-json\/wp\/v2\/media?parent=217"}],"wp:term":[{"taxonomy":"category","embeddable":true,"href":"https:\/\/guide.zero-carbon-skane.org\/sv\/wp-json\/wp\/v2\/categories?post=217"},{"taxonomy":"post_tag","embeddable":true,"href":"https:\/\/guide.zero-carbon-skane.org\/sv\/wp-json\/wp\/v2\/tags?post=217"}],"curies":[{"name":"wp","href":"https:\/\/api.w.org\/{rel}","templated":true}]}}