{"id":215,"date":"2022-10-05T11:09:32","date_gmt":"2022-10-05T11:09:32","guid":{"rendered":"https:\/\/guide.zero-carbon-skane.org\/?page_id=215"},"modified":"2022-10-06T11:18:14","modified_gmt":"2022-10-06T11:18:14","slug":"bjarehalvon","status":"publish","type":"page","link":"https:\/\/guide.zero-carbon-skane.org\/sv\/places\/northwest\/bastad\/bjarehalvon\/","title":{"rendered":"Bj\u00e4rehalv\u00f6n: potatishalv\u00f6n"},"content":{"rendered":"<p>Det tar inte l\u00e5ng tid f\u00f6r en bes\u00f6kare att inse att potatisen \u00e4r en av de stora svenska basf\u00f6dorna. \u00c4ven om den nationella kosten inte \u00e4r lika st\u00e4rkelserik som den en g\u00e5ng var, spelar den \u00f6dmjuka kn\u00f6len fortfarande en stor roll - men ingenstans mer \u00e4n p\u00e5 Bj\u00e4rehalv\u00f6n (<a href=\"https:\/\/guide.zero-carbon-skane.org\/sv\/places\/northwest\/bjarehalvon-bastad\/\">Bj\u00e4rehalv\u00f6n<\/a>).<\/p>\n\n\n\n<p>Bj\u00e4re har alltid varit en plats f\u00f6r potatis, \u00e4nda sedan den kom till Europa. P\u00e5 grund av sitt unika v\u00e4stliga l\u00e4ge och klimat sk\u00f6rdas \u00e5rets f\u00f6rsta svenska potatisar h\u00e4r och s\u00e4ljs sedan p\u00e5 auktion, d\u00e4r int\u00e4kterna sk\u00e4nks till v\u00e4lg\u00f6renhet. Varje \u00e5r anordnas en potatisfestival med potatisskalningst\u00e4vling. Bj\u00e4res regionala maskot \u00e4r en potatis, som speglar de grundl\u00e4ggande fakta i den lokala ekonomin. Potatis \u00e4r en <em>big deal<\/em>.<\/p>\n\n\n\n<p>Men det finns ett problem. Sk\u00e5nes v\u00e4derm\u00f6nster har blivit alltmer instabilt p\u00e5 grund av klimatf\u00f6r\u00e4ndringarna: vintrarna och h\u00f6starna \u00e4r mildare och fuktigare och v\u00e5rarna och somrarna \u00e4r torrare och varmare, vilket har gjort potatissk\u00f6rdens \u00f6de mer os\u00e4kert. F\u00f6r mycket fukt i lagringsutrymmena gjorde att m\u00e5nga potatisar ruttnade 2027; torka och bevattningsrestriktioner 2032 decimerade \u00e5rets sk\u00f6rd; ett ovanligt skadedjur 2034 utpl\u00e5nade h\u00e4lften av sk\u00f6rden och gjorde m\u00e5nga lokala f\u00f6retag bankrutta.<\/p>\n\n\n\n<p>Det var tuffa \u00e5r f\u00f6r Bj\u00e4re. Sedan dess sitter hela samh\u00e4llet p\u00e5 n\u00e5lar fr\u00e5n det att potatisen s\u00e4tts i jorden p\u00e5 v\u00e5ren till dess att den f\u00f6rsta sk\u00f6rden \u00e4r b\u00e4rgad i maj. Os\u00e4kerhet har blivit ett s\u00e4tt att leva - och till kulturantropologernas f\u00f6rtjusning har potatiscykeln blivit en andlig angel\u00e4genhet. Vidskepelsen \u00e4r utbredd - s\u00e5 om du ser en gammal dam l\u00e4gga en liten potatis p\u00e5 trappan till Torekovs kyrka ska du inte bli orolig! Hon hoppade \u00f6ver sin veckovisa ritual 34' f\u00f6r att se Sverige sl\u00e5 Finland i innebandy i OS och har sedan dess anklagat sig sj\u00e4lv f\u00f6r det \u00e5rets potatispest. Om man bortser fr\u00e5n det m\u00e4rkliga har den \u00f6kade andligheten ocks\u00e5 p\u00e5verkat de tekniker som anv\u00e4nds f\u00f6r att ta hand om jorden och biodynamiska metoder som tillf\u00f6r en viss touch av det magiska \u00e4r k\u00e4nda f\u00f6r att praktiseras av n\u00e5gra av regionens fr\u00e4msta pot\u00e4ter.&nbsp;<\/p>\n\n\n\n<p>Medan potatisos\u00e4kerheten f\u00f6rmodligen \u00e4r en k\u00e4lla till lidande f\u00f6r inv\u00e5narna - f\u00f6r att inte tala om en grundl\u00e4ggande del av deras identitet - \u00e4r firandet av en bra potatissk\u00f6rd en syn f\u00f6r \u00f6gat! Vi rekommenderar starkt en resa till Bj\u00e4re i b\u00f6rjan av maj, n\u00e4r sk\u00f6rden n\u00e4rmar sig - men se till att packa b\u00e5de en festkl\u00e4nning och en begravningskl\u00e4nning, du kommer inte att veta s\u00e4kert vilken st\u00e4mning som r\u00e5der p\u00e5 festen f\u00f6rr\u00e4n den f\u00f6rsta potatisen har kommit upp ur jorden.  Om du har turen att vara med om en riktig bonanzask\u00f6rd \u00e4r de festliga potatisfesterna k\u00e4nda f\u00f6r att vara otroliga; du kommer aldrig att t\u00e4nka p\u00e5 potatis som tr\u00e5kig st\u00e4rkelse igen!<\/p>","protected":false},"excerpt":{"rendered":"<p>Visitors don&#8217;t take long to realise that the potato is one of the great Swedish dietary staples. Though the national diet is not as starchy as it once was, the humble tuber still plays an outsized role&#8212;but nowhere more so than the Bj\u00e4re peninsula (Bj\u00e4rehalv\u00f6n). Bj\u00e4re has always been a place of potatoes, ever since [&hellip;]<\/p>\n","protected":false},"author":1,"featured_media":0,"parent":65,"menu_order":0,"comment_status":"closed","ping_status":"closed","template":"","meta":{"footnotes":""},"categories":[6,4],"tags":[],"class_list":["post-215","page","type-page","status-publish","hentry","category-eating-drinking","category-events"],"jetpack_sharing_enabled":true,"_links":{"self":[{"href":"https:\/\/guide.zero-carbon-skane.org\/sv\/wp-json\/wp\/v2\/pages\/215","targetHints":{"allow":["GET"]}}],"collection":[{"href":"https:\/\/guide.zero-carbon-skane.org\/sv\/wp-json\/wp\/v2\/pages"}],"about":[{"href":"https:\/\/guide.zero-carbon-skane.org\/sv\/wp-json\/wp\/v2\/types\/page"}],"author":[{"embeddable":true,"href":"https:\/\/guide.zero-carbon-skane.org\/sv\/wp-json\/wp\/v2\/users\/1"}],"replies":[{"embeddable":true,"href":"https:\/\/guide.zero-carbon-skane.org\/sv\/wp-json\/wp\/v2\/comments?post=215"}],"version-history":[{"count":2,"href":"https:\/\/guide.zero-carbon-skane.org\/sv\/wp-json\/wp\/v2\/pages\/215\/revisions"}],"predecessor-version":[{"id":222,"href":"https:\/\/guide.zero-carbon-skane.org\/sv\/wp-json\/wp\/v2\/pages\/215\/revisions\/222"}],"up":[{"embeddable":true,"href":"https:\/\/guide.zero-carbon-skane.org\/sv\/wp-json\/wp\/v2\/pages\/65"}],"wp:attachment":[{"href":"https:\/\/guide.zero-carbon-skane.org\/sv\/wp-json\/wp\/v2\/media?parent=215"}],"wp:term":[{"taxonomy":"category","embeddable":true,"href":"https:\/\/guide.zero-carbon-skane.org\/sv\/wp-json\/wp\/v2\/categories?post=215"},{"taxonomy":"post_tag","embeddable":true,"href":"https:\/\/guide.zero-carbon-skane.org\/sv\/wp-json\/wp\/v2\/tags?post=215"}],"curies":[{"name":"wp","href":"https:\/\/api.w.org\/{rel}","templated":true}]}}