{"id":21,"date":"2022-08-16T10:31:50","date_gmt":"2022-08-16T10:31:50","guid":{"rendered":"https:\/\/guide.zero-carbon-skane.org\/index.php\/southwest-metropolitan-zone\/lund\/ostra-torn\/"},"modified":"2023-03-09T12:07:39","modified_gmt":"2023-03-09T12:07:39","slug":"ostra-torn","status":"publish","type":"page","link":"https:\/\/guide.zero-carbon-skane.org\/sv\/places\/southwest-metropolitan-zone\/lund\/ostra-torn\/","title":{"rendered":"\u00d6stra Torn"},"content":{"rendered":"<p>\u00c4ven om \u00d6stra Torn sedan l\u00e4ngde slukats upp av <a href=\"https:\/\/guide.zero-carbon-skane.org\/sv\/places\/southwest-metropolitan-zone\/lund\/\" data-type=\"page\" data-id=\"18\">Stor-Lund<\/a> , finns h\u00e4r fortfarande \"byk\u00e4nslan\" kvar - speciellt nu, n\u00e4r den bullriga <a href=\"https:\/\/guide.zero-carbon-skane.org\/sv\/places\/southwest-metropolitan-zone\/lund\/brunnshog-science-village\/end-of-the-road-the-e22-gravestone\/\" data-type=\"page\" data-id=\"185\">E22:an<\/a> som ligger strax v\u00e4ster om \u00d6stra Torn numera \u00e4r tyst och d\u00e4rav inte den d\u00f6dliga skiljelinje som den en g\u00e5ng var.<\/p>\n\n\n\n<p>Tiden \u00e4r sedan l\u00e4nge f\u00f6rbi d\u00e5 \u00d6stra Torn var hem f\u00f6r ett betydande antal studenter vid <a href=\"https:\/\/guide.zero-carbon-skane.org\/sv\/places\/southwest-metropolitan-zone\/lund\/lund-university\/\" data-type=\"page\" data-id=\"292\">Lunds universitet<\/a>, \u00e4ven om det finns en hel del som bor p\u00e5 loft och i g\u00e4strum i de familjehus som pr\u00e4glar omr\u00e5det. Dessa familjer \u00e4r i sin tur inte lika ofta knutna till den akademiska v\u00e4rlden som de var vid sekelskiftet... men h\u00e4r finns \u00e4nd\u00e5 m\u00e5nga bokmalar och det \u00e4r generellt en avslappnad atmosf\u00e4r, trots vad som skulle kunna betraktas som ett slags avancerad gentrifiering.<\/p>\n\n\n\n<p>F\u00f6rebilden f\u00f6r denna process skulle s\u00e4kert vara det tidigare beryktade studentbostadskomplexet med namnet \"Djingis Khan\" (ja,du l\u00e4ste r\u00e4tt). Djingis Khan byggdes i b\u00f6rjan av 1970-talet av den ber\u00f6mda arkitekten Kjell \u00c5ge Nilson och bestod av mer \u00e4n 300 l\u00e4genheter avsedda f\u00f6r studenter med familjer - vilket i sig var en radikal id\u00e9 p\u00e5 den tiden - och byggdes av prefabricerade enheter som tillverkades n\u00e5gon annanstans i Lund, i en fabrik som st\u00e4ngdes n\u00e5gra \u00e5r senare. <\/p>\n\n\n\n<p>Djingis blev en regelbunden <em>bostadsr\u00e4ttsf\u00f6rening<\/em> (eller sam\u00e4gd bostadsr\u00e4tt) f\u00f6r l\u00e4nge sedan, men dess n\u00e5got anarkistiska attityd, tillsammans med traditioner som den \u00e5rliga <em>Bananfesten<\/em> p\u00e5 g\u00e5rden som f\u00f6rblir ett outpl\u00e5nligt inflytande p\u00e5 den lokala scenen och ger de mer nyktra inv\u00e5narna i <a href=\"https:\/\/guide.zero-carbon-skane.org\/sv\/places\/southwest-metropolitan-zone\/lund\/brunnshog-science-village\/\" data-type=\"page\" data-id=\"22\">Brunnsh\u00f6g<\/a> n\u00e5got att skvallra om.<\/p>","protected":false},"excerpt":{"rendered":"<p>Trots att \u00d6stra Torn sen l\u00e4nge slukats av Storlunds utbredning finns fortfarande k\u00e4nslan av en \"by i staden\" kvar.<\/p>","protected":false},"author":1,"featured_media":776,"parent":18,"menu_order":0,"comment_status":"closed","ping_status":"closed","template":"","meta":{"footnotes":""},"categories":[],"tags":[],"class_list":["post-21","page","type-page","status-publish","has-post-thumbnail","hentry"],"jetpack_sharing_enabled":true,"_links":{"self":[{"href":"https:\/\/guide.zero-carbon-skane.org\/sv\/wp-json\/wp\/v2\/pages\/21","targetHints":{"allow":["GET"]}}],"collection":[{"href":"https:\/\/guide.zero-carbon-skane.org\/sv\/wp-json\/wp\/v2\/pages"}],"about":[{"href":"https:\/\/guide.zero-carbon-skane.org\/sv\/wp-json\/wp\/v2\/types\/page"}],"author":[{"embeddable":true,"href":"https:\/\/guide.zero-carbon-skane.org\/sv\/wp-json\/wp\/v2\/users\/1"}],"replies":[{"embeddable":true,"href":"https:\/\/guide.zero-carbon-skane.org\/sv\/wp-json\/wp\/v2\/comments?post=21"}],"version-history":[{"count":1,"href":"https:\/\/guide.zero-carbon-skane.org\/sv\/wp-json\/wp\/v2\/pages\/21\/revisions"}],"predecessor-version":[{"id":779,"href":"https:\/\/guide.zero-carbon-skane.org\/sv\/wp-json\/wp\/v2\/pages\/21\/revisions\/779"}],"up":[{"embeddable":true,"href":"https:\/\/guide.zero-carbon-skane.org\/sv\/wp-json\/wp\/v2\/pages\/18"}],"wp:featuredmedia":[{"embeddable":true,"href":"https:\/\/guide.zero-carbon-skane.org\/sv\/wp-json\/wp\/v2\/media\/776"}],"wp:attachment":[{"href":"https:\/\/guide.zero-carbon-skane.org\/sv\/wp-json\/wp\/v2\/media?parent=21"}],"wp:term":[{"taxonomy":"category","embeddable":true,"href":"https:\/\/guide.zero-carbon-skane.org\/sv\/wp-json\/wp\/v2\/categories?post=21"},{"taxonomy":"post_tag","embeddable":true,"href":"https:\/\/guide.zero-carbon-skane.org\/sv\/wp-json\/wp\/v2\/tags?post=21"}],"curies":[{"name":"wp","href":"https:\/\/api.w.org\/{rel}","templated":true}]}}