{"id":207,"date":"2022-09-29T14:10:14","date_gmt":"2022-09-29T14:10:14","guid":{"rendered":"https:\/\/guide.zero-carbon-skane.org\/?page_id=207"},"modified":"2023-03-24T12:07:54","modified_gmt":"2023-03-24T12:07:54","slug":"meating-halfway-helsingborgs-kottbaten","status":"publish","type":"page","link":"https:\/\/guide.zero-carbon-skane.org\/sv\/places\/northwest\/helsingborg\/meating-halfway-helsingborgs-kottbaten\/","title":{"rendered":"Mj\u00f6lkar halvv\u00e4gs: Helsingborgs k\u00f6ttb\u00e5tar"},"content":{"rendered":"<p>Inbitna k\u00f6tt\u00e4tare kommer sannolikt att tycka att deras favoritmat \u00e4r ganska dyr i Sk\u00e5ne, liksom i resten av Sverige. Det kan du skylla p\u00e5 den skatt som tas ut p\u00e5 koldioxidsn\u00e5la livsmedel fr\u00e5n 2030-talet.<\/p>\n\n\n\n<p>Men om du inte \u00e4r imponerad av denna moraliserande beskattning - du \u00e4r inte ensam om att vara det - eller om du uppskattar principen samtidigt som du uppskattar att d\u00e5 och d\u00e5 frossa i animaliskt protein, d\u00e5 kommer du att bli l\u00e4ttad \u00f6ver att veta att det finns en plats dit du kan g\u00e5 f\u00f6r att f\u00e5 din prisv\u00e4rda k\u00f6ttfix... men det inneb\u00e4r att du m\u00e5ste l\u00e4mna landet, om \u00e4n bara tekniskt.<\/p>\n\n\n\n<p>F\u00e4rjeresor i Norden och Baltikum har l\u00e4nge f\u00f6rknippats med de \u00f6verdrifter som till\u00e5ts p\u00e5 internationellt vatten, d\u00e4r inte bara de h\u00f6ga alkoholskatterna \u00e4r upph\u00e4vda, utan \u00e4ven tillst\u00e5ndsreglerna \u00e4r mer flexibla. Den korta f\u00e4rjeturen mellan <a href=\"https:\/\/guide.zero-carbon-skane.org\/sv\/places\/northwest\/helsingborg\/\" data-type=\"page\" data-id=\"62\">Helsingborg<\/a> och dess danska systerstad Helsing<em>\u00f8<\/em>r - Hamlets slott! - har l\u00e4nge varit ett utm\u00e4rkt exempel, d\u00e4r passagerare kan segla fram och tillbaka under st\u00f6rre delen av dagen utan att n\u00e5gonsin l\u00e4mna baren, \u00e4n mindre b\u00e5ten.<\/p>\n\n\n\n<p>P\u00e5 senare \u00e5r har en driftig lokalbo funnit en liknande m\u00f6jlighet i det som i dagligt tal kallas \"k\u00f6ttskatten\": om man kan f\u00e5 tullfri sprit, varf\u00f6r inte tullfritt n\u00f6tk\u00f6tt eller bacon? \u00c4garen till denna flytande restaurang, som b\u00e4r det trubbiga namnet <em>K\u00f6ttb\u00e5ten<\/em> (\"k\u00f6ttb\u00e5ten\"), var en av nyckelpersonerna i protestr\u00f6relsen mot skatten p\u00e5 koldioxidsn\u00e5la livsmedel, som omedelbart \u00f6kade priset p\u00e5 k\u00f6tt som fl\u00e4sk och n\u00f6tk\u00f6tt med mer \u00e4n 100% i vissa fall. Medan det efterf\u00f6ljande subventionssystemet f\u00f6r koldioxidsn\u00e5la livsmedel, som syftade till att ta itu med k\u00f6ttskattens regressiva effekter, lindrade en del av motst\u00e5ndet, kr\u00e4vde lokala k\u00f6ttk\u00e4nnare och aktivister i Sk\u00e5ne fortfarande \u00e5tg\u00e4rder f\u00f6r att s\u00e4kerst\u00e4lla \u00f6verlevnaden av klassiska lokala k\u00f6k och jordbruksmetoder. Sk\u00e5nes regionala regering - som \u00e4r l\u00e5ngt ifr\u00e5n en enad klan av veganska socialister, trots att de kampanjbroschyrer du kanske har sett p\u00e5st\u00e5r n\u00e5got annat - m\u00f6tte demonstranterna halvv\u00e4gs genom att inr\u00e4tta en skattefri zon d\u00e4r b\u00e5ten kunde verka, i \u00d6resunds gr\u00e4nsland d\u00e4r Danmarks och Sveriges gr\u00e4nser m\u00f6ts. <\/p>\n\n\n\n<p>(Ryktet s\u00e4ger att detta var ett s\u00e4tt att h\u00e5lla b\u00e5ten utanf\u00f6r den regionala koldioxidbudgeten, men ingen har n\u00e5gonsin lyckats bekr\u00e4fta eller dementera denna historia - och vi rekommenderar verkligen inte att ta upp \u00e4mnet mitt under kryssningen heller)<\/p>\n\n\n\n<p>Ungef\u00e4r som \"spritkryssningsf\u00e4rjorna\", <em>K\u00f6ttb\u00e5ten<\/em> handlar om <em>\u00f6ver<\/em>Du sparar inte mycket om du bara \u00e4ter en korv eller tv\u00e5. Och baksidan av den upph\u00e4vda skatten \u00e4r att de kompenserande subventionerna ocks\u00e5 \u00e4r upph\u00e4vda... s\u00e5 att ta med en veganv\u00e4n kan bli fruktansv\u00e4rt dyrt, f\u00f6rutsatt att du ens kan \u00f6vertyga dem om att kl\u00e4ttra ombord.<\/p>\n\n\n\n<p>K\u00f6ttet (och de r\u00e4tter som tillagas av det) har dock rykte om sig att vara av h\u00f6gsta kvalitet, och det \u00e4r n\u00e5got av en lokal institution. S\u00e5 h\u00e4r \u00e4r vad du beh\u00f6ver veta:<\/p>\n\n\n\n<ul class=\"wp-block-list\">\n<li>B\u00e5ten avg\u00e5r fr\u00e5n Helsingborgs hamn tidigt p\u00e5 kv\u00e4llen. Den officiella destinationen \u00e4r Helsing\u00f6r, den danska staden p\u00e5 andra sidan sundet, men det \u00e4r en mycket l\u00e5ngsam och omst\u00e4ndlig v\u00e4g dit - desto mer tid att stoppa i sig grillade godsaker. Med en returbiljett f\u00e5r du dubbelt s\u00e5 l\u00e5ng tid p\u00e5 dig och kommer tillbaka till Sverige tidigt p\u00e5 morgonen, f\u00f6rutsatt att du (som m\u00e5nga passagerare) aldrig bryr dig om att g\u00e5 av p\u00e5 den danska sidan.<\/li>\n\n\n\n<li>Ta med ett ombyte kl\u00e4der, s\u00e4rskilt om du planerar att forts\u00e4tta kv\u00e4llen p\u00e5 n\u00e5got fint st\u00e4lle: dina kl\u00e4der kommer att stinka av r\u00f6k fr\u00e5n de \u00f6ppna grillarna! Och du vill ju inte att n\u00e5gon ska tro att du har varit <a href=\"https:\/\/guide.zero-carbon-skane.org\/sv\/activities\/eating-drinking\/the-flames-of-resistance-speak-easy-grill-culture-in-skane\/\" data-type=\"page\" data-id=\"422\">umg\u00e5s med folk som talar l\u00e4tt<\/a>&#8230;<\/li>\n\n\n\n<li>Notera den obligatoriska och delvis osynliga bokningsavgiften, eller \"medlemsavgiften\". Detta \u00e4r ett s\u00e4tt att st\u00f6dja b\u00e5ten - att h\u00e5lla den flytande, skulle man kunna s\u00e4ga - efter upprepade misslyckanden med att s\u00e4kra kulturf\u00f6retagsst\u00f6d fr\u00e5n Region Sk\u00e5ne. Det \u00e4r ocks\u00e5, kanske inte helt oavsiktligt, ett incitament att \u00e4ta mer...<\/li>\n<\/ul>","protected":false},"excerpt":{"rendered":"<p>Ungef\u00e4r som \"spritkryssningsf\u00e4rjorna\", <em>K\u00f6ttb\u00e5ten<\/em> handlar om \u00f6verfl\u00f6d - du sparar inte mycket om du bara \u00e4ter en korv eller tv\u00e5.<\/p>","protected":false},"author":1,"featured_media":335,"parent":62,"menu_order":0,"comment_status":"closed","ping_status":"closed","template":"","meta":{"footnotes":""},"categories":[6],"tags":[],"class_list":["post-207","page","type-page","status-publish","has-post-thumbnail","hentry","category-eating-drinking"],"jetpack_sharing_enabled":true,"_links":{"self":[{"href":"https:\/\/guide.zero-carbon-skane.org\/sv\/wp-json\/wp\/v2\/pages\/207","targetHints":{"allow":["GET"]}}],"collection":[{"href":"https:\/\/guide.zero-carbon-skane.org\/sv\/wp-json\/wp\/v2\/pages"}],"about":[{"href":"https:\/\/guide.zero-carbon-skane.org\/sv\/wp-json\/wp\/v2\/types\/page"}],"author":[{"embeddable":true,"href":"https:\/\/guide.zero-carbon-skane.org\/sv\/wp-json\/wp\/v2\/users\/1"}],"replies":[{"embeddable":true,"href":"https:\/\/guide.zero-carbon-skane.org\/sv\/wp-json\/wp\/v2\/comments?post=207"}],"version-history":[{"count":4,"href":"https:\/\/guide.zero-carbon-skane.org\/sv\/wp-json\/wp\/v2\/pages\/207\/revisions"}],"predecessor-version":[{"id":1001,"href":"https:\/\/guide.zero-carbon-skane.org\/sv\/wp-json\/wp\/v2\/pages\/207\/revisions\/1001"}],"up":[{"embeddable":true,"href":"https:\/\/guide.zero-carbon-skane.org\/sv\/wp-json\/wp\/v2\/pages\/62"}],"wp:featuredmedia":[{"embeddable":true,"href":"https:\/\/guide.zero-carbon-skane.org\/sv\/wp-json\/wp\/v2\/media\/335"}],"wp:attachment":[{"href":"https:\/\/guide.zero-carbon-skane.org\/sv\/wp-json\/wp\/v2\/media?parent=207"}],"wp:term":[{"taxonomy":"category","embeddable":true,"href":"https:\/\/guide.zero-carbon-skane.org\/sv\/wp-json\/wp\/v2\/categories?post=207"},{"taxonomy":"post_tag","embeddable":true,"href":"https:\/\/guide.zero-carbon-skane.org\/sv\/wp-json\/wp\/v2\/tags?post=207"}],"curies":[{"name":"wp","href":"https:\/\/api.w.org\/{rel}","templated":true}]}}