{"id":20,"date":"2022-08-16T10:31:49","date_gmt":"2022-08-16T10:31:49","guid":{"rendered":"https:\/\/guide.zero-carbon-skane.org\/index.php\/southwest-metropolitan-zone\/lund\/klostergarden\/"},"modified":"2023-03-09T12:30:07","modified_gmt":"2023-03-09T12:30:07","slug":"klostergarden","status":"publish","type":"page","link":"https:\/\/guide.zero-carbon-skane.org\/sv\/places\/southwest-metropolitan-zone\/lund\/klostergarden\/","title":{"rendered":"Klosterg\u00e5rden"},"content":{"rendered":"<p>Bel\u00e4get rakt sydv\u00e4st om <a href=\"https:\/\/guide.zero-carbon-skane.org\/sv\/places\/southwest-metropolitan-zone\/lund\/gamla-staden\/\" data-type=\"page\" data-id=\"19\">Lunds <em>historiska delar<\/em> (eller \"gamla stan\")<\/a>, har Klosterg\u00e5rden, som ligger p\u00e5 andra sidan den gamla ringv\u00e4gen, varit ett bostadsomr\u00e5de under n\u00e4stan ett helt sekel.<\/p>\n\n\n\n<p>Kanske \u00e4r det kontraintuitivt att det \u00e4r den bevarade bostadskarakt\u00e4ren som lockar majoriteten av bes\u00f6karna hit, vilka kompenserar i frekvens f\u00f6r vad de saknar i antal: Klosterg\u00e5rden \u00e4r ett exempel p\u00e5 modernistisk stadsplanering fr\u00e5n mitten av 1900-talet, och \u00e4r en mild men skarp nagel i \u00f6gat f\u00f6r kritiker av t\u00e4t stadsplanering. H\u00e4romkring kan man d\u00e4rf\u00f6r ofta se sm\u00e5 grupper av stadsplanerare fr\u00e5n hela Europa - och ibland fr\u00e5n andra delar av v\u00e4rlden - g\u00e5 runt p\u00e5 innerg\u00e5rden, gapande av v\u00f6rdnad och t\u00e5r\u00f6gda.<\/p>\n\n\n\n<p>K\u00e4rnan i kvarteret, en samling best\u00e5ende av \u00e5ttav\u00e5ningshus som ofta (dock felaktigt) antas ha varit en del av det ursprungliga <em>miljonprogammet<\/em> utvecklades i b\u00f6rjan av 1960-talet - och byggdes f\u00f6r att h\u00e5lla! (Det s\u00e4gs att boende som vill g\u00f6ra h\u00e5l i sina v\u00e4ggar f\u00f6r att s\u00e4tta upp hyllor eller liknande m\u00e5ste beg\u00e4ra en specialborr fr\u00e5n vaktm\u00e4starna, eftersom vanliga verktyg helt enkelt inte klarar av betongens densitet). <\/p>\n\n\n\n<p>Men om det \u00e4r en gr\u00e5dassig f\u00f6rort du ser framf\u00f6r dig s\u00e5 kan du inte har mer fel: kvarteren och de, i huvudsak, g\u00e5gator som ligger l\u00e4ngs husen (alla gator har f\u00e5tt namn efter v\u00e4derfenomen) omges av lummiga gr\u00f6nomr\u00e5den, boktr\u00e4d som \u00e4r lika h\u00f6ga som kvarteren sj\u00e4lva, \u00e4ngar med vilda blommor och de allest\u00e4des n\u00e4rvarande lekplatserna d\u00e4r barnen i de lokala familjerna kan leka l\u00e5ngt efter solnedg\u00e5ngen, \u00e5ret runt.<\/p>\n\n\n\n<p>Demografin f\u00f6r\u00e4ndrades n\u00e5got under 2020-talet, d\u00e5 de \u00e4ldre inv\u00e5narna ersattes av unga familjer som lockades av byggandet av en ny lokal station p\u00e5 huvudlinjen, en h\u00e5llplats strax s\u00f6dv\u00e4st om <a href=\"https:\/\/guide.zero-carbon-skane.org\/sv\/places\/southwest-metropolitan-zone\/lund\/\" data-type=\"page\" data-id=\"18\">Lund sj\u00e4lv<\/a>. Men annars \u00e4r Klosterg\u00e5rdens befolkning s\u00e5 stabil att den \u00e4r en statistisk anomali, och dess inv\u00e5nare \u00e4r otroligt f\u00e4sta vid ett samh\u00e4lle som \u00e4r b\u00e5de levande och v\u00e4nligt, men trots sin stadsmilj\u00f6 n\u00e4stan lika tyst som det kloster det \u00e4r uppkallat efter. <\/p>","protected":false},"excerpt":{"rendered":"<p>Kvarterets k\u00e4rna, best\u00e5ende i en samling av \u00e5ttav\u00e5ningshus, byggdes i b\u00f6rjan av 1960-talet - och det byggdes f\u00f6r att h\u00e5lla!<\/p>","protected":false},"author":1,"featured_media":780,"parent":18,"menu_order":0,"comment_status":"closed","ping_status":"closed","template":"","meta":{"footnotes":""},"categories":[],"tags":[],"class_list":["post-20","page","type-page","status-publish","has-post-thumbnail","hentry"],"jetpack_sharing_enabled":true,"_links":{"self":[{"href":"https:\/\/guide.zero-carbon-skane.org\/sv\/wp-json\/wp\/v2\/pages\/20","targetHints":{"allow":["GET"]}}],"collection":[{"href":"https:\/\/guide.zero-carbon-skane.org\/sv\/wp-json\/wp\/v2\/pages"}],"about":[{"href":"https:\/\/guide.zero-carbon-skane.org\/sv\/wp-json\/wp\/v2\/types\/page"}],"author":[{"embeddable":true,"href":"https:\/\/guide.zero-carbon-skane.org\/sv\/wp-json\/wp\/v2\/users\/1"}],"replies":[{"embeddable":true,"href":"https:\/\/guide.zero-carbon-skane.org\/sv\/wp-json\/wp\/v2\/comments?post=20"}],"version-history":[{"count":1,"href":"https:\/\/guide.zero-carbon-skane.org\/sv\/wp-json\/wp\/v2\/pages\/20\/revisions"}],"predecessor-version":[{"id":782,"href":"https:\/\/guide.zero-carbon-skane.org\/sv\/wp-json\/wp\/v2\/pages\/20\/revisions\/782"}],"up":[{"embeddable":true,"href":"https:\/\/guide.zero-carbon-skane.org\/sv\/wp-json\/wp\/v2\/pages\/18"}],"wp:featuredmedia":[{"embeddable":true,"href":"https:\/\/guide.zero-carbon-skane.org\/sv\/wp-json\/wp\/v2\/media\/780"}],"wp:attachment":[{"href":"https:\/\/guide.zero-carbon-skane.org\/sv\/wp-json\/wp\/v2\/media?parent=20"}],"wp:term":[{"taxonomy":"category","embeddable":true,"href":"https:\/\/guide.zero-carbon-skane.org\/sv\/wp-json\/wp\/v2\/categories?post=20"},{"taxonomy":"post_tag","embeddable":true,"href":"https:\/\/guide.zero-carbon-skane.org\/sv\/wp-json\/wp\/v2\/tags?post=20"}],"curies":[{"name":"wp","href":"https:\/\/api.w.org\/{rel}","templated":true}]}}