{"id":196,"date":"2022-09-28T12:52:07","date_gmt":"2022-09-28T12:52:07","guid":{"rendered":"https:\/\/guide.zero-carbon-skane.org\/?page_id=196"},"modified":"2023-04-16T12:39:18","modified_gmt":"2023-04-16T12:39:18","slug":"vallakratraffen-the-petrolheads-redoubt","status":"publish","type":"page","link":"https:\/\/guide.zero-carbon-skane.org\/sv\/activities\/events\/vallakratraffen-the-petrolheads-redoubt\/","title":{"rendered":"Vall\u00e5kratr\u00e4ffen: bilentusiasternas redutt"},"content":{"rendered":"<p>Den andra helgen i augusti varje \u00e5r invaderar en folkmassa den lugna, tysta lilla byn Vall\u00e5kra - ute p\u00e5 vischan mellan <a href=\"https:\/\/guide.zero-carbon-skane.org\/sv\/places\/southwest-metropolitan-zone\/vastkusten\/landskrona\/\" data-type=\"page\" data-id=\"30\">Landskrona<\/a> i s\u00f6der och <a href=\"https:\/\/guide.zero-carbon-skane.org\/sv\/places\/northwest\/helsingborg\/\" data-type=\"page\" data-id=\"62\">Helsingborg<\/a> norr - som v\u00e4snas p\u00e5 mer \u00e4n ett s\u00e4tt! <\/p>\n\n\n\n<p>Infl\u00f6det best\u00e5r av <em><a href=\"https:\/\/guide.zero-carbon-skane.org\/sv\/history\/brummare-the-last-gasp-of-internal-combustion\/\" data-type=\"page\" data-id=\"197\">EPA-f\u00f6rare<\/a><\/em>, och de \u00e4r h\u00e4r f\u00f6r Vall\u00e5kratr\u00e4ffen, en av Skandinaviens st\u00f6rsta tr\u00e4ffar f\u00f6r bilentusiaster, som \u00e4ger rum p\u00e5 landningsbanan i <a href=\"https:\/\/guide.zero-carbon-skane.org\/sv\/places\/northwest\/helsingborg-plus-satellite-towns\/runway-dreams-landskrona-flying-club-at-vallakra\/\" data-type=\"page\" data-id=\"194\">Landskrona flygklubb<\/a>, d\u00e4r evenemanget har h\u00e5llits sedan 1990-talet. Det h\u00e4r \u00e4r en av de sista platserna d\u00e4r man kan se (och h\u00f6ra och lukta) fordon som drivs av fossila br\u00e4nslen i aktion - och allt beror p\u00e5 en kombination av subkulturell envishet, ett gammalt kryph\u00e5l i lagen och en obestridlig grad av hobbybesatthet. Epa-traktornscenen \u00e4r kanske den sista generationen av hotrod-kulturen, och Vall\u00e5kratr\u00e4ffen \u00e4r en av dess heligaste festivaler, som lockar f\u00f6rbr\u00e4nningsentusiaster fr\u00e5n hela v\u00e4rlden, f\u00f6r m\u00e5nga av vilka pilgrimsf\u00e4rden kan vara den enda internationella resa de n\u00e5gonsin kommer att kunna g\u00f6ra.<\/p>\n\n\n\n<p>Vall\u00e5kratr\u00e4ffen \u00e4r ett stolt och trotsigt evenemang som inte passar alla. H\u00f6gljuddheten och f\u00f6roreningarna r\u00e4cker f\u00f6r att avskr\u00e4cka m\u00e5nga m\u00e4nniskor, men de modigare och mer nyfikna b\u00f6r varnas f\u00f6r att man f\u00f6rv\u00e4ntas delta entusiastiskt om man v\u00e4ljer att n\u00e4rvara: gl\u00e5pord och \"turister\" \u00e4r inte v\u00e4lkomna, och det finns mer \u00e4n ett par etnografer som fick reda p\u00e5 detta den h\u00e5rda v\u00e4gen. Rough Planet-teamet har dock n\u00e5gra entusiaster, och du har dem att tacka f\u00f6r denna icke-utt\u00f6mmande lista \u00f6ver de aktiviteter som du sannolikt kommer att st\u00f6ta p\u00e5.<\/p>\n\n\n\n<p><strong>Sveriges hetaste EPA<\/strong><\/p>\n\n\n\n<p><em>EPA-f\u00f6rare<\/em> sk\u00e4ms inte f\u00f6r att beskriva detta som en sk\u00f6nhetst\u00e4vling f\u00f6r modifierade bilar - \u00e4ven om det \u00e4r en sk\u00f6nhetst\u00e4vling med ett f\u00f6rvirrande antal kategorier och kriterier, av vilka m\u00e5nga \u00e4r obegripliga f\u00f6r utomst\u00e5ende. Men det st\u00f6rsta priset av alla, som helt enkelt kallas <em>Den Hetaste!<\/em>, \u00e4r det \u00e4r inte s\u00e5 konstigt med tanke p\u00e5 att priset \u00e4r ett \u00e5rs f\u00f6rbrukning av l\u00e4mpligt br\u00e4nsle f\u00f6r det vinnande fordonet, som tillhandah\u00e5lls av de f\u00f6retag inom kemisk syntes som sponsrar detta och andra A-traktor-evenemang.<\/p>\n\n\n\n<p><strong>EPA-rally<\/strong><\/p>\n\n\n\n<p>Det \u00e4r v\u00e4lk\u00e4nt att m\u00e5nga EPA - kanske till och med majoriteten - kan k\u00f6ra snabbare \u00e4n den lagstadgade 30 km\/h-gr\u00e4nsen. Men de som vill t\u00e4vla i detta lopp h\u00f6r inte till dem: f\u00f6r det f\u00f6rsta g\u00f6r domarna en po\u00e4ng av att kontrollera noggrant - svenska f\u00f6rest\u00e4llningar om \"lika villkor\" str\u00e4cker sig till och med till <em>EPA-f\u00f6rare<\/em>-men det finns ocks\u00e5 en risk att du f\u00f6rlorar ditt k\u00f6rkort och fordon till en av de hemliga inspekt\u00f6rer som har rykte om sig att hems\u00f6ka m\u00f6tesplatsen.<\/p>\n\n\n\n<p>Men tro inte att l\u00e5ga hastigheter leder till ett osp\u00e4nnande race. Tv\u00e4rtom inneb\u00e4r hastighetsgr\u00e4nsen att f\u00f6rarens skicklighet, man\u00f6vreringsf\u00f6rm\u00e5ga och karossens luftmotst\u00e5nd kan g\u00f6ra hela skillnaden...<\/p>\n\n\n\n<p><strong>Bytesmarknaden&nbsp;<\/strong><\/p>\n\n\n\n<p>P\u00e5 bytesmarknaden kan du hitta allt fr\u00e5n gamla retro-motordelar till den senaste 3D-printade tekniken. Det \u00e4r hit m\u00e5nga unga EPA-entusiaster kommer f\u00f6r att k\u00f6pa de delar de beh\u00f6ver f\u00f6r sina projekt, eftersom de inte har r\u00e5d med egna 3D-skrivare (och det \u00e4r str\u00e4ngt f\u00f6rbjudet att skriva ut delar till f\u00f6rbr\u00e4nningsmotorer p\u00e5 de offentliga bibliotekens skrivare).&nbsp;<\/p>\n\n\n\n<p><strong>EPA i limbo<\/strong><\/p>\n\n\n\n<p>Hur l\u00e5gt kan du - eller snarare din A-traktor - g\u00e5? Om du \u00e4r en lowrider-entusiast \u00e4r det h\u00e4r evenemanget f\u00f6r dig: en chans att se de vildaste och konstigaste modifikationerna fr\u00e5n subkulturen f\u00f6r anpassad h\u00e5llning. L\u00e4gsta EPA vinner!<\/p>\n\n\n\n<p><strong>Milit\u00e4rfordonsparaden<\/strong><\/p>\n\n\n\n<p>En \u00e5terkommande h\u00e4ndelse p\u00e5 Vall\u00e5kratr\u00e4ffen \u00e4r Milit\u00e4rfordonsparaden, d\u00e4r den svenska f\u00f6rsvarsmakten visar upp sina mest kraftfulla fordon, s\u00e5v\u00e4l landbaserade som luftburna. En SAAB JAS 39 Gripen fr\u00e5n 1990-talet \u00e4r en av de mest halsbrytande (och \u00f6ronbed\u00f6vande) attraktionerna under paraden, men det finns m\u00e5nga fler. <\/p>\n\n\n\n<p>Man kan gissa att milit\u00e4ren deltar i paraden (och i tr\u00e4ffen i stort) som en rekryteringsm\u00f6jlighet, vilket \u00e4r en av de aktiviteter som vissa klimataktivister har kallat \"camo-washing\". Det finns ih\u00e4rdiga rykten om att milit\u00e4ren inte bara erbjuder karri\u00e4rr\u00e5dgivning utan \u00e4ven tips f\u00f6r medborgare som \u00e4r intresserade av CDV-h\u00e5let, ett annat s\u00e4tt att h\u00e5lla fossilbr\u00e4nsledrivna fordon i laglig drift. <\/p>\n\n\n\n<p>Det finns gott om andra rekryteringskontor i n\u00e4rheten om du \u00e4r genuint intresserad, och p\u00e5 de flesta av dem beh\u00f6ver du inte skrika \u00f6ver det \u00f6ronbed\u00f6vande d\u00e5net fr\u00e5n flera hundra motorer.<\/p>\n\n\n\n<p><strong>Matscenen<\/strong><\/p>\n\n\n\n<p>Tanka upp vid matst\u00e5nden! <em>EPA-f\u00f6rare<\/em> brukar \u00e4lska k\u00f6tt och grillat, s\u00e5 m\u00e5nga av r\u00e4tterna \u00e4r s\u00e5 k\u00f6ttiga som n\u00e5got v\u00e4xtbaserat kan vara: hamburgare, <em>korv<\/em> och kebab \u00e4r popul\u00e4ra former. De l\u00e4ngsta k\u00f6erna \u00e4r alltid p\u00e5 MotorMat, d\u00e4r de grillar din seitan-biff direkt p\u00e5 motorn i en EPA - men ett varningens ord, detta kommer att kosta dig, b\u00e5de i pengar och koldioxidkrediter. Alternativ med riktigt k\u00f6tt finns naturligtvis, men de \u00e4r inte billiga - och vi rekommenderar starkt att du inte l\u00e5ter dig frestas av olicensierade och olagliga cateringf\u00f6retag, eftersom det kan sluta med dryga b\u00f6ter och matf\u00f6rgiftning. <\/p>\n\n\n\n<p>(B\u00e4ttre att spara dina surt f\u00f6rv\u00e4rvade kronor och l\u00e4gga dem p\u00e5 en segling med Skattefri K\u00f6ttb\u00e5t fr\u00e5n Helsingborg; de erbjuder en 20%-rabatt till alla med ett Vall\u00e5kratr\u00e4ffen-armband).<\/p>\n\n\n\n<p><strong>Boende<\/strong><\/p>\n\n\n\n<p>Vall\u00e5kra camping \u00e4r en utst\u00e4llning i sig. H\u00e4r samlas EPA:s i alla former och storlekar, eftersom de flesta bilister parkerar och campar vid de lokala fotbollsplanerna, som den lokala klubben hyr ut \u00f6ver helgen som ett s\u00e4tt att t\u00e4cka sin \u00e5rliga transferbudget. Det \u00e4r h\u00e4r festen \u00e4r! En del <em>EPA-f\u00f6rare<\/em> l\u00e4mnar till och med sitt fordon h\u00e4r och g\u00f6r en \"walk of shame\" genom byn till tr\u00e4ffen... vilket \u00e4r klart ocoolt enligt subkulturella standarder, men f\u00f6rmodligen mer coolt \u00e4n att f\u00f6rlora k\u00f6rkortet till f\u00f6ljd av en alkotest.<\/p>","protected":false},"excerpt":{"rendered":"<p>On the second weekend of every August, the calm, quiet little village of Vall\u00e5kra&#8212;out in the sticks between Landskrona to the south and Helsingborg to the north&#8212;is invaded by a crowd that roars in more than one way! The influx are brummare, and they&#8217;re here for Vall\u00e5kratr\u00e4ffen, one of Scandinavia&#8217;s biggest meetups for car enthusiasts, [&hellip;]<\/p>\n","protected":false},"author":1,"featured_media":1136,"parent":99,"menu_order":0,"comment_status":"closed","ping_status":"closed","template":"","meta":{"footnotes":""},"categories":[],"tags":[],"class_list":["post-196","page","type-page","status-publish","has-post-thumbnail","hentry"],"jetpack_sharing_enabled":true,"_links":{"self":[{"href":"https:\/\/guide.zero-carbon-skane.org\/sv\/wp-json\/wp\/v2\/pages\/196","targetHints":{"allow":["GET"]}}],"collection":[{"href":"https:\/\/guide.zero-carbon-skane.org\/sv\/wp-json\/wp\/v2\/pages"}],"about":[{"href":"https:\/\/guide.zero-carbon-skane.org\/sv\/wp-json\/wp\/v2\/types\/page"}],"author":[{"embeddable":true,"href":"https:\/\/guide.zero-carbon-skane.org\/sv\/wp-json\/wp\/v2\/users\/1"}],"replies":[{"embeddable":true,"href":"https:\/\/guide.zero-carbon-skane.org\/sv\/wp-json\/wp\/v2\/comments?post=196"}],"version-history":[{"count":6,"href":"https:\/\/guide.zero-carbon-skane.org\/sv\/wp-json\/wp\/v2\/pages\/196\/revisions"}],"predecessor-version":[{"id":1138,"href":"https:\/\/guide.zero-carbon-skane.org\/sv\/wp-json\/wp\/v2\/pages\/196\/revisions\/1138"}],"up":[{"embeddable":true,"href":"https:\/\/guide.zero-carbon-skane.org\/sv\/wp-json\/wp\/v2\/pages\/99"}],"wp:featuredmedia":[{"embeddable":true,"href":"https:\/\/guide.zero-carbon-skane.org\/sv\/wp-json\/wp\/v2\/media\/1136"}],"wp:attachment":[{"href":"https:\/\/guide.zero-carbon-skane.org\/sv\/wp-json\/wp\/v2\/media?parent=196"}],"wp:term":[{"taxonomy":"category","embeddable":true,"href":"https:\/\/guide.zero-carbon-skane.org\/sv\/wp-json\/wp\/v2\/categories?post=196"},{"taxonomy":"post_tag","embeddable":true,"href":"https:\/\/guide.zero-carbon-skane.org\/sv\/wp-json\/wp\/v2\/tags?post=196"}],"curies":[{"name":"wp","href":"https:\/\/api.w.org\/{rel}","templated":true}]}}