{"id":191,"date":"2022-09-27T10:38:25","date_gmt":"2022-09-27T10:38:25","guid":{"rendered":"https:\/\/guide.zero-carbon-skane.org\/?page_id=191"},"modified":"2023-03-23T13:45:57","modified_gmt":"2023-03-23T13:45:57","slug":"fordragsstugan-the-ahus-treaty","status":"publish","type":"page","link":"https:\/\/guide.zero-carbon-skane.org\/sv\/places\/northeast-the-lakelands\/ahus\/fordragsstugan-the-ahus-treaty\/","title":{"rendered":"F\u00f6rdragsstugan: \u00c5husf\u00f6rdraget"},"content":{"rendered":"<p>Energi har varit k\u00e4rnan i m\u00e4nniskans existens sedan civilisationens begynnelse. Oftast har den dock varit osynlig f\u00f6r de flesta av oss. Samtidigt som Sk\u00e5ne har haft sin egen geografi och kultur formad av energiproduktion, har den ocks\u00e5 spelat en viktig roll p\u00e5 den internationella scenen. Detta \u00e4r historien om \u00c5husf\u00f6rdraget.&nbsp;<\/p>\n\n\n\n<p>Minns 2020-talet: krig rasar i Ukraina och Sydkinesiska havet, de globala marknaderna f\u00f6r fossila br\u00e4nslen stoppas ofta i ett geopolitiskt schackspel, europeiska stater k\u00e4mpar f\u00f6r att v\u00e4rma upp och driva p\u00e5 sina l\u00e4nder eftersom gasen de \u00e4r beroende av har blivit knapp och dyr. Populistiska r\u00f6relser skyller den dyra bensinen p\u00e5 klimatpolitiken; samtidigt som utsl\u00e4ppen m\u00e5ste minska kraftigt tar politikerna tillbaka f\u00f6rbuden mot kol och s\u00e4nker skatterna p\u00e5 bensin samtidigt som de \u00f6kar handeln med petro-stater som inte \u00e4r ryska och kinesiska. Den europeiska energin befinner sig i en sv\u00e5r situation. I ren desperation skickades energiministrarna fr\u00e5n l\u00e4nderna runt \u00d6stersj\u00f6n till en stuga utanf\u00f6r <a href=\"https:\/\/guide.zero-carbon-skane.org\/sv\/places\/northeast-the-lakelands\/ahus\/\" data-type=\"page\" data-id=\"60\">\u00c5hus<\/a> med ett ultimatum: de kunde inte l\u00e4mna f\u00f6rr\u00e4n de hade utarbetat ett avtal som garanterar energitrygghet, r\u00e4ttvisa och minskade utsl\u00e4pp.\u00a0<\/p>\n\n\n\n<p>Exakt vad som h\u00e4nde i den d\u00e4r stugan kommer vi aldrig att f\u00e5 veta (det har l\u00e4nge sagts att medhj\u00e4lpare skickades till det n\u00e4rliggande Absolut Vodka-destilleriet mitt i natten... men det b\u00f6r noteras att f\u00f6retaget vid den tiden var angel\u00e4get om att marknadsf\u00f6ra sin sockerfria och utsl\u00e4ppsfria produkt Vodka Zero). Inneh\u00e5llet i \u00c5husf\u00f6rdraget har dock format Sk\u00e5ne och \u00d6stersj\u00f6regionen som vi k\u00e4nner den.\u00a0<\/p>\n\n\n\n<p>Det omfattade tre huvudomr\u00e5den: minskad anv\u00e4ndning, distribuerad f\u00f6rs\u00f6rjning och \u00f6kad produktion. F\u00f6r det f\u00f6rsta \u00e5tog sig l\u00e4nderna att snabbt minska elanv\u00e4ndningen och att minska icke n\u00f6dv\u00e4ndig konsumtion genom elkvoter f\u00f6r hush\u00e5ll och f\u00f6retag. Detta var helt klart f\u00f6rdragets mest kontroversiella f\u00f6rslag - varje begr\u00e4nsning av energianv\u00e4ndningen beskrevs som ett socialistiskt intr\u00e5ng i det fria samh\u00e4llets principer. M\u00e5nga kommuner hade dock utsatts f\u00f6r allt st\u00f6rre p\u00e5tryckningar att minska energianv\u00e4ndningen tack vare <a href=\"https:\/\/guide.zero-carbon-skane.org\/sv\/history\/lundagard-the-cradle-of-homo-collossus\/\" data-type=\"page\" data-id=\"290\">Homo Colossus-r\u00f6relsen<\/a>, vilket gjorde detta f\u00f6rslag till en politisk m\u00f6jlighet. Men samma r\u00f6relse skulle sedan kritisera f\u00f6rdraget f\u00f6r att begr\u00e4nsa kvoterna till elektricitet och d\u00e4rmed till\u00e5ta stater att forts\u00e4tta importera energiintensiva varor fr\u00e5n utlandet.\u00a0<\/p>\n\n\n\n<p>F\u00e5 gillade kvotsystemet. I b\u00f6rjan av m\u00e5naden anv\u00e4nde m\u00e5nga hush\u00e5ll sin budget f\u00f6r att sedan drabbas av f\u00f6rlamande kyla som tvingade dem att tillbringa sin fritid p\u00e5 det lokala biblioteket. De som hade tillg\u00e5ng till en vedeldad spis kunde ses k\u00f6pa ved i stora partier eller, i vissa fall, illegalt hugga ner tr\u00e4d under natten. Systemet hade dock en markant inverkan p\u00e5 elanv\u00e4ndningen. Uppv\u00e4rmda simbass\u00e4nger f\u00f6rsvann n\u00e4stan helt, termostater s\u00e4nktes eller st\u00e4ngdes av, fastighets\u00e4gare investerade kraftigt i isolering och ventilationssystem, tr\u00e4d planterades strategiskt f\u00f6r att s\u00e4nka temperaturen p\u00e5 sommaren och skydda mot den kyliga vinden p\u00e5 vintern. P\u00e5 ett smart s\u00e4tt stimulerade systemet elanv\u00e4ndning under l\u00e5gtrafik genom att erbjuda kvotrabatter, vilket ledde till att m\u00e5nga industrier \u00f6vergick till nattliga produktionsscheman f\u00f6r att s\u00e4nka kostnaderna. Tv\u00e4ttmaskiner, robotdammsugare och elbilsladdare programmerades p\u00e5 samma s\u00e4tt f\u00f6r att k\u00f6ras n\u00e4r elf\u00f6rbrukningen var som l\u00e4gst.&nbsp;<\/p>\n\n\n\n<p>I f\u00f6rdraget f\u00f6reskrevs ocks\u00e5 att l\u00e4nderna skulle stimulera energikommuner: oberoende kooperativ som bildats med det enda syftet att producera f\u00f6rnybar energi f\u00f6r samh\u00e4llet. Detta skulle \u00f6ka den lokala energiproduktionen, s\u00e4nka r\u00e4kningarna f\u00f6r deltagande hus\u00e4gare (en mycket h\u00f6gljudd och m\u00e4ktig grupp i energidebatten) och, som f\u00f6respr\u00e5karna h\u00e4vdade, \u00f6ka den sociala sammanh\u00e5llningen. Det \u00e4r tack vare detta mandat som Sk\u00e5ne \u00e4r s\u00e5 v\u00e4l f\u00f6rsett med energikommuner, av vilka <a href=\"https:\/\/guide.zero-carbon-skane.org\/sv\/places\/southeast-the-slow-coast\/simrishamn\/energised-communities-simris-and-the-microgrid-solidarity-project\/\" data-type=\"page\" data-id=\"348\">byn Simris utan tvekan var den f\u00f6rsta<\/a>.<\/p>\n\n\n\n<p>Slutligen f\u00f6reskrev f\u00f6rdraget att tillst\u00e5ndsprocesserna m\u00e5ste f\u00f6renklas. I praktiken innebar detta att kommunerna och det civila samh\u00e4llet skulle ha mindre att s\u00e4ga till om n\u00e4r det g\u00e4llde utbyggnaden av vindkraft, solenergi och k\u00e4rnkraft. Detta p\u00e5skyndade kraftigt utbyggnaden av <a href=\"https:\/\/guide.zero-carbon-skane.org\/sv\/places\/northwest\/highway-e6\/skanes-crown-joules-the-e6-and-the-enroads-project\/\" data-type=\"page\" data-id=\"225\">energiproduktion i Sk\u00e5ne<\/a>, som p\u00e5 andra h\u00e5ll, men till\u00e4t ocks\u00e5 en del ganska kontroversiella projekt, t.ex. <a href=\"https:\/\/guide.zero-carbon-skane.org\/sv\/places\/southwest-metropolitan-zone\/vastkusten\/kavlinge\/barseback\/\" data-type=\"page\" data-id=\"31\">den \u00f6k\u00e4nda k\u00e4rnkraftsanl\u00e4ggningen B\u00e4rsebeck<\/a>.\u00a0<\/p>\n\n\n\n<p>Om du bes\u00f6ker \u00c5hus idag \u00e4r det enda uppenbara tecknet p\u00e5 dess betydelse f\u00f6r energipolitiken skylten utanf\u00f6r den lilla stugan, som nu \u00e4r privat\u00e4gd. Men den spelade en avg\u00f6rande roll f\u00f6r att belysa det som brukade vara osynligt: den energi som driver v\u00e5ra liv.<\/p>","protected":false},"excerpt":{"rendered":"<p>Energiministrarna fr\u00e5n l\u00e4nderna runt \u00d6stersj\u00f6n skickades till en stuga utanf\u00f6r \u00c5hus med ett ultimatum: de kunde inte \u00e5ka f\u00f6rr\u00e4n de hade utarbetat ett avtal som garanterar energis\u00e4kerhet, r\u00e4ttvisa och minskade utsl\u00e4pp.\u00a0<\/p>","protected":false},"author":1,"featured_media":929,"parent":60,"menu_order":0,"comment_status":"closed","ping_status":"closed","template":"","meta":{"footnotes":""},"categories":[],"tags":[],"class_list":["post-191","page","type-page","status-publish","has-post-thumbnail","hentry"],"jetpack_sharing_enabled":true,"_links":{"self":[{"href":"https:\/\/guide.zero-carbon-skane.org\/sv\/wp-json\/wp\/v2\/pages\/191","targetHints":{"allow":["GET"]}}],"collection":[{"href":"https:\/\/guide.zero-carbon-skane.org\/sv\/wp-json\/wp\/v2\/pages"}],"about":[{"href":"https:\/\/guide.zero-carbon-skane.org\/sv\/wp-json\/wp\/v2\/types\/page"}],"author":[{"embeddable":true,"href":"https:\/\/guide.zero-carbon-skane.org\/sv\/wp-json\/wp\/v2\/users\/1"}],"replies":[{"embeddable":true,"href":"https:\/\/guide.zero-carbon-skane.org\/sv\/wp-json\/wp\/v2\/comments?post=191"}],"version-history":[{"count":2,"href":"https:\/\/guide.zero-carbon-skane.org\/sv\/wp-json\/wp\/v2\/pages\/191\/revisions"}],"predecessor-version":[{"id":930,"href":"https:\/\/guide.zero-carbon-skane.org\/sv\/wp-json\/wp\/v2\/pages\/191\/revisions\/930"}],"up":[{"embeddable":true,"href":"https:\/\/guide.zero-carbon-skane.org\/sv\/wp-json\/wp\/v2\/pages\/60"}],"wp:featuredmedia":[{"embeddable":true,"href":"https:\/\/guide.zero-carbon-skane.org\/sv\/wp-json\/wp\/v2\/media\/929"}],"wp:attachment":[{"href":"https:\/\/guide.zero-carbon-skane.org\/sv\/wp-json\/wp\/v2\/media?parent=191"}],"wp:term":[{"taxonomy":"category","embeddable":true,"href":"https:\/\/guide.zero-carbon-skane.org\/sv\/wp-json\/wp\/v2\/categories?post=191"},{"taxonomy":"post_tag","embeddable":true,"href":"https:\/\/guide.zero-carbon-skane.org\/sv\/wp-json\/wp\/v2\/tags?post=191"}],"curies":[{"name":"wp","href":"https:\/\/api.w.org\/{rel}","templated":true}]}}