{"id":19,"date":"2022-08-16T10:31:48","date_gmt":"2022-08-16T10:31:48","guid":{"rendered":"https:\/\/guide.zero-carbon-skane.org\/index.php\/southwest-metropolitan-zone\/lund\/gamla-staden\/"},"modified":"2023-03-13T09:42:40","modified_gmt":"2023-03-13T09:42:40","slug":"gamla-staden","status":"publish","type":"page","link":"https:\/\/guide.zero-carbon-skane.org\/sv\/places\/southwest-metropolitan-zone\/lund\/gamla-staden\/","title":{"rendered":"Gamla staden (Lund)"},"content":{"rendered":"<p><a href=\"https:\/\/guide.zero-carbon-skane.org\/sv\/places\/southwest-metropolitan-zone\/lund\/\" data-type=\"page\" data-id=\"18\">Staden Lund<\/a> grundades \u00e5r 990. \u00c4ven om det \u00e4r sv\u00e5rt att hitta n\u00e5got fr\u00e5n den tiden som fortfarande st\u00e5r kvar*, \u00e4r den \"gamla stan\" i stadens hj\u00e4rta - d\u00e4r b\u00e5de det ursprungliga campusomr\u00e5det f\u00f6r <a href=\"https:\/\/guide.zero-carbon-skane.org\/sv\/places\/southwest-metropolitan-zone\/lund\/lund-university\/\" data-type=\"page\" data-id=\"292\">Lunds universitet<\/a> och den m\u00e4ktiga Domkyrkan - har fortfarande massor av fotogenisk historisk charm. Om du fr\u00e5gar oss \u00e4r en eftermiddag best\u00e5ende av planl\u00f6st strosande en v\u00e4l spenderad eftermiddag: fr\u00e5n barocka gamla universitetsbyggnader till superfina sm\u00e5 hus som ligger undang\u00f6mda l\u00e4ngs slingrande sm\u00e5 kullerstensgator, fr\u00e5n st\u00e5tliga parker och nygotiska hotell till shoppingdistrikt fr\u00e5n mitten av 1900-talet, s\u00e5 kan centrala Lund k\u00e4nnas lite som om n\u00e5gon kastade de senaste tv\u00e5 \u00e5rhundradena av svensk arkitektur i en stor kastrull och r\u00f6rde om.<\/p>\n\n\n\n<p>Du f\u00e5r inte missa <a href=\"https:\/\/guide.zero-carbon-skane.org\/sv\/places\/southwest-metropolitan-zone\/lund\/lund-university\/\" data-type=\"page\" data-id=\"292\">det gamla universitetsomr\u00e5det<\/a>-och det menar vi bokstavligen, eftersom det t\u00e4cker en betydande del av gamla stan, s\u00e5 det \u00e4r lika bra att njuta av det. Om <em><a href=\"https:\/\/guide.zero-carbon-skane.org\/sv\/places\/southwest-metropolitan-zone\/lund\/lund-university\/from-taxonomy-to-preservation-lunds-botaniska-tradgarden\/\" data-type=\"page\" data-id=\"299\">Botan<\/a><\/em> \u00e4r f\u00f6r full av pratglada studenter (eller om det helt enkelt \u00e4r f\u00f6r varmt f\u00f6r att vara ute) kanske du vill bes\u00f6ka n\u00e5got av de m\u00e5nga museerna ist\u00e4llet: <a href=\"https:\/\/guide.zero-carbon-skane.org\/sv\/places\/southwest-metropolitan-zone\/lund\/gamla-staden\/mental-time-travel-lunds-museum-of-lost-sensations\/\" data-type=\"page\" data-id=\"429\">Museet f\u00f6r f\u00f6rlorade sensationer<\/a> \u00e4r v\u00e5rt insidertips p\u00e5 den fronten.<\/p>\n\n\n\n<p>Som man kan f\u00f6rv\u00e4nta sig finns det gott om st\u00e4llen att \u00e4ta och dricka p\u00e5, f\u00f6r n\u00e4stan allas pl\u00e5nb\u00f6cker. F\u00f6r dem som f\u00f6rs\u00f6ker h\u00e5lla i sina st\u00e5lar \u00e4r det b\u00e4sta s\u00e4ttet att hitta n\u00e5got gott och billigt oftast att f\u00f6lja efter studentmassorna vid lunchtid, men det inneb\u00e4r att du kommer att st\u00e5 i en l\u00e5ng k\u00f6! (Bes\u00f6kare fr\u00e5n det forna Storbritannien kan tycka att detta \u00e4r ganska betryggande; kanske inte de fr\u00e5n s\u00f6dra Europa).<\/p>\n\n\n\n<p>H\u00e4rifr\u00e5n \u00e4r resten av staden upp till bevis! En kort promenad tar fans av 20-talets modernistiska urbanism till den fridfulla egendomen <a href=\"https:\/\/guide.zero-carbon-skane.org\/sv\/places\/southwest-metropolitan-zone\/lund\/klostergarden\/\" data-type=\"page\" data-id=\"20\">Klosterg\u00e5rden<\/a>; tio minuter p\u00e5 cykeln (eller sp\u00e5rvagnen) tar dig till <a href=\"https:\/\/guide.zero-carbon-skane.org\/sv\/places\/southwest-metropolitan-zone\/lund\/ostra-torn\/\" data-type=\"page\" data-id=\"21\">det bokliga bohemet i \u00d6stra Torn<\/a> eller de h\u00f6gteknologiska tornen i <a href=\"https:\/\/guide.zero-carbon-skane.org\/sv\/places\/southwest-metropolitan-zone\/lund\/brunnshog-science-village\/\" data-type=\"page\" data-id=\"22\">Brunnsh\u00f6g<\/a>. Och om du till slut tr\u00f6ttnar p\u00e5 all denna urbanitet, kanske du ska ta dig ut p\u00e5 <a href=\"https:\/\/guide.zero-carbon-skane.org\/sv\/places\/southwest-metropolitan-zone\/lund\/dalby-plus-eastern-villages\/\" data-type=\"page\" data-id=\"23\">byarna p\u00e5 den \u00f6stra sl\u00e4tten<\/a>, d\u00e4r skogar och \u00e5krar v\u00e4ntar?<\/p>\n\n\n\n<hr class=\"wp-block-separator has-alpha-channel-opacity\"\/>\n\n\n\n<p><small>* Det finns <em>faktiskt<\/em> en del \u00e4ldre arkitektoniska m\u00e4rkligheter att se som finns bevarade och rekonstruerade av friluftsmuseet Kulturen, som \u00e4r det n\u00e4rmaste en tidsmaskin som finns i staden just nu. Du m\u00e5ste boka tidigt f\u00f6r att f\u00e5 en biljett, men <em>midsommar<\/em> festligheterna h\u00e4r \u00e4r en riktig upplevelse! Vissa historiker vill g\u00e4rna p\u00e5peka att deras \"\u00e4kthet\" \u00e4r h\u00f6gst diskutabel... men n\u00e4r du dansar runt i solskenet till tonerna av <em>\"De sm\u00e5 grodorna\"<\/em> med horder av fnittrande barn, tvivlar vi p\u00e5 att du kommer att bry dig s\u00e4rskilt mycket om historisk korrekthet. S\u00e4rskilt om du har unnat dig n\u00e5gra <em>snaps<\/em>&#8230;<\/small><\/p>","protected":false},"excerpt":{"rendered":"<p>Centrala Lund kan k\u00e4nnas lite som om n\u00e5gon sl\u00e4ngt de senaste tv\u00e5 \u00e5rhundradena av svensk arkitektur i en stor kastrull och r\u00f6rt om lite.<\/p>","protected":false},"author":1,"featured_media":786,"parent":18,"menu_order":0,"comment_status":"closed","ping_status":"closed","template":"","meta":{"footnotes":""},"categories":[],"tags":[],"class_list":["post-19","page","type-page","status-publish","has-post-thumbnail","hentry"],"jetpack_sharing_enabled":true,"_links":{"self":[{"href":"https:\/\/guide.zero-carbon-skane.org\/sv\/wp-json\/wp\/v2\/pages\/19","targetHints":{"allow":["GET"]}}],"collection":[{"href":"https:\/\/guide.zero-carbon-skane.org\/sv\/wp-json\/wp\/v2\/pages"}],"about":[{"href":"https:\/\/guide.zero-carbon-skane.org\/sv\/wp-json\/wp\/v2\/types\/page"}],"author":[{"embeddable":true,"href":"https:\/\/guide.zero-carbon-skane.org\/sv\/wp-json\/wp\/v2\/users\/1"}],"replies":[{"embeddable":true,"href":"https:\/\/guide.zero-carbon-skane.org\/sv\/wp-json\/wp\/v2\/comments?post=19"}],"version-history":[{"count":1,"href":"https:\/\/guide.zero-carbon-skane.org\/sv\/wp-json\/wp\/v2\/pages\/19\/revisions"}],"predecessor-version":[{"id":788,"href":"https:\/\/guide.zero-carbon-skane.org\/sv\/wp-json\/wp\/v2\/pages\/19\/revisions\/788"}],"up":[{"embeddable":true,"href":"https:\/\/guide.zero-carbon-skane.org\/sv\/wp-json\/wp\/v2\/pages\/18"}],"wp:featuredmedia":[{"embeddable":true,"href":"https:\/\/guide.zero-carbon-skane.org\/sv\/wp-json\/wp\/v2\/media\/786"}],"wp:attachment":[{"href":"https:\/\/guide.zero-carbon-skane.org\/sv\/wp-json\/wp\/v2\/media?parent=19"}],"wp:term":[{"taxonomy":"category","embeddable":true,"href":"https:\/\/guide.zero-carbon-skane.org\/sv\/wp-json\/wp\/v2\/categories?post=19"},{"taxonomy":"post_tag","embeddable":true,"href":"https:\/\/guide.zero-carbon-skane.org\/sv\/wp-json\/wp\/v2\/tags?post=19"}],"curies":[{"name":"wp","href":"https:\/\/api.w.org\/{rel}","templated":true}]}}