{"id":189,"date":"2022-09-27T10:20:02","date_gmt":"2022-09-27T10:20:02","guid":{"rendered":"https:\/\/guide.zero-carbon-skane.org\/?page_id=189"},"modified":"2023-03-23T14:48:28","modified_gmt":"2023-03-23T14:48:28","slug":"history","status":"publish","type":"page","link":"https:\/\/guide.zero-carbon-skane.org\/sv\/history\/","title":{"rendered":"Historia"},"content":{"rendered":"<p>Det h\u00e4r \u00e4r en guide till Sk\u00e5ne f\u00f6r nykomlingar fr\u00e5n alla m\u00f6jliga platser, som kommer av alla m\u00f6jliga olika sk\u00e4l, oavsett om de \u00e4r pragmatiska eller njutbara eller en blandning av de tv\u00e5. D\u00e4rf\u00f6r har vi f\u00f6rs\u00f6kt att fokusera p\u00e5 att ge dig information som du kan anv\u00e4nda, fakta som g\u00f6r att du kan r\u00e4kna ut vart du vill \u00e5ka. Vi f\u00f6rs\u00f6ker definitivt inte f\u00f6rs\u00e4tta historiker i arbetsl\u00f6shet! <\/p>\n\n\n\n<p>Med det sagt, ja... det finns definitivt <em>n\u00e5gra<\/em> historiska guldkorn blandat med det material vi har tillhandah\u00e5llit. (Problemet med f\u00f6rfattare, f\u00f6rst\u00e5r du, \u00e4r att de i grund och botten \u00e4r m\u00e4nniskor som har hittat ett s\u00e4tt att tj\u00e4na pengar p\u00e5 sin vilja att f\u00f6rmedla saker de har l\u00e4rt sig f\u00f6r andra). <\/p>\n\n\n\n<p>Det finns ocks\u00e5 en handfull artiklar i denna guide (listade nedan) som - \u00e4ven om vi hoppas att de har ett praktiskt v\u00e4rde! - \u00e4r i stort sett helt inriktade p\u00e5 Sk\u00e5nes senare historia .... som, enligt v\u00e5r \u00f6dmjuka \u00e5sikt, inte \u00e4r s\u00e5 v\u00e4l t\u00e4ckt av historieforskarna (som visserligen har m\u00e5nga \u00e5rhundraden att t\u00e4cka, och ocks\u00e5 mycket v\u00e4l vet att saker om vikingar tenderar att s\u00e4lja b\u00e4st).<\/p>\n\n\n\n<div class=\"wp-block-group has-global-padding is-layout-constrained wp-container-core-group-is-layout-23b1a4dc wp-block-group-is-layout-constrained\" style=\"border-width:1px;border-radius:5px;padding-top:var(--wp--preset--spacing--30);padding-right:var(--wp--preset--spacing--30);padding-bottom:var(--wp--preset--spacing--30);padding-left:var(--wp--preset--spacing--30)\">\n<h4 class=\"has-text-align-center wp-block-heading\">Vill du veta mer?<\/h4>\n\n\n<div class=\"wp-block-oik-sb-children\"><ul class=\"wp-block-oik-sb-children\"><li class=\"page_item page-item-197\"><a href=\"https:\/\/guide.zero-carbon-skane.org\/sv\/history\/brummare-the-last-gasp-of-internal-combustion\/\">Epa-f\u00f6rare: den sista gasen av f\u00f6rbr\u00e4nning?<\/a><\/li>\n<li class=\"page_item page-item-290\"><a href=\"https:\/\/guide.zero-carbon-skane.org\/sv\/history\/lundagard-the-cradle-of-homo-collossus\/\">Lundag\u00e5rd: vaggan f\u00f6r Homo Collossus<\/a><\/li>\n<li class=\"page_item page-item-322\"><a href=\"https:\/\/guide.zero-carbon-skane.org\/sv\/history\/noll-poang-swedens-visions-zero\/\">Noll po\u00e4ng? Sveriges Noll vision(er)<\/a><\/li>\n<li class=\"page_item page-item-410\"><a href=\"https:\/\/guide.zero-carbon-skane.org\/sv\/history\/soil-not-oil-skanes-black-plains\/\">Jord, inte olja: Sk\u00e5nes \"svarta sl\u00e4tter\"<\/a><\/li>\n<\/ul><\/div><\/div>","protected":false},"excerpt":{"rendered":"<p>Vi har f\u00f6rs\u00f6kt att fokusera p\u00e5 att ge dig information som du kan anv\u00e4nda, fakta som g\u00f6r att du kan ta reda p\u00e5 vart du vill \u00e5ka. Vi f\u00f6rs\u00f6ker definitivt inte f\u00e5 historiker att g\u00e5 i konkurs! <\/p>","protected":false},"author":1,"featured_media":938,"parent":0,"menu_order":0,"comment_status":"closed","ping_status":"closed","template":"","meta":{"footnotes":""},"categories":[],"tags":[],"class_list":["post-189","page","type-page","status-publish","has-post-thumbnail","hentry"],"jetpack_sharing_enabled":true,"_links":{"self":[{"href":"https:\/\/guide.zero-carbon-skane.org\/sv\/wp-json\/wp\/v2\/pages\/189","targetHints":{"allow":["GET"]}}],"collection":[{"href":"https:\/\/guide.zero-carbon-skane.org\/sv\/wp-json\/wp\/v2\/pages"}],"about":[{"href":"https:\/\/guide.zero-carbon-skane.org\/sv\/wp-json\/wp\/v2\/types\/page"}],"author":[{"embeddable":true,"href":"https:\/\/guide.zero-carbon-skane.org\/sv\/wp-json\/wp\/v2\/users\/1"}],"replies":[{"embeddable":true,"href":"https:\/\/guide.zero-carbon-skane.org\/sv\/wp-json\/wp\/v2\/comments?post=189"}],"version-history":[{"count":2,"href":"https:\/\/guide.zero-carbon-skane.org\/sv\/wp-json\/wp\/v2\/pages\/189\/revisions"}],"predecessor-version":[{"id":940,"href":"https:\/\/guide.zero-carbon-skane.org\/sv\/wp-json\/wp\/v2\/pages\/189\/revisions\/940"}],"wp:featuredmedia":[{"embeddable":true,"href":"https:\/\/guide.zero-carbon-skane.org\/sv\/wp-json\/wp\/v2\/media\/938"}],"wp:attachment":[{"href":"https:\/\/guide.zero-carbon-skane.org\/sv\/wp-json\/wp\/v2\/media?parent=189"}],"wp:term":[{"taxonomy":"category","embeddable":true,"href":"https:\/\/guide.zero-carbon-skane.org\/sv\/wp-json\/wp\/v2\/categories?post=189"},{"taxonomy":"post_tag","embeddable":true,"href":"https:\/\/guide.zero-carbon-skane.org\/sv\/wp-json\/wp\/v2\/tags?post=189"}],"curies":[{"name":"wp","href":"https:\/\/api.w.org\/{rel}","templated":true}]}}