{"id":185,"date":"2022-09-27T10:16:22","date_gmt":"2022-09-27T10:16:22","guid":{"rendered":"https:\/\/guide.zero-carbon-skane.org\/?page_id=185"},"modified":"2023-03-24T15:15:44","modified_gmt":"2023-03-24T15:15:44","slug":"end-of-the-road-the-e22-gravestone","status":"publish","type":"page","link":"https:\/\/guide.zero-carbon-skane.org\/sv\/places\/southwest-metropolitan-zone\/lund\/brunnshog-science-village\/end-of-the-road-the-e22-gravestone\/","title":{"rendered":"Vid v\u00e4gens \u00e4nde: E22:ans gravsten"},"content":{"rendered":"<p>Strax norr om <a href=\"https:\/\/guide.zero-carbon-skane.org\/sv\/places\/southwest-metropolitan-zone\/lund\/\" data-type=\"page\" data-id=\"18\">Lund<\/a>, p\u00e5 det som en g\u00e5ng var kanten av gamla E22:an ligger en stor stenplatta. Om du befinner dig p\u00e5 cykelv\u00e4gen kommer du att se att \"Du kan aldrig d\u00f6da motst\u00e5ndet\" st\u00e5r skrivet d\u00e4r med stora bokst\u00e4ver. Det finns en historia bakom stenen, men f\u00f6r att f\u00f6rst\u00e5 den m\u00e5ste man k\u00e4nna till lite lokalhistoria.\u00a0<\/p>\n\n\n\n<p>Sk\u00e5ne har sett m\u00e5nga folkliga uppror, fr\u00e5n de danskv\u00e4nliga <em>Snapphaneupproren<\/em> p\u00e5 1600-talet till arbetarr\u00f6relserna p\u00e5 1900-talet. Den r\u00f6relsen f\u00f6r civil olydnad som bildades f\u00f6r att uppmuntra till en radikal klimatpolitik under den f\u00f6rsta halvan av 2000-talet \u00e4r det senaste tillskottet till denna historien. Deras medlemmar hade blivit frustrerade \u00f6ver den f\u00f6rdr\u00f6jning och f\u00f6rnekelse som f\u00f6ljde i k\u00f6lvattnet av kraven p\u00e5 reformer. I deras \u00f6gon var l\u00f6sningarna p\u00e5 klimatf\u00f6r\u00e4ndringarna tydliga och genomf\u00f6rbara - det saknades bara politisk vilja.\u00a0<\/p>\n\n\n\n<p>Runt om i v\u00e4rlden samlades aktivister kring enkla men tydliga uppmaningar som \"\u00e5terst\u00e4ll v\u00e5tmarker\", \"stoppa oljan\" och \"isolera husen\". De spred sitt budskap genom att ockupera torg, blockera motorv\u00e4gar och avbryta sportevenemang. De var enormt impopul\u00e4ra hos stora delar av allm\u00e4nheten - men de fick uppm\u00e4rksamhet!&nbsp;<\/p>\n\n\n\n<p>Med tanke p\u00e5 vad som har h\u00e4nt under \u00e5ren sedan dess verkar kraven p\u00e5 \u00e5terst\u00e4llande av v\u00e5tmarker inte s\u00e4rskilt kontroversiella. Men p\u00e5 2020-talet m\u00f6ttes s\u00e5dana krav - som uppm\u00e4rksammades genom st\u00f6rningen av fosiil-br\u00e4nslebaserade infrastrukturer och system - med ilska och v\u00e5ld. <\/p>\n\n\n\n<p>Detta f\u00f6r oss till E22-incidenten. Den 15 oktober 2023 skulle bygget av en kontroversiell motorv\u00e4gsutbyggnad p\u00e5b\u00f6rjas vid <a href=\"https:\/\/guide.zero-carbon-skane.org\/sv\/places\/southwest-metropolitan-zone\/lund\/brunnshog-science-village\/\" data-type=\"page\" data-id=\"22\">den norra utkanten av universitetsstaden Lund<\/a>. Motst\u00e5ndet hade p\u00e5g\u00e5tt i flera \u00e5r och man hade p\u00e5pekat att h\u00f6ga ambitioner f\u00f6r att begr\u00e4nsa klimatf\u00f6r\u00e4ndringarna och nya motorv\u00e4gar var of\u00f6renliga. I ett sista f\u00f6rs\u00f6k att stoppa bygget blockerade medlemmar i r\u00f6relsen \u00c5terst\u00e4ll V\u00e5tmarker hela motorv\u00e4gen E22 i b\u00e5da riktningarna. L\u00e5nga k\u00f6er bildades snabbt och polisen skyndade till platsen. <\/p>\n\n\n\n<p>N\u00e5gra bilister - som senare visade sig vara anh\u00e4ngare av radikalnationalistiska internetforum - best\u00e4mde sig dock f\u00f6r att ta saken i egna h\u00e4nder. F\u00f6rst slog de ned demonstranterna med d\u00e4ckj\u00e4rn. Eftersom aktivisterna var fastklistrade p\u00e5 motorv\u00e4gen kunde de inte g\u00f6ra mycket annat \u00e4n att st\u00e5 ut, men bilisterna - f\u00f6rblindade av raseri, som deras f\u00f6rsvarsadvokater uttryckte det - ins\u00e5g inte detta faktum. De b\u00f6rjade accelerera sina bilar mot demonstranterna och stannade precis f\u00f6re kollisionen. \u00c4nd\u00e5 r\u00f6rde sig inte aktivisterna. N\u00e4r polissirenerna kom allt n\u00e4rmare startade en stor SUV sin motor och k\u00f6rde iv\u00e4g mot aktivisterna - och den h\u00e4r g\u00e5ngen bromsade han inte.&nbsp;<\/p>\n\n\n\n<p>N\u00e4r ambulanserna anl\u00e4nde var det redan f\u00f6r sent: tre demonstranter var d\u00f6da. Under de f\u00f6ljande dagarna ockuperades alla st\u00f6rre motorv\u00e4gar i Sverige. F\u00f6rhandlingarna var l\u00e5sta i veckor, men den nytilltr\u00e4dda h\u00f6gerregeringen tvingades motvilligt, efter ett stort folkopinion, att \u00e5terst\u00e4lla v\u00e5tmarker p\u00e5 mark som inte var n\u00f6dv\u00e4ndig f\u00f6r livsmedelsproduktionen. Resultaten kan tydligt ses i Sk\u00e5ne idag.&nbsp;<\/p>\n\n\n\n<p>Gravstenen restes kort efter detta beslut. Varje \u00e5r, den 15 oktober, cyklar de \u00f6verlevande aktivisterna hit f\u00f6r att hedra sina stupade kamrater. Tillst\u00e4llningen \u00e4r informell och offentlig, men bes\u00f6kare uppmanas att visa respekt f\u00f6r den h\u00f6gtidliga st\u00e4mningen.<\/p>","protected":false},"excerpt":{"rendered":"<p>Sk\u00e5ne har sett m\u00e5nga folkliga uppror, fr\u00e5n de danskv\u00e4nliga Snapphaneupproren p\u00e5 1600-talet till arbetarr\u00f6relserna p\u00e5 1900-talet. Den r\u00f6relsen f\u00f6r civil olydnad som bildades f\u00f6r att uppmuntra till en radikal klimatpolitik under f\u00f6rsta h\u00e4lften av 2000-talet \u00e4r det senaste tillskottet till denna historien.<\/p>","protected":false},"author":1,"featured_media":0,"parent":22,"menu_order":0,"comment_status":"closed","ping_status":"closed","template":"","meta":{"footnotes":""},"categories":[4,5],"tags":[],"class_list":["post-185","page","type-page","status-publish","hentry","category-events","category-sightseeing"],"jetpack_sharing_enabled":true,"_links":{"self":[{"href":"https:\/\/guide.zero-carbon-skane.org\/sv\/wp-json\/wp\/v2\/pages\/185","targetHints":{"allow":["GET"]}}],"collection":[{"href":"https:\/\/guide.zero-carbon-skane.org\/sv\/wp-json\/wp\/v2\/pages"}],"about":[{"href":"https:\/\/guide.zero-carbon-skane.org\/sv\/wp-json\/wp\/v2\/types\/page"}],"author":[{"embeddable":true,"href":"https:\/\/guide.zero-carbon-skane.org\/sv\/wp-json\/wp\/v2\/users\/1"}],"replies":[{"embeddable":true,"href":"https:\/\/guide.zero-carbon-skane.org\/sv\/wp-json\/wp\/v2\/comments?post=185"}],"version-history":[{"count":2,"href":"https:\/\/guide.zero-carbon-skane.org\/sv\/wp-json\/wp\/v2\/pages\/185\/revisions"}],"predecessor-version":[{"id":1099,"href":"https:\/\/guide.zero-carbon-skane.org\/sv\/wp-json\/wp\/v2\/pages\/185\/revisions\/1099"}],"up":[{"embeddable":true,"href":"https:\/\/guide.zero-carbon-skane.org\/sv\/wp-json\/wp\/v2\/pages\/22"}],"wp:attachment":[{"href":"https:\/\/guide.zero-carbon-skane.org\/sv\/wp-json\/wp\/v2\/media?parent=185"}],"wp:term":[{"taxonomy":"category","embeddable":true,"href":"https:\/\/guide.zero-carbon-skane.org\/sv\/wp-json\/wp\/v2\/categories?post=185"},{"taxonomy":"post_tag","embeddable":true,"href":"https:\/\/guide.zero-carbon-skane.org\/sv\/wp-json\/wp\/v2\/tags?post=185"}],"curies":[{"name":"wp","href":"https:\/\/api.w.org\/{rel}","templated":true}]}}