{"id":182,"date":"2022-09-26T11:16:10","date_gmt":"2022-09-26T11:16:10","guid":{"rendered":"https:\/\/guide.zero-carbon-skane.org\/?page_id=182"},"modified":"2023-04-16T12:35:41","modified_gmt":"2023-04-16T12:35:41","slug":"the-floating-harvest-festival","status":"publish","type":"page","link":"https:\/\/guide.zero-carbon-skane.org\/sv\/activities\/events\/the-floating-harvest-festival\/","title":{"rendered":"Den flytande sk\u00f6rdefestivalen"},"content":{"rendered":"<p>Det finns <a href=\"https:\/\/guide.zero-carbon-skane.org\/sv\/places\/northeast-the-lakelands\/kristianstad\/hammersjon\/\" data-type=\"page\" data-id=\"177\">flera sk\u00e4l att bes\u00f6ka Hammarsj\u00f6n<\/a> \u00e5ret om, men ifall du beh\u00f6ver en s\u00e4rskild urs\u00e4kt s\u00e5 \u00e4r du galen om du missar den \u00e5rliga flytande sk\u00f6rdefestivalen som \u00e4ger rum p\u00e5 sj\u00f6n tidigt p\u00e5 h\u00f6sten, efter s\u00e4songens f\u00f6rsta kraftiga regn. <\/p>\n\n\n\n<p>Alla producenter av ekologiska livsmedel, hantverkare och konstn\u00e4rer i omr\u00e5det - och det finns m\u00e5nga av dem h\u00e4r uppe i <a href=\"https:\/\/guide.zero-carbon-skane.org\/sv\/places\/northeast-the-lakelands\/\" data-type=\"page\" data-id=\"57\">Vattenriket<\/a>!- fr\u00e4schar upp sina husb\u00e5tar i Hammarsj\u00f6n utanf\u00f6r <a href=\"https:\/\/guide.zero-carbon-skane.org\/sv\/places\/northeast-the-lakelands\/kristianstad\/\" data-type=\"page\" data-id=\"58\">Kristianstad<\/a> och styr en festival ut\u00f6ver det vanliga! Bra musik, god mat och billiga ekologiska produkter - vad mer kan man \u00f6nska sig? Och det \u00e4r ett perfekt evenemang att ta med barnen till ocks\u00e5 - men kom ih\u00e5g att svenska barn f\u00e5r obligatoriska simlektioner i skolan, s\u00e5 om dina ynglingar inte \u00e4r bekv\u00e4ma i vattnet \u00e4r det ditt ansvar att se till att de b\u00e4r sina simpuffar.<\/p>\n\n\n\n<p>Det kostar inget att g\u00e5 in p\u00e5 marknaden, som p\u00e5g\u00e5r i n\u00e4stan en vecka, men det finns inte heller n\u00e5gon regulj\u00e4r kollektivtrafik. Det inneb\u00e4r att du antingen m\u00e5ste ta med din egen b\u00e5t eller amfibiefordon, eller pruta dig till en av de privata entrepren\u00f6rernas bussflottar (vilket \u00e4r lite dyrt). Ett bra s\u00e4tt att komma runt detta \u00e4r att boka ett par n\u00e4tter p\u00e5 ett av de m\u00e5nga flytande bed &amp; breakfast, som vanligtvis har kanoter och paddelbr\u00e4dor tillg\u00e4ngliga f\u00f6r sina g\u00e4ster utan kostnad. Under tiden kan backpackers och budgetmedvetna - liksom de som bara gillar att h\u00e5lla h\u00e4nderna sysselsatta - kanske byta transport mot lite arbete; detta \u00e4r toppen av den lokala kalendern, aff\u00e4rsm\u00e4ssigt, s\u00e5 det \u00e4r alla h\u00e4nder p\u00e5 d\u00e4ck!<\/p>","protected":false},"excerpt":{"rendered":"<p>There are good reasons to visit Hammarsj\u00f6n all year round, particularly if you are into &#8220;boatlife&#8221;, but if you need a better excuse than that, you&#8217;d be mad to miss the annual floating harvest festival that takes place on the lake in early autumn, after the first heavy rainfall of the season. All the organic [&hellip;]<\/p>\n","protected":false},"author":1,"featured_media":912,"parent":99,"menu_order":0,"comment_status":"closed","ping_status":"closed","template":"","meta":{"footnotes":""},"categories":[],"tags":[],"class_list":["post-182","page","type-page","status-publish","has-post-thumbnail","hentry"],"jetpack_sharing_enabled":true,"_links":{"self":[{"href":"https:\/\/guide.zero-carbon-skane.org\/sv\/wp-json\/wp\/v2\/pages\/182","targetHints":{"allow":["GET"]}}],"collection":[{"href":"https:\/\/guide.zero-carbon-skane.org\/sv\/wp-json\/wp\/v2\/pages"}],"about":[{"href":"https:\/\/guide.zero-carbon-skane.org\/sv\/wp-json\/wp\/v2\/types\/page"}],"author":[{"embeddable":true,"href":"https:\/\/guide.zero-carbon-skane.org\/sv\/wp-json\/wp\/v2\/users\/1"}],"replies":[{"embeddable":true,"href":"https:\/\/guide.zero-carbon-skane.org\/sv\/wp-json\/wp\/v2\/comments?post=182"}],"version-history":[{"count":2,"href":"https:\/\/guide.zero-carbon-skane.org\/sv\/wp-json\/wp\/v2\/pages\/182\/revisions"}],"predecessor-version":[{"id":1135,"href":"https:\/\/guide.zero-carbon-skane.org\/sv\/wp-json\/wp\/v2\/pages\/182\/revisions\/1135"}],"up":[{"embeddable":true,"href":"https:\/\/guide.zero-carbon-skane.org\/sv\/wp-json\/wp\/v2\/pages\/99"}],"wp:featuredmedia":[{"embeddable":true,"href":"https:\/\/guide.zero-carbon-skane.org\/sv\/wp-json\/wp\/v2\/media\/912"}],"wp:attachment":[{"href":"https:\/\/guide.zero-carbon-skane.org\/sv\/wp-json\/wp\/v2\/media?parent=182"}],"wp:term":[{"taxonomy":"category","embeddable":true,"href":"https:\/\/guide.zero-carbon-skane.org\/sv\/wp-json\/wp\/v2\/categories?post=182"},{"taxonomy":"post_tag","embeddable":true,"href":"https:\/\/guide.zero-carbon-skane.org\/sv\/wp-json\/wp\/v2\/tags?post=182"}],"curies":[{"name":"wp","href":"https:\/\/api.w.org\/{rel}","templated":true}]}}