{"id":18,"date":"2022-08-16T10:31:48","date_gmt":"2022-08-16T10:31:48","guid":{"rendered":"https:\/\/guide.zero-carbon-skane.org\/index.php\/southwest-metropolitan-zone\/lund\/"},"modified":"2023-04-26T10:18:23","modified_gmt":"2023-04-26T10:18:23","slug":"lund","status":"publish","type":"page","link":"https:\/\/guide.zero-carbon-skane.org\/sv\/places\/southwest-metropolitan-zone\/lund\/","title":{"rendered":"Lund"},"content":{"rendered":"<p>Sk\u00e5nes n\u00e4st st\u00f6rsta stad, Lund, har, och kommer sannolikt alltid, att f\u00f6rknippas <a href=\"https:\/\/guide.zero-carbon-skane.org\/sv\/places\/southwest-metropolitan-zone\/lund\/lund-university\/\" data-type=\"page\" data-id=\"292\">med sitt universitet<\/a>, vars inflytande pr\u00e4glar b\u00e5de arkitektur och kulturen i staden. Som ett f\u00f6rn\u00e4mt och traditionellt yin till <a href=\"https:\/\/guide.zero-carbon-skane.org\/sv\/places\/southwest-metropolitan-zone\/greater-malmo\/\" data-type=\"page\" data-id=\"8\">Malm\u00f6s livliga (post)industriella yang<\/a>, erbjuder Lund de mer intellektuella aspekterna av <a href=\"https:\/\/guide.zero-carbon-skane.org\/sv\/places\/southwest-metropolitan-zone\/\" data-type=\"page\" data-id=\"7\">Sk\u00e5nes sydv\u00e4stra storstadsregion<\/a>- \u00e5tminstone om man ska utg\u00e5 fr\u00e5n det som staden anser (malm\u00f6iter kan naturligtvis ha helt andra \u00e5sikter).<\/p>\n\n\n\n<p>Men det finns s\u00e5 mycket mer i Lund \u00e4n heliga lundar och akademiska <s>elfenbenstorn<\/s> vilka \u00e4r mest synliga (eller ofr\u00e5nkomliga?) i den \u201dgamla staden\u201d, bel\u00e4get i centrum. Det bokslukande och bohemiska <a href=\"https:\/\/guide.zero-carbon-skane.org\/sv\/places\/southwest-metropolitan-zone\/lund\/ostra-torn\/\" data-type=\"page\" data-id=\"21\">\u00d6stra Torn<\/a>, det <em>folkhem<\/em> utopiska <a href=\"https:\/\/guide.zero-carbon-skane.org\/sv\/places\/southwest-metropolitan-zone\/lund\/klostergarden\/\" data-type=\"page\" data-id=\"20\">Klosterg\u00e5rden<\/a>, techmeckat i <a href=\"https:\/\/guide.zero-carbon-skane.org\/sv\/places\/southwest-metropolitan-zone\/lund\/brunnshog-science-village\/\" data-type=\"page\" data-id=\"22\">Brunnsh\u00f6g<\/a>... \u00e4r bara n\u00e5gra av m\u00e5nga unika omr\u00e5den i staden. Ifall du klarar av v\u00e4rme, rekommenderas det att komma hit under sommarledigheten, som \u2013 trots de senaste \u00e4ndringarna kring best\u00e4mmelserna om \u00e5rlig semester, s\u00e4rskilt inom den akademiska v\u00e4rlden \u2013 fortfarande p\u00e5g\u00e5r r\u00e4tt f\u00f6ruts\u00e4gbart mellan sex till \u00e5tta veckor efter <em>midsommar<\/em>: alla studenter har \u00e5kt hem, de flesta lundabor har \u00e5kt till sin <em>sommarstuga<\/em>, vilket resulterar i att stadens utbud \u00e4r mycket mer l\u00e4ttillg\u00e4ngligt (s\u00e5 l\u00e4nge du inte gl\u00f6mmer att fylla p\u00e5 med vatten och h\u00e5lla dig i skuggan).<\/p>\n\n\n\n<p>Lund \u00e4r dock mycket mer \u00e4n bara en stad: den <em>kommun<\/em> som b\u00e4r stadens namn str\u00e4cker sig l\u00e5ngt s\u00f6der- och \u00f6sterut in i ett lummigt jordbrukslandskap och beskyddade skogsomr\u00e5den. Hit kan du utan problem \u00e5ka \u00f6ver en dag, men du vill kanske \u00f6verv\u00e4ga att stanna i <a href=\"https:\/\/guide.zero-carbon-skane.org\/sv\/places\/southwest-metropolitan-zone\/lund\/dalby-plus-eastern-villages\/\" data-type=\"page\" data-id=\"23\">en av de \u00f6stliga byarna<\/a> under n\u00e5gra n\u00e4tter. Men var f\u00f6rsiktig \u2013 det finns stor risk att du  f\u00f6r\u00e4lskar dig i det sk\u00e5nska landskapet.<\/p>\n\n\n\n<div class=\"wp-block-group has-global-padding is-layout-constrained wp-container-core-group-is-layout-23b1a4dc wp-block-group-is-layout-constrained\" style=\"border-width:1px;border-radius:5px;padding-top:var(--wp--preset--spacing--30);padding-right:var(--wp--preset--spacing--30);padding-bottom:var(--wp--preset--spacing--30);padding-left:var(--wp--preset--spacing--30)\">\n<h4 class=\"has-text-align-center wp-block-heading\">Vill du veta mer?<\/h4>\n\n\n<div class=\"wp-block-oik-sb-children\"><ul class=\"wp-block-oik-sb-children\"><li class=\"page_item page-item-22 page_item_has_children\"><a href=\"https:\/\/guide.zero-carbon-skane.org\/sv\/places\/southwest-metropolitan-zone\/lund\/brunnshog-science-village\/\">Brunnsh\u00f6g (eller \"Vetenskapsbyn\")<\/a>\n<ul class='children'>\n\t<li class=\"page_item page-item-302\"><a href=\"https:\/\/guide.zero-carbon-skane.org\/sv\/places\/southwest-metropolitan-zone\/lund\/brunnshog-science-village\/algorithms-in-residence-autohotel\/\">Inneboende algoritmer: AutoHotellet<\/a><\/li>\n\t<li class=\"page_item page-item-185\"><a href=\"https:\/\/guide.zero-carbon-skane.org\/sv\/places\/southwest-metropolitan-zone\/lund\/brunnshog-science-village\/end-of-the-road-the-e22-gravestone\/\">Vid v\u00e4gens \u00e4nde: E22:ans gravsten<\/a><\/li>\n<\/ul>\n<\/li>\n<li class=\"page_item page-item-19 page_item_has_children\"><a href=\"https:\/\/guide.zero-carbon-skane.org\/sv\/places\/southwest-metropolitan-zone\/lund\/gamla-staden\/\">Gamla staden (Lund)<\/a>\n<ul class='children'>\n\t<li class=\"page_item page-item-246\"><a href=\"https:\/\/guide.zero-carbon-skane.org\/sv\/places\/southwest-metropolitan-zone\/lund\/gamla-staden\/an-urban-eden-lunds-paradise-quarter\/\">Ett urbant Eden: Lunds paradiskvarter<\/a><\/li>\n\t<li class=\"page_item page-item-429\"><a href=\"https:\/\/guide.zero-carbon-skane.org\/sv\/places\/southwest-metropolitan-zone\/lund\/gamla-staden\/mental-time-travel-lunds-museum-of-lost-sensations\/\">En mental tidsresa: Lunds museum \u00f6ver f\u00f6rlorade sensationer<\/a><\/li>\n<\/ul>\n<\/li>\n<li class=\"page_item page-item-20\"><a href=\"https:\/\/guide.zero-carbon-skane.org\/sv\/places\/southwest-metropolitan-zone\/lund\/klostergarden\/\">Klosterg\u00e5rden<\/a><\/li>\n<li class=\"page_item page-item-292 page_item_has_children\"><a href=\"https:\/\/guide.zero-carbon-skane.org\/sv\/places\/southwest-metropolitan-zone\/lund\/lund-university\/\">Lunds universitet<\/a>\n<ul class='children'>\n\t<li class=\"page_item page-item-299\"><a href=\"https:\/\/guide.zero-carbon-skane.org\/sv\/places\/southwest-metropolitan-zone\/lund\/lund-university\/from-taxonomy-to-preservation-lunds-botaniska-tradgarden\/\">Fr\u00e5n taxonomi till bevarande: Lunds Botaniska tr\u00e4dg\u00e5rd<\/a><\/li>\n<\/ul>\n<\/li>\n<li class=\"page_item page-item-21\"><a href=\"https:\/\/guide.zero-carbon-skane.org\/sv\/places\/southwest-metropolitan-zone\/lund\/ostra-torn\/\">\u00d6stra Torn<\/a><\/li>\n<li class=\"page_item page-item-23 page_item_has_children\"><a href=\"https:\/\/guide.zero-carbon-skane.org\/sv\/places\/southwest-metropolitan-zone\/lund\/dalby-plus-eastern-villages\/\">De \u00f6stra byarna<\/a>\n<ul class='children'>\n\t<li class=\"page_item page-item-139\"><a href=\"https:\/\/guide.zero-carbon-skane.org\/sv\/places\/southwest-metropolitan-zone\/lund\/dalby-plus-eastern-villages\/dalby\/\">Dalby<\/a><\/li>\n\t<li class=\"page_item page-item-141\"><a href=\"https:\/\/guide.zero-carbon-skane.org\/sv\/places\/southwest-metropolitan-zone\/lund\/dalby-plus-eastern-villages\/sodra-sandby\/\">S\u00f6dra Sandby<\/a><\/li>\n\t<li class=\"page_item page-item-143\"><a href=\"https:\/\/guide.zero-carbon-skane.org\/sv\/places\/southwest-metropolitan-zone\/lund\/dalby-plus-eastern-villages\/torna-hallestad\/\">Torna H\u00e4llestad<\/a><\/li>\n<\/ul>\n<\/li>\n<\/ul><\/div><\/div>","protected":false},"excerpt":{"rendered":"<p>Lund \u00e4r mer \u00e4n bara en stad: kommunen som b\u00e4r dess namn str\u00e4cker sig ut i \u00f6st och s\u00f6der i frodig jordbruksmark och skyddade skogspartier.<\/p>","protected":false},"author":1,"featured_media":793,"parent":7,"menu_order":0,"comment_status":"closed","ping_status":"closed","template":"","meta":{"footnotes":""},"categories":[],"tags":[],"class_list":["post-18","page","type-page","status-publish","has-post-thumbnail","hentry"],"jetpack_sharing_enabled":true,"_links":{"self":[{"href":"https:\/\/guide.zero-carbon-skane.org\/sv\/wp-json\/wp\/v2\/pages\/18","targetHints":{"allow":["GET"]}}],"collection":[{"href":"https:\/\/guide.zero-carbon-skane.org\/sv\/wp-json\/wp\/v2\/pages"}],"about":[{"href":"https:\/\/guide.zero-carbon-skane.org\/sv\/wp-json\/wp\/v2\/types\/page"}],"author":[{"embeddable":true,"href":"https:\/\/guide.zero-carbon-skane.org\/sv\/wp-json\/wp\/v2\/users\/1"}],"replies":[{"embeddable":true,"href":"https:\/\/guide.zero-carbon-skane.org\/sv\/wp-json\/wp\/v2\/comments?post=18"}],"version-history":[{"count":3,"href":"https:\/\/guide.zero-carbon-skane.org\/sv\/wp-json\/wp\/v2\/pages\/18\/revisions"}],"predecessor-version":[{"id":1200,"href":"https:\/\/guide.zero-carbon-skane.org\/sv\/wp-json\/wp\/v2\/pages\/18\/revisions\/1200"}],"up":[{"embeddable":true,"href":"https:\/\/guide.zero-carbon-skane.org\/sv\/wp-json\/wp\/v2\/pages\/7"}],"wp:featuredmedia":[{"embeddable":true,"href":"https:\/\/guide.zero-carbon-skane.org\/sv\/wp-json\/wp\/v2\/media\/793"}],"wp:attachment":[{"href":"https:\/\/guide.zero-carbon-skane.org\/sv\/wp-json\/wp\/v2\/media?parent=18"}],"wp:term":[{"taxonomy":"category","embeddable":true,"href":"https:\/\/guide.zero-carbon-skane.org\/sv\/wp-json\/wp\/v2\/categories?post=18"},{"taxonomy":"post_tag","embeddable":true,"href":"https:\/\/guide.zero-carbon-skane.org\/sv\/wp-json\/wp\/v2\/tags?post=18"}],"curies":[{"name":"wp","href":"https:\/\/api.w.org\/{rel}","templated":true}]}}