{"id":177,"date":"2022-09-26T10:51:03","date_gmt":"2022-09-26T10:51:03","guid":{"rendered":"https:\/\/guide.zero-carbon-skane.org\/?page_id=177"},"modified":"2023-03-23T12:42:14","modified_gmt":"2023-03-23T12:42:14","slug":"hammersjon","status":"publish","type":"page","link":"https:\/\/guide.zero-carbon-skane.org\/sv\/places\/northeast-the-lakelands\/kristianstad\/hammersjon\/","title":{"rendered":"Hammersj\u00f6n"},"content":{"rendered":"<p>Det \u00e4r ett vedertaget begrepp som anv\u00e4nds \u00f6ver hela Sk\u00e5ne, men det \u00e4r p\u00e5 och runt Hammarsj\u00f6n (som ligger sydost om Kristianstad) som du med st\u00f6rsta sannolikhet kommer att h\u00f6ra inv\u00e5narna prata om <em>De J\u00e4vla \u00d6versv\u00e4mningshelvetes\u00e5ren<\/em>-vilket grovt \u00f6versatt (och lite mindre sv\u00e4rande) betyder \"de f\u00f6rbannade \u00f6versv\u00e4mnings\u00e5ren\".<\/p>\n\n\n\n<p>Mellan \u00e5ren 2035 och 2039 drabbades jordbruken och bebyggelsen runt den sydligaste \u00e4nden av <a href=\"https:\/\/guide.zero-carbon-skane.org\/sv\/places\/northeast-the-lakelands\/helge-a\/\" data-type=\"page\" data-id=\"59\">Helge \u00e5<\/a> av upprepade och obevekliga vattenskador till f\u00f6ljd av kraftiga stormar och intensiv nederb\u00f6rd ledde till \u00f6versv\u00e4mningar i hela Sk\u00e5ne. Lokalbefolkningen runt Helge \u00c5 best\u00e4mde sig s\u00e5 sm\u00e5ningom f\u00f6r att f\u00f6lja med str\u00f6mmen (s\u00e5 att s\u00e4ga) och - med lite hj\u00e4lp fr\u00e5n den statliga institution som kallas Klimatanpassningsbyr\u00e5n - bygga upp sina f\u00f6rst\u00f6rda hem som husb\u00e5tar ist\u00e4llet.&nbsp;<\/p>\n\n\n\n<p>Numera har dessa flytande hus (och i vissa fall \u00e4ven hela sm\u00e5 lador!) blivit en massiv turistattraktion: m\u00e4nniskor reser fr\u00e5n hela Sk\u00e5ne och l\u00e4ngre bort f\u00f6r att se dem lata flyta upp och ner l\u00e4ngs Helge \u00c5 p\u00e5 sina sol- och vattenkraftsdrivna elmotorer. S\u00e4rskilt popul\u00e4r \u00e4r <a href=\"https:\/\/guide.zero-carbon-skane.org\/sv\/activities\/events\/the-floating-harvest-festival\/\" data-type=\"page\" data-id=\"182\">den \u00e5rliga flytande sk\u00f6rdefestivalen<\/a> som \u00e4ger rum i Hammarsj\u00f6n tidigt p\u00e5 h\u00f6sten, efter s\u00e4songens f\u00f6rsta kraftiga regn. <\/p>\n\n\n\n<p>\u00c4ven om det inte finns n\u00e5gon intr\u00e4desavgift till marknaden, finns det inte heller n\u00e5gon regulj\u00e4r kollektivtrafik dit. Det inneb\u00e4r att du antingen m\u00e5ste ta med dig en egen b\u00e5t eller ett amfibiefordon<a href=\"https:\/\/guide.zero-carbon-skane.org\/sv\/advice\/travel-mobility\/international-arrivals\/\" data-type=\"page\" data-id=\"386\">, som kommer med sina egna utmaningar<\/a>-eller pruta dig till en av de privata entrepren\u00f6rernas bussflottar - vilket \u00e4r lite dyrare. Ett bra s\u00e4tt att komma runt detta \u00e4r att bo ett par n\u00e4tter p\u00e5 ett av de flytande bed &amp; breakfast-st\u00e4llena, som vanligtvis har kanoter och paddelbr\u00e4dor tillg\u00e4ngliga f\u00f6r sina g\u00e4ster utan kostnad.<\/p>\n\n\n\n<p>I Hammarsj\u00f6n finns ocks\u00e5 det senaste samarbetsprojektet mellan Sveriges lantbruksuniversitet, Vattenriket Kristianstad och <a href=\"https:\/\/guide.zero-carbon-skane.org\/sv\/places\/northeast-the-lakelands\/kristianstad\/\" data-type=\"page\" data-id=\"58\">Kristianstads kommun<\/a>: projektet \"flytande g\u00e5rdar och tr\u00e4dg\u00e5rdar\", som startade 2035. Denna samling gr\u00f6na v\u00e4xter p\u00e5 Hammarsj\u00f6ns s\u00f6dra sida har inspirerats av de traditionella jordbruksmetoderna hos Intha-folket i Myanmar och planeras att bli en serie flytande \u00f6ar d\u00e4r tomater, potatis och andra gr\u00f6dor kan odlas p\u00e5 ett h\u00e5llbart s\u00e4tt. \u00c4ven om det fortfarande \u00e4r tio \u00e5r kvar innan det \u00e4r tillr\u00e4ckligt stabilt f\u00f6r att st\u00e5 p\u00e5, \u00e4r det v\u00e4rt ett bes\u00f6k om du \u00e4r landskapsarkitekt, jordbrukare eller bara en v\u00e4xtn\u00f6rd!<\/p>","protected":false},"excerpt":{"rendered":"<p>Det \u00e4r en term som anv\u00e4nds \u00f6ver hela Sk\u00e5ne, men det \u00e4r p\u00e5 och runt Hammarsj\u00f6n som du mest sannolikt kommer att h\u00f6ra inv\u00e5narna prata om <em>De J\u00e4vla \u00d6versv\u00e4mningshelvetes\u00e5ren<\/em>.<\/p>","protected":false},"author":1,"featured_media":912,"parent":58,"menu_order":0,"comment_status":"closed","ping_status":"closed","template":"","meta":{"footnotes":""},"categories":[],"tags":[],"class_list":["post-177","page","type-page","status-publish","has-post-thumbnail","hentry"],"jetpack_sharing_enabled":true,"_links":{"self":[{"href":"https:\/\/guide.zero-carbon-skane.org\/sv\/wp-json\/wp\/v2\/pages\/177","targetHints":{"allow":["GET"]}}],"collection":[{"href":"https:\/\/guide.zero-carbon-skane.org\/sv\/wp-json\/wp\/v2\/pages"}],"about":[{"href":"https:\/\/guide.zero-carbon-skane.org\/sv\/wp-json\/wp\/v2\/types\/page"}],"author":[{"embeddable":true,"href":"https:\/\/guide.zero-carbon-skane.org\/sv\/wp-json\/wp\/v2\/users\/1"}],"replies":[{"embeddable":true,"href":"https:\/\/guide.zero-carbon-skane.org\/sv\/wp-json\/wp\/v2\/comments?post=177"}],"version-history":[{"count":4,"href":"https:\/\/guide.zero-carbon-skane.org\/sv\/wp-json\/wp\/v2\/pages\/177\/revisions"}],"predecessor-version":[{"id":921,"href":"https:\/\/guide.zero-carbon-skane.org\/sv\/wp-json\/wp\/v2\/pages\/177\/revisions\/921"}],"up":[{"embeddable":true,"href":"https:\/\/guide.zero-carbon-skane.org\/sv\/wp-json\/wp\/v2\/pages\/58"}],"wp:featuredmedia":[{"embeddable":true,"href":"https:\/\/guide.zero-carbon-skane.org\/sv\/wp-json\/wp\/v2\/media\/912"}],"wp:attachment":[{"href":"https:\/\/guide.zero-carbon-skane.org\/sv\/wp-json\/wp\/v2\/media?parent=177"}],"wp:term":[{"taxonomy":"category","embeddable":true,"href":"https:\/\/guide.zero-carbon-skane.org\/sv\/wp-json\/wp\/v2\/categories?post=177"},{"taxonomy":"post_tag","embeddable":true,"href":"https:\/\/guide.zero-carbon-skane.org\/sv\/wp-json\/wp\/v2\/tags?post=177"}],"curies":[{"name":"wp","href":"https:\/\/api.w.org\/{rel}","templated":true}]}}