{"id":175,"date":"2022-09-26T10:48:18","date_gmt":"2022-09-26T10:48:18","guid":{"rendered":"https:\/\/guide.zero-carbon-skane.org\/?page_id=175"},"modified":"2023-03-07T12:35:31","modified_gmt":"2023-03-07T12:35:31","slug":"the-unreal-eel-deal-eel-fishing-larp","status":"publish","type":"page","link":"https:\/\/guide.zero-carbon-skane.org\/sv\/activities\/eating-drinking\/the-unreal-eel-deal-eel-fishing-larp\/","title":{"rendered":"Den (o)troliga \u00e5laff\u00e4ren: \u00e5lfiskande LARP"},"content":{"rendered":"<p><em>Den lilla tr\u00e4b\u00e5ten bryter havets v\u00e5gor. Det \u00e4r en sval h\u00f6stkv\u00e4ll och nym\u00e5nen lyser ner p\u00e5 Han\u00f6buktens str\u00e4nder och badar dem i ett svagt ljus. N\u00e4r b\u00e5ten l\u00e4gger till kl\u00e4ttrar en gammal man med stort buskigt sk\u00e4gg och s\u00e4ckiga linnekl\u00e4der \u00f6ver relingen; han b\u00e4r p\u00e5 en stor \u00f6ppen l\u00e5da med sm\u00e5 h\u00e5l. Inifr\u00e5n h\u00f6rs dunkande ljud. N\u00e4r han g\u00e5r f\u00f6rbi dig ser du att den \u00e4r fylld till br\u00e4dden med \u00e5l. Mannen avfyrar ett snett flin. \"Det \u00e4r den sista <\/em>sumpan<em>\", s\u00e4ger han p\u00e5 sk\u00e5nsk engelska. \"\u00c4r ni redo f\u00f6r festen? Jag hoppas att ni har med er mycket b\u00e4sk!\".<\/em><\/p>\n\n\n\n<p>\u00c5lfisket har varit en del av Sk\u00e5nes kultur och identitet sedan 1200-talet, d\u00e5 omr\u00e5det var en del av Danmark. Lokala fiskare bodde en del av \u00e5ret i sm\u00e5 hyddor som kallades <em>\u00e5labodar<\/em>, gav sig ut p\u00e5 havet under det s\u00e5 kallade \"\u00e5lem\u00f6rkret\" var fj\u00e4rde till femte vecka. H\u00e4r samlade de in den \u00e5l som hade f\u00e5ngats i <em>hommar<\/em>, de stora r\u00f6rformade n\u00e4ten vars konstruktion var en v\u00e4lbevarad hemlighet som f\u00f6rdes vidare mellan generationerna. D\u00e4refter flyttades \u00e5len till de h\u00e5lt\u00e4ckta l\u00e5dor som kallas <em>sumpar<\/em>, d\u00e4r de f\u00f6rvarades tills det var dags f\u00f6r den legendariska \u00e5lfesten; <em>\u00e5lagille<\/em>.&nbsp;<\/p>\n\n\n\n<p>Men efter att den mytomspunna och mystiska havsbiten n\u00e4stan utrotats under 2000- och 2020-talen f\u00f6rbj\u00f6d regeringen 2028 denna metod, vilket v\u00e4ckte stor uppst\u00e5ndelse bland de f\u00e5 kvarvarande \u00e5lfiskarna och \u00e4ven kritiserades av FN-organet UNESCO. Nu har tillkomsten av hydroponisk och akvaponisk fiskodling under de senaste fem-sex \u00e5ren utl\u00f6st en ny boom, eftersom n\u00e5gra f\u00f6retag - i Sk\u00e5ne, men ocks\u00e5 i \u00e5l\u00e4lskande Japan - har kn\u00e4ckt hemligheten med att f\u00f6da upp dessa mystiska och sv\u00e5rf\u00e5ngade varelser i f\u00e5ngenskap. Och s\u00e5, p\u00e5 n\u00e5gra f\u00e5 platser \u00e5tminstone - framf\u00f6r allt <a href=\"https:\/\/guide.zero-carbon-skane.org\/sv\/places\/northeast-the-lakelands\/ahus-eel-country\/\" data-type=\"page\" data-id=\"60\">\u00c5hus<\/a> och n\u00e4rliggande byar p\u00e5 <a href=\"https:\/\/guide.zero-carbon-skane.org\/sv\/places\/southeast-the-slow-coast\/the-slow-coast\/\" data-type=\"page\" data-id=\"36\">Sk\u00e5nes \u00f6stkust<\/a>, s\u00e5som <a href=\"https:\/\/guide.zero-carbon-skane.org\/sv\/places\/southeast-the-slow-coast\/the-slow-coast\/kivik\/\" data-type=\"page\" data-id=\"39\">Kivik<\/a>-  har \u00e5len \u00e5terintr\u00e4tt i n\u00e4tet och s\u00e5ledes p\u00e5 menyn.<\/p>\n\n\n\n<p>Men l\u00e5ngt ifr\u00e5n alla godk\u00e4nner uppl\u00e4gget. Aktivister som v\u00e4rnar om ekosystemens m\u00e5ngfald har kritiserat metoden f\u00f6r vad de menar \u00e4r en ytlig syn p\u00e5 h\u00e5llbarhet. Enligt dessa kritiker \"leker\" \u00e5lodlings\u00e4garna bara gud och kontrollerar b\u00e5de naturen och andra arter efter eget godtycke. Trots denna motreaktion har lajv f\u00f6r \u00e5lfiske blivit popul\u00e4ra, trots deras blygsamma b\u00f6rjan.<\/p>\n\n\n\n<p>Det hela b\u00f6rjade med att Georg Rahman, tidigare koordinator f\u00f6r Gotlands medeltidsvecka, flyttade till \u00c5hus och tr\u00e4ffade Bo-Gunnar Vapp, \u00e5lfiskare i femte generationen. Tillsammans best\u00e4mde de sig f\u00f6r att \u00e5terskapa den senares barndomsupplevelser av \u00e5lfiske till f\u00f6rm\u00e5n f\u00f6r allm\u00e4nheten, f\u00f6r att finansiera omvandlingen av deras hus till \u00f6versv\u00e4mningss\u00e4kra husb\u00e5tar. Genom att kombinera Rahmans f\u00e4rdigheter inom lajvdesign och Vapps djupa kunskaper om kulturarvet och dess tillh\u00f6rande metoder skapade de en uppslukande tv\u00e5dagars rollspelsupplevelse med deltagande. Tre g\u00e5nger varje h\u00f6st samlas tio personer i Bo-Gunnars gamla <em>\u00e5labod<\/em> att ta p\u00e5 sig rollerna som 1800-talets \u00e5lfiskare - komplett med alla svordomar, sprit och \u00e5lr\u00e4tter som en s\u00e5dan livsstil inneb\u00e4r!&nbsp;<\/p>\n\n\n\n<p>Deltagarna tas f\u00f6rst till utsidan av en <em>\u00e5labod<\/em>, d\u00e4r spelledaren f\u00f6rklarar lajvets regler: inga moderna svordomar till\u00e5tna, ingen f\u00f6rt\u00e4ring av n\u00e5got som inte \u00e4r \u00e5lbaserat, och ingen f\u00e5r bryta mot sin karakt\u00e4r (utom i n\u00f6dfall). D\u00e4refter tillhandah\u00e5lls dr\u00e4kter och spelet \u00e4r ig\u00e5ng! Fr\u00e5n tillverkning <em>hommar<\/em> och s\u00e4tta dem i havet f\u00f6r att samla in \"f\u00e5ngad\" \u00e5l - som faktiskt har odlats och placerats d\u00e4r av arrang\u00f6rerna, oroa dig inte - s\u00e5 f\u00e5r man \u00e4ven f\u00f6rvandla dem till olika r\u00e4tter, det \u00e4r \u00e5l, helt enkelt, hela tiden.&nbsp;<\/p>\n\n\n\n<p>Den f\u00f6rv\u00e4ntade h\u00f6jdpunkten \u00e4r den nattliga sessionen som kallas <em>\u00e5lagille<\/em>, som markerar slutet p\u00e5 lajvet. H\u00e4r sjungs det upp st\u00e4mningsfulla s\u00e5nger, ber\u00e4ttas lokala legender och \u00e5ltroliga myter, och den lokalt producerade spriten <em>b\u00e4sk<\/em> och olika former av \u00e5l f\u00f6rt\u00e4rs med v\u00e5ldsam f\u00f6rtjusning. Det finns ingen liknande fest p\u00e5 jorden, s\u00e4gs det - \u00e4ven om den kanske inte faller alla i smaken, vare sig bokstavligt eller bildligt talat! Om det l\u00e5ter som n\u00e5got f\u00f6r dig, se till att boka tidigt: biljetterna \u00e4r lika begr\u00e4nsade som tillg\u00e5ngen p\u00e5 \u00e5l, och tenderar att s\u00e4lja slut snabbt.<\/p>","protected":false},"excerpt":{"rendered":"<p>Den f\u00f6rv\u00e4ntade h\u00f6jdpunkten \u00e4r den nattliga \u00e5lagillen, som markerar slutet p\u00e5 lajvet. H\u00e4r sjungs det hejdl\u00f6sa s\u00e5nger, ber\u00e4ttas lokala legender och \u00e5ltroliga myter...<\/p>","protected":false},"author":1,"featured_media":695,"parent":93,"menu_order":0,"comment_status":"closed","ping_status":"closed","template":"","meta":{"footnotes":""},"categories":[],"tags":[],"class_list":["post-175","page","type-page","status-publish","has-post-thumbnail","hentry"],"jetpack_sharing_enabled":true,"_links":{"self":[{"href":"https:\/\/guide.zero-carbon-skane.org\/sv\/wp-json\/wp\/v2\/pages\/175","targetHints":{"allow":["GET"]}}],"collection":[{"href":"https:\/\/guide.zero-carbon-skane.org\/sv\/wp-json\/wp\/v2\/pages"}],"about":[{"href":"https:\/\/guide.zero-carbon-skane.org\/sv\/wp-json\/wp\/v2\/types\/page"}],"author":[{"embeddable":true,"href":"https:\/\/guide.zero-carbon-skane.org\/sv\/wp-json\/wp\/v2\/users\/1"}],"replies":[{"embeddable":true,"href":"https:\/\/guide.zero-carbon-skane.org\/sv\/wp-json\/wp\/v2\/comments?post=175"}],"version-history":[{"count":3,"href":"https:\/\/guide.zero-carbon-skane.org\/sv\/wp-json\/wp\/v2\/pages\/175\/revisions"}],"predecessor-version":[{"id":698,"href":"https:\/\/guide.zero-carbon-skane.org\/sv\/wp-json\/wp\/v2\/pages\/175\/revisions\/698"}],"up":[{"embeddable":true,"href":"https:\/\/guide.zero-carbon-skane.org\/sv\/wp-json\/wp\/v2\/pages\/93"}],"wp:featuredmedia":[{"embeddable":true,"href":"https:\/\/guide.zero-carbon-skane.org\/sv\/wp-json\/wp\/v2\/media\/695"}],"wp:attachment":[{"href":"https:\/\/guide.zero-carbon-skane.org\/sv\/wp-json\/wp\/v2\/media?parent=175"}],"wp:term":[{"taxonomy":"category","embeddable":true,"href":"https:\/\/guide.zero-carbon-skane.org\/sv\/wp-json\/wp\/v2\/categories?post=175"},{"taxonomy":"post_tag","embeddable":true,"href":"https:\/\/guide.zero-carbon-skane.org\/sv\/wp-json\/wp\/v2\/tags?post=175"}],"curies":[{"name":"wp","href":"https:\/\/api.w.org\/{rel}","templated":true}]}}