{"id":170,"date":"2022-09-26T10:19:57","date_gmt":"2022-09-26T10:19:57","guid":{"rendered":"https:\/\/guide.zero-carbon-skane.org\/?page_id=170"},"modified":"2023-04-16T12:46:06","modified_gmt":"2023-04-16T12:46:06","slug":"pack-animals-running-with-wolves","status":"publish","type":"page","link":"https:\/\/guide.zero-carbon-skane.org\/sv\/activities\/sports-wellbeing\/pack-animals-running-with-wolves\/","title":{"rendered":"Flockdjur: att springa med vargar"},"content":{"rendered":"<p>Ja, du l\u00e4ste r\u00e4tt: i Sk\u00e5ne kan du (bokstavligen) springa med vargar! Men... \u00e4r du ocks\u00e5 en varg?<\/p>\n\n\n\n<p>Under de senaste \u00e5ren har <em>Wolfpack<\/em> rollspelsupplevelsen iscensatts p\u00e5 landet runtom <a href=\"https:\/\/guide.zero-carbon-skane.org\/sv\/places\/northeast-the-lakelands\/kristianstad\/tollarp\/\" data-type=\"page\" data-id=\"168\">Tollarp<\/a>, varannan vecka fr\u00e5n april till oktober, men detta kan \u00e4ndras till f\u00f6ljd av f\u00f6r\u00e4ndringar i de (verkliga) vargarnas revir.<\/p>\n\n\n\n<p><em>Wolfpack<\/em> b\u00f6rjade som ett lajv (rollspel) f\u00f6r att f\u00f6rdjupa stadsbornas relationer med andra arter. Deltagarna tar p\u00e5 sig vargmasker och springer runt och h\u00e4rmar vargars beteende; tydligen har det f\u00f6rekommit en hel del misslyckade r\u00e5djursjakter. Det \u00e4r ett s\u00e4tt f\u00f6r m\u00e4nniskor att se landskapet p\u00e5 nytt och att f\u00f6rst\u00e5 de begr\u00e4nsningar som m\u00e4nskligheten har \u00e5lagt andra arter. Varje upplevelse kommer med en djupg\u00e5ende f\u00f6rel\u00e4sning om vargar - informativ, men ocks\u00e5 hj\u00e4lpsam n\u00e4r det g\u00e4ller att komma in i karakt\u00e4ren.&nbsp;<\/p>\n\n\n\n<p>I takt med att Sveriges jakt- och naturv\u00e5rdslagar har blivit mer v\u00e4lkomnande f\u00f6r vargen har \"spelet\" \u00e4ndrat karakt\u00e4r. N\u00e4r taket f\u00f6r vargstammen h\u00e4vdes v\u00e4xte den snabbt i antal och spred sig \u00f6ver hela landet. Ungef\u00e4r samtidigt fick djurparker bara ta emot djur som inte l\u00e4ngre hade en naturlig livsmilj\u00f6 - resten av arterna fick bara f\u00f6das upp f\u00f6r att sl\u00e4ppas ut. Detta innebar att om m\u00e4nniskor ville se vilda djur var de tvungna att leta efter dem - och s\u00e5 fyrdubblades den en g\u00e5ng marginella metoden med vargrollspel i popularitet, eftersom det visar sig att efterliknande av vargbeteende ocks\u00e5 inneb\u00e4r att det \u00e4r mer sannolikt att du st\u00f6ter p\u00e5 en varg! Och medan du \u00e4r d\u00e4r ute kommer du s\u00e4kert att st\u00f6ta p\u00e5 ett antal andra vilda djur.&nbsp;<\/p>\n\n\n\n<p>Men var f\u00f6rsiktig, eftersom det finns tv\u00e5 stora risker. Den f\u00f6rsta \u00e4r f\u00f6rmodligen uppenbar, men f\u00f6r att f\u00f6rtydliga den: vilda djur, och s\u00e4rskilt vargar, lever i en milj\u00f6 som, j\u00e4mf\u00f6rt med st\u00e4der och t\u00e4torter, inte \u00e4r optimerad f\u00f6r m\u00e4nsklig n\u00e4rvaro.<\/p>\n\n\n\n<p>F\u00f6r det andra har vargen alltid varit ett kontroversiellt djur - vilket den nordiska myten och legenden \u00e4r mycket tydlig med - och det finns fortfarande grupper i Sk\u00e5ne och utanf\u00f6r som f\u00f6respr\u00e5kar att den ska utrotas. Som s\u00e5dan, <em>Wolfpack<\/em> har hotats av j\u00e4gare som skjuter varningsskott f\u00f6r att skr\u00e4mma bort deltagarna. Detta \u00e4r inte heller n\u00e5got enkelt reaktion\u00e4rt t\u00e4nkande, eftersom vargarnas \u00e5terkomst har inneburit verkliga f\u00f6rluster f\u00f6r dem som tillh\u00f6r vargmotst\u00e5ndarna. Vargen utvecklades tillsammans med sitt byte: att jaga en vild hjort, till exempel, kr\u00e4ver skicklighet, beslutsamhet och samarbete. De domesticerade djur som utg\u00f6r majoriteten av jordens befolkning har dock \u00e4nnu inte utvecklat l\u00e4mpliga f\u00f6rsvar, och n\u00e4r vargarna \u00f6kade i antal f\u00f6rlorade en hel del m\u00e4nniskor sina f\u00e5r till vargar som r\u00e5kade p\u00e5 uts\u00f6kt fluffigt k\u00f6tt som saknade n\u00e5gon som helst undvikande taktik. St\u00e4ngsel har dock satt stopp f\u00f6r de flesta av dessa attacker, liksom de minskade jaktkvoterna f\u00f6r \u00e4lg och r\u00e5djur - och n\u00e4r de \u00e4nd\u00e5 sker kan ers\u00e4ttningssystemet kompensera en lantbrukare f\u00f6r den ekonomiska f\u00f6rlusten av ett d\u00f6dat f\u00e5r, \u00e4ven om det aldrig kan ta h\u00e4nsyn till den k\u00e4nslom\u00e4ssiga f\u00f6rlusten. Tyv\u00e4rr, <em>Memento mori<\/em>.&nbsp;<\/p>","protected":false},"excerpt":{"rendered":"<p><em>Wolfpack<\/em> b\u00f6rjade som ett lajv (live-action roleplay) f\u00f6r att f\u00f6rdjupa stadsbornas relationer med andra arter.<\/p>","protected":false},"author":1,"featured_media":1139,"parent":101,"menu_order":0,"comment_status":"closed","ping_status":"closed","template":"","meta":{"footnotes":""},"categories":[],"tags":[],"class_list":["post-170","page","type-page","status-publish","has-post-thumbnail","hentry"],"jetpack_sharing_enabled":true,"_links":{"self":[{"href":"https:\/\/guide.zero-carbon-skane.org\/sv\/wp-json\/wp\/v2\/pages\/170","targetHints":{"allow":["GET"]}}],"collection":[{"href":"https:\/\/guide.zero-carbon-skane.org\/sv\/wp-json\/wp\/v2\/pages"}],"about":[{"href":"https:\/\/guide.zero-carbon-skane.org\/sv\/wp-json\/wp\/v2\/types\/page"}],"author":[{"embeddable":true,"href":"https:\/\/guide.zero-carbon-skane.org\/sv\/wp-json\/wp\/v2\/users\/1"}],"replies":[{"embeddable":true,"href":"https:\/\/guide.zero-carbon-skane.org\/sv\/wp-json\/wp\/v2\/comments?post=170"}],"version-history":[{"count":4,"href":"https:\/\/guide.zero-carbon-skane.org\/sv\/wp-json\/wp\/v2\/pages\/170\/revisions"}],"predecessor-version":[{"id":1141,"href":"https:\/\/guide.zero-carbon-skane.org\/sv\/wp-json\/wp\/v2\/pages\/170\/revisions\/1141"}],"up":[{"embeddable":true,"href":"https:\/\/guide.zero-carbon-skane.org\/sv\/wp-json\/wp\/v2\/pages\/101"}],"wp:featuredmedia":[{"embeddable":true,"href":"https:\/\/guide.zero-carbon-skane.org\/sv\/wp-json\/wp\/v2\/media\/1139"}],"wp:attachment":[{"href":"https:\/\/guide.zero-carbon-skane.org\/sv\/wp-json\/wp\/v2\/media?parent=170"}],"wp:term":[{"taxonomy":"category","embeddable":true,"href":"https:\/\/guide.zero-carbon-skane.org\/sv\/wp-json\/wp\/v2\/categories?post=170"},{"taxonomy":"post_tag","embeddable":true,"href":"https:\/\/guide.zero-carbon-skane.org\/sv\/wp-json\/wp\/v2\/tags?post=170"}],"curies":[{"name":"wp","href":"https:\/\/api.w.org\/{rel}","templated":true}]}}