{"id":17,"date":"2022-08-16T10:31:47","date_gmt":"2022-08-16T10:31:47","guid":{"rendered":"https:\/\/guide.zero-carbon-skane.org\/index.php\/southwest-metropolitan-zone\/greater-malmo\/peripheries\/"},"modified":"2023-03-16T09:54:46","modified_gmt":"2023-03-16T09:54:46","slug":"peripheries","status":"publish","type":"page","link":"https:\/\/guide.zero-carbon-skane.org\/sv\/places\/southwest-metropolitan-zone\/greater-malmo\/peripheries\/","title":{"rendered":"\u00d6stra periferin (Malm\u00f6)"},"content":{"rendered":"<p>Det k\u00e4nns lite or\u00e4ttvist att klumpa ihop stora delar av <a href=\"https:\/\/guide.zero-carbon-skane.org\/sv\/places\/southwest-metropolitan-zone\/greater-malmo\/\" data-type=\"page\" data-id=\"8\">Malm\u00f6<\/a>, men det g\u00e5r inte att sammanfatta den \u00f6stra delen av staden i en enda kategori och det skall inte heller tolkas som att \"allt \u00e4r sig likt\". L\u00e5ngt d\u00e4rifr\u00e5n, i sj\u00e4lva verket: mellan den gamla inre ringv\u00e4gen och den sydligaste \u00e4nden av E6:an finns ett \u00f6verraskande virrvarr av bostadsomr\u00e5den och \"f\u00f6rorter\" fr\u00e5n slutet av 1900-talet; tidigare fj\u00e4rran byar som sedan l\u00e4nge absorberats av den expanderande staden; fl\u00e4ckar av parker; remsor av v\u00e4lordnade kolonitr\u00e4dg\u00e5rdar, <em>kolonilotter<\/em> och k\u00f6kstr\u00e4dg\u00e5rdar, och andra m\u00e4rkligheter (som J\u00e4gersro travbana, som fortfarande \u00e4r en viktig plats f\u00f6r svensk ridsport).<\/p>\n\n\n\n<p>Med det sagt finns det inte mycket att turista i h\u00e4r - s\u00e5 \u00e4ven om du \u00e4r v\u00e4lkommen att vandra runt (eller f\u00f6lja det omfattande n\u00e4tverket av cykelbanor och se var du hamnar), men om det \u00e4r sp\u00e4nning du \u00e4r ute efter kanske du vill g\u00e5 tillbaka i riktning mot <a href=\"https:\/\/guide.zero-carbon-skane.org\/sv\/places\/southwest-metropolitan-zone\/greater-malmo\/gamla-staden-incl-ribban\/\" data-type=\"page\" data-id=\"9\"><em>gamla v\u00e4ster<\/em><\/a>. Den stora attraktionskraften i detta omr\u00e5de f\u00f6r utomst\u00e5ende \u00e4r f\u00f6rmodligen permakultur- och k\u00f6kstr\u00e4dg\u00e5rdsscenen, som lockar blivande odlare fr\u00e5n hela Sk\u00e5ne och andra delar av v\u00e4rlden; <a href=\"https:\/\/guide.zero-carbon-skane.org\/sv\/places\/southwest-metropolitan-zone\/greater-malmo\/peripheries\/root-and-branch-botildenborg-and-the-urban-agricultural-revolution\/\" data-type=\"page\" data-id=\"269\">det bultande hj\u00e4rtat i tr\u00e4dg\u00e5rdsscenen \u00e4r Botildenborg<\/a>, och om du bara har tid att bes\u00f6ka ett st\u00e4lle h\u00e4r ute \u00e4r det f\u00f6rmodligen det b\u00e4sta alternativet.<\/p>","protected":false},"excerpt":{"rendered":"<p>Den stora attraktionskraften i detta omr\u00e5de f\u00f6r utomst\u00e5ende \u00e4r f\u00f6rmodligen permakultur- och k\u00f6kstr\u00e4dg\u00e5rdsscenen, som lockar blivande odlare fr\u00e5n hela Sk\u00e5ne och andra delar av v\u00e4rlden;<\/p>","protected":false},"author":1,"featured_media":841,"parent":8,"menu_order":0,"comment_status":"closed","ping_status":"closed","template":"","meta":{"footnotes":""},"categories":[],"tags":[],"class_list":["post-17","page","type-page","status-publish","has-post-thumbnail","hentry"],"jetpack_sharing_enabled":true,"_links":{"self":[{"href":"https:\/\/guide.zero-carbon-skane.org\/sv\/wp-json\/wp\/v2\/pages\/17","targetHints":{"allow":["GET"]}}],"collection":[{"href":"https:\/\/guide.zero-carbon-skane.org\/sv\/wp-json\/wp\/v2\/pages"}],"about":[{"href":"https:\/\/guide.zero-carbon-skane.org\/sv\/wp-json\/wp\/v2\/types\/page"}],"author":[{"embeddable":true,"href":"https:\/\/guide.zero-carbon-skane.org\/sv\/wp-json\/wp\/v2\/users\/1"}],"replies":[{"embeddable":true,"href":"https:\/\/guide.zero-carbon-skane.org\/sv\/wp-json\/wp\/v2\/comments?post=17"}],"version-history":[{"count":2,"href":"https:\/\/guide.zero-carbon-skane.org\/sv\/wp-json\/wp\/v2\/pages\/17\/revisions"}],"predecessor-version":[{"id":842,"href":"https:\/\/guide.zero-carbon-skane.org\/sv\/wp-json\/wp\/v2\/pages\/17\/revisions\/842"}],"up":[{"embeddable":true,"href":"https:\/\/guide.zero-carbon-skane.org\/sv\/wp-json\/wp\/v2\/pages\/8"}],"wp:featuredmedia":[{"embeddable":true,"href":"https:\/\/guide.zero-carbon-skane.org\/sv\/wp-json\/wp\/v2\/media\/841"}],"wp:attachment":[{"href":"https:\/\/guide.zero-carbon-skane.org\/sv\/wp-json\/wp\/v2\/media?parent=17"}],"wp:term":[{"taxonomy":"category","embeddable":true,"href":"https:\/\/guide.zero-carbon-skane.org\/sv\/wp-json\/wp\/v2\/categories?post=17"},{"taxonomy":"post_tag","embeddable":true,"href":"https:\/\/guide.zero-carbon-skane.org\/sv\/wp-json\/wp\/v2\/tags?post=17"}],"curies":[{"name":"wp","href":"https:\/\/api.w.org\/{rel}","templated":true}]}}