{"id":168,"date":"2022-09-26T09:51:50","date_gmt":"2022-09-26T09:51:50","guid":{"rendered":"https:\/\/guide.zero-carbon-skane.org\/?page_id=168"},"modified":"2023-03-23T11:34:43","modified_gmt":"2023-03-23T11:34:43","slug":"tollarp","status":"publish","type":"page","link":"https:\/\/guide.zero-carbon-skane.org\/sv\/places\/northeast-the-lakelands\/kristianstad\/tollarp\/","title":{"rendered":"Tollarp"},"content":{"rendered":"<p>K\u00f6r sydv\u00e4st fr\u00e5n <a href=\"https:\/\/guide.zero-carbon-skane.org\/sv\/places\/northeast-the-lakelands\/kristianstad\/\" data-type=\"page\" data-id=\"58\">Kristianstad<\/a>, l\u00e4ngs den \u00e4ldre, nedlagda str\u00e4ckan av motorv\u00e4gen E22 - b\u00e4ttre att ta cykeln, faktiskt - och du kommer att m\u00e4rka att de prydliga f\u00e4lten och jordbruksmarkerna b\u00f6rjar ge vika f\u00f6r tjocka, tysta skogspartier.<\/p>\n\n\n\n<p>Detta \u00e4r i stort sett den plats d\u00e4r <a href=\"https:\/\/guide.zero-carbon-skane.org\/sv\/places\/northeast-the-lakelands\/\" data-type=\"page\" data-id=\"57\">Vattenriket<\/a> ger vika f\u00f6r <a href=\"https:\/\/guide.zero-carbon-skane.org\/sv\/places\/central-heartlands\/\" data-type=\"page\" data-id=\"50\">K\u00e4rnlandet<\/a>: ett gr\u00e4nsland. Inv\u00e5narna i Tollarp kanske inte bryr sig s\u00e5 mycket om den termen, eller ens vet vad den betyder; livet \u00e4r enkelt i en stad som denna, och det \u00e4r s\u00e5 inv\u00e5narna vill ha det. Men de k\u00e4nner \u00e4nd\u00e5 igen gr\u00e4nslandet n\u00e4r de ser det, \u00e4ven om de inte k\u00e4nner till kategorin - och om du n\u00e4mner att <a href=\"https:\/\/guide.zero-carbon-skane.org\/sv\/activities\/sports-wellbeing\/pack-animals-running-with-wolves\/\" data-type=\"page\" data-id=\"170\">du \u00e4r i stan f\u00f6r att springa med vargarna<\/a>, kommer de att kategorisera dig (med r\u00e4tta) som en s\u00f6kare efter liminalitet.<\/p>\n\n\n\n<p>Du m\u00e5ste urs\u00e4kta de som himlar med \u00f6gonen - du \u00e4r trots allt en f\u00f6r dem lika fr\u00e4mmande varelse som de \u00e4r f\u00f6r dig. Spendera g\u00e4rna lite pengar i den lokala <a href=\"https:\/\/guide.zero-carbon-skane.org\/sv\/activities\/eating-drinking\/lanthandlar-a-revolution-in-rural-retail\/\" data-type=\"page\" data-id=\"275\">lanthandel<\/a> eller p\u00e5 vandrarhemmet innan du ger dig ut i vildmarken; det kanske r\u00e4cker f\u00f6r att \u00f6vertyga dem om att l\u00e4mna hunden i kenneln och hagelgev\u00e4ret i sk\u00e5pet \u00f6ver natten.<\/p>","protected":false},"excerpt":{"rendered":"<p>Inv\u00e5narna i Tollarp kanske inte bryr sig s\u00e5 mycket om termen \"liminal\", eller ens vet vad den betyder, men de k\u00e4nner \u00e4nd\u00e5 igen det liminala n\u00e4r de ser det.<\/p>","protected":false},"author":1,"featured_media":907,"parent":58,"menu_order":0,"comment_status":"closed","ping_status":"closed","template":"","meta":{"footnotes":""},"categories":[],"tags":[],"class_list":["post-168","page","type-page","status-publish","has-post-thumbnail","hentry"],"jetpack_sharing_enabled":true,"_links":{"self":[{"href":"https:\/\/guide.zero-carbon-skane.org\/sv\/wp-json\/wp\/v2\/pages\/168","targetHints":{"allow":["GET"]}}],"collection":[{"href":"https:\/\/guide.zero-carbon-skane.org\/sv\/wp-json\/wp\/v2\/pages"}],"about":[{"href":"https:\/\/guide.zero-carbon-skane.org\/sv\/wp-json\/wp\/v2\/types\/page"}],"author":[{"embeddable":true,"href":"https:\/\/guide.zero-carbon-skane.org\/sv\/wp-json\/wp\/v2\/users\/1"}],"replies":[{"embeddable":true,"href":"https:\/\/guide.zero-carbon-skane.org\/sv\/wp-json\/wp\/v2\/comments?post=168"}],"version-history":[{"count":3,"href":"https:\/\/guide.zero-carbon-skane.org\/sv\/wp-json\/wp\/v2\/pages\/168\/revisions"}],"predecessor-version":[{"id":908,"href":"https:\/\/guide.zero-carbon-skane.org\/sv\/wp-json\/wp\/v2\/pages\/168\/revisions\/908"}],"up":[{"embeddable":true,"href":"https:\/\/guide.zero-carbon-skane.org\/sv\/wp-json\/wp\/v2\/pages\/58"}],"wp:featuredmedia":[{"embeddable":true,"href":"https:\/\/guide.zero-carbon-skane.org\/sv\/wp-json\/wp\/v2\/media\/907"}],"wp:attachment":[{"href":"https:\/\/guide.zero-carbon-skane.org\/sv\/wp-json\/wp\/v2\/media?parent=168"}],"wp:term":[{"taxonomy":"category","embeddable":true,"href":"https:\/\/guide.zero-carbon-skane.org\/sv\/wp-json\/wp\/v2\/categories?post=168"},{"taxonomy":"post_tag","embeddable":true,"href":"https:\/\/guide.zero-carbon-skane.org\/sv\/wp-json\/wp\/v2\/tags?post=168"}],"curies":[{"name":"wp","href":"https:\/\/api.w.org\/{rel}","templated":true}]}}