{"id":163,"date":"2022-09-26T08:54:01","date_gmt":"2022-09-26T08:54:01","guid":{"rendered":"https:\/\/guide.zero-carbon-skane.org\/?page_id=163"},"modified":"2023-03-21T10:21:56","modified_gmt":"2023-03-21T10:21:56","slug":"orkelljunga","status":"publish","type":"page","link":"https:\/\/guide.zero-carbon-skane.org\/sv\/places\/northwest\/orkelljunga\/","title":{"rendered":"\u00d6rkelljunga"},"content":{"rendered":"<p>\u00d6rkelljunga <em>kommun<\/em> best\u00e5r till st\u00f6rsta delen av skog och ligger l\u00e4ngs Sk\u00e5nes norra kant och gr\u00e4nsar till b\u00e5de Kronobergs och Hallands l\u00e4n. Lite mer \u00e4n h\u00e4lften av befolkningen bor i sj\u00e4lva \u00d6rkelljunga, medan resten finns i en handfull mindre orter eller ute bland skogens skuggiga tystnad.<\/p>\n\n\n\n<p>Tystnad och n\u00e4rhet till naturen \u00e4r de utm\u00e4rkande egenskaperna f\u00f6r omr\u00e5det - \u00e4ven vid den redan mjuka grundtonen fr\u00e5n <a href=\"https:\/\/guide.zero-carbon-skane.org\/sv\/places\/northwest\/\" data-type=\"page\" data-id=\"61\">Sk\u00e5nska nordv\u00e4st<\/a>-vilket \u00e4r anledningen till att den f\u00f6r utomst\u00e5ende f\u00f6rmodligen \u00e4r mest k\u00e4nd som platsen f\u00f6r <a href=\"https:\/\/guide.zero-carbon-skane.org\/sv\/places\/northwest\/orkelljunga\/orkeltopia-eco-village\/\" data-type=\"page\" data-id=\"235\">m\u00e5nga ekobyar, framf\u00f6r allt \u00d6rkeltopia<\/a>.<\/p>","protected":false},"excerpt":{"rendered":"<p>Tystnad och n\u00e4rhet till naturen \u00e4r typiskt f\u00f6r omr\u00e5det - \u00e4ven n\u00e4r det g\u00e4ller den redan milda nordv\u00e4stra Sk\u00e5nska kusten.<\/p>","protected":false},"author":1,"featured_media":877,"parent":61,"menu_order":0,"comment_status":"closed","ping_status":"closed","template":"","meta":{"footnotes":""},"categories":[],"tags":[],"class_list":["post-163","page","type-page","status-publish","has-post-thumbnail","hentry"],"jetpack_sharing_enabled":true,"_links":{"self":[{"href":"https:\/\/guide.zero-carbon-skane.org\/sv\/wp-json\/wp\/v2\/pages\/163","targetHints":{"allow":["GET"]}}],"collection":[{"href":"https:\/\/guide.zero-carbon-skane.org\/sv\/wp-json\/wp\/v2\/pages"}],"about":[{"href":"https:\/\/guide.zero-carbon-skane.org\/sv\/wp-json\/wp\/v2\/types\/page"}],"author":[{"embeddable":true,"href":"https:\/\/guide.zero-carbon-skane.org\/sv\/wp-json\/wp\/v2\/users\/1"}],"replies":[{"embeddable":true,"href":"https:\/\/guide.zero-carbon-skane.org\/sv\/wp-json\/wp\/v2\/comments?post=163"}],"version-history":[{"count":4,"href":"https:\/\/guide.zero-carbon-skane.org\/sv\/wp-json\/wp\/v2\/pages\/163\/revisions"}],"predecessor-version":[{"id":878,"href":"https:\/\/guide.zero-carbon-skane.org\/sv\/wp-json\/wp\/v2\/pages\/163\/revisions\/878"}],"up":[{"embeddable":true,"href":"https:\/\/guide.zero-carbon-skane.org\/sv\/wp-json\/wp\/v2\/pages\/61"}],"wp:featuredmedia":[{"embeddable":true,"href":"https:\/\/guide.zero-carbon-skane.org\/sv\/wp-json\/wp\/v2\/media\/877"}],"wp:attachment":[{"href":"https:\/\/guide.zero-carbon-skane.org\/sv\/wp-json\/wp\/v2\/media?parent=163"}],"wp:term":[{"taxonomy":"category","embeddable":true,"href":"https:\/\/guide.zero-carbon-skane.org\/sv\/wp-json\/wp\/v2\/categories?post=163"},{"taxonomy":"post_tag","embeddable":true,"href":"https:\/\/guide.zero-carbon-skane.org\/sv\/wp-json\/wp\/v2\/tags?post=163"}],"curies":[{"name":"wp","href":"https:\/\/api.w.org\/{rel}","templated":true}]}}