{"id":16,"date":"2022-08-16T10:31:46","date_gmt":"2022-08-16T10:31:46","guid":{"rendered":"https:\/\/guide.zero-carbon-skane.org\/index.php\/southwest-metropolitan-zone\/greater-malmo\/bflostrand\/"},"modified":"2023-03-16T10:08:04","modified_gmt":"2023-03-16T10:08:04","slug":"bunkeflostrand","status":"publish","type":"page","link":"https:\/\/guide.zero-carbon-skane.org\/sv\/places\/southwest-metropolitan-zone\/greater-malmo\/bunkeflostrand\/","title":{"rendered":"Bunkeflostrand"},"content":{"rendered":"<p>S\u00f6der om Limhamn, p\u00e5 andra sidan E20:an som g\u00e5r runt de nedre delarna av <a href=\"https:\/\/guide.zero-carbon-skane.org\/sv\/places\/southwest-metropolitan-zone\/greater-malmo\/\" data-type=\"page\" data-id=\"8\">Malm\u00f6<\/a> ligger Bunkeflostrand. Omr\u00e5det har l\u00e4nge varit ett havsomr\u00e5de med \u00e4ngsmark innan det b\u00f6rjade sin resa \u00f6ver \u00d6resund till Danmark - men \u00e4ngen har flyttat p\u00e5 sig. Havsniv\u00e5h\u00f6jningarna har f\u00e5tt regeringen att f\u00f6rklara Bunkeflostrand som <em><a href=\"https:\/\/guide.zero-carbon-skane.org\/sv\/activities\/sightseeing\/living-it-up-in-liminal-landscapes-flexmark\/\" data-type=\"page\" data-id=\"309\">flexmark<\/a><\/em>, och den lilla f\u00f6rorten som v\u00e4xte fram h\u00e4r fr\u00e5n 1960-talet och fram\u00e5t \u00e4r nu en sp\u00f6kstad, om man bortser fr\u00e5n husockupanterna och twittrarna. Bes\u00f6k g\u00e4rna, under <a href=\"https:\/\/guide.zero-carbon-skane.org\/sv\/activities\/sightseeing\/living-it-up-in-liminal-landscapes-flexmark\/\" data-type=\"page\" data-id=\"309\">normala flexmark-regler<\/a>, men var medveten om att traumat med omlokaliseringen fortfarande \u00e4r ganska obearbetat h\u00e4r.<\/p>","protected":false},"excerpt":{"rendered":"<p>Bunkeflostrand har l\u00e4nge varit ett omr\u00e5de med havsstrand\u00e4ng - men \u00e4ngen har flyttat p\u00e5 sig.<\/p>","protected":false},"author":1,"featured_media":844,"parent":8,"menu_order":0,"comment_status":"closed","ping_status":"closed","template":"","meta":{"footnotes":""},"categories":[],"tags":[],"class_list":["post-16","page","type-page","status-publish","has-post-thumbnail","hentry"],"jetpack_sharing_enabled":true,"_links":{"self":[{"href":"https:\/\/guide.zero-carbon-skane.org\/sv\/wp-json\/wp\/v2\/pages\/16","targetHints":{"allow":["GET"]}}],"collection":[{"href":"https:\/\/guide.zero-carbon-skane.org\/sv\/wp-json\/wp\/v2\/pages"}],"about":[{"href":"https:\/\/guide.zero-carbon-skane.org\/sv\/wp-json\/wp\/v2\/types\/page"}],"author":[{"embeddable":true,"href":"https:\/\/guide.zero-carbon-skane.org\/sv\/wp-json\/wp\/v2\/users\/1"}],"replies":[{"embeddable":true,"href":"https:\/\/guide.zero-carbon-skane.org\/sv\/wp-json\/wp\/v2\/comments?post=16"}],"version-history":[{"count":2,"href":"https:\/\/guide.zero-carbon-skane.org\/sv\/wp-json\/wp\/v2\/pages\/16\/revisions"}],"predecessor-version":[{"id":847,"href":"https:\/\/guide.zero-carbon-skane.org\/sv\/wp-json\/wp\/v2\/pages\/16\/revisions\/847"}],"up":[{"embeddable":true,"href":"https:\/\/guide.zero-carbon-skane.org\/sv\/wp-json\/wp\/v2\/pages\/8"}],"wp:featuredmedia":[{"embeddable":true,"href":"https:\/\/guide.zero-carbon-skane.org\/sv\/wp-json\/wp\/v2\/media\/844"}],"wp:attachment":[{"href":"https:\/\/guide.zero-carbon-skane.org\/sv\/wp-json\/wp\/v2\/media?parent=16"}],"wp:term":[{"taxonomy":"category","embeddable":true,"href":"https:\/\/guide.zero-carbon-skane.org\/sv\/wp-json\/wp\/v2\/categories?post=16"},{"taxonomy":"post_tag","embeddable":true,"href":"https:\/\/guide.zero-carbon-skane.org\/sv\/wp-json\/wp\/v2\/tags?post=16"}],"curies":[{"name":"wp","href":"https:\/\/api.w.org\/{rel}","templated":true}]}}