{"id":155,"date":"2022-09-26T08:46:24","date_gmt":"2022-09-26T08:46:24","guid":{"rendered":"https:\/\/guide.zero-carbon-skane.org\/?page_id=155"},"modified":"2023-03-23T12:41:15","modified_gmt":"2023-03-23T12:41:15","slug":"osby","status":"publish","type":"page","link":"https:\/\/guide.zero-carbon-skane.org\/sv\/places\/northeast-the-lakelands\/helge-a\/osby\/","title":{"rendered":"Osby"},"content":{"rendered":"<p>Osby <em>kommun<\/em> \u00e4r s\u00e5 l\u00e5ngt <a href=\"https:\/\/guide.zero-carbon-skane.org\/sv\/places\/northeast-the-lakelands\/\" data-type=\"page\" data-id=\"57\">nordost<\/a> som du kan komma i Sk\u00e5ne utan att hamna i Kronoberg eller Blekinge l\u00e4n. Staden \u00e4r den \u00f6verl\u00e4gset st\u00f6rsta i denna m\u00e4rkligt formade administrativa region och den mest troliga och b\u00e4sta anledningen till att hamna h\u00e4r \u00e4r n\u00e4rheten till den h\u00f6gsta navigerbara punkten p\u00e5 <a href=\"https:\/\/guide.zero-carbon-skane.org\/sv\/places\/northeast-the-lakelands\/helge-a\/\" data-type=\"page\" data-id=\"59\">Helge \u00e5<\/a>.<\/p>\n\n\n\n<p>S\u00f6der om staden finns Osbysj\u00f6n som \u00e4r en mycket popul\u00e4r plats f\u00f6r b\u00e5tturer, men du m\u00e5ste ta dig f\u00f6rbi de st\u00f6rre vattenkraftverken innan du verkligen kan r\u00f6ra dig mot kusten, om det \u00e4r det du vill. N\u00e4r du v\u00e4l \u00e4r p\u00e5 den nedre delen av floden kan du segla hela v\u00e4gen till <a href=\"https:\/\/guide.zero-carbon-skane.org\/sv\/places\/northeast-the-lakelands\/ahus\/\" data-type=\"page\" data-id=\"60\">\u00c5hus<\/a>... f\u00f6rutsatt att du inte blir distraherad av n\u00e5gon av st\u00e4derna (eller <a href=\"https:\/\/guide.zero-carbon-skane.org\/sv\/places\/northeast-the-lakelands\/kristianstad\/hammersjon\/\" data-type=\"page\" data-id=\"177\">vattenlevande samh\u00e4llen<\/a>) l\u00e4ngs v\u00e4gen.<\/p>","protected":false},"excerpt":{"rendered":"<p>Osbysj\u00f6n s\u00f6der om staden \u00e4r en popul\u00e4r plats f\u00f6r b\u00e5tturer, men du m\u00e5ste ta dig f\u00f6rbi vattenkraftverken innan du verkligen kan r\u00f6ra dig mot kusten.<\/p>","protected":false},"author":1,"featured_media":919,"parent":59,"menu_order":0,"comment_status":"closed","ping_status":"closed","template":"","meta":{"footnotes":""},"categories":[],"tags":[],"class_list":["post-155","page","type-page","status-publish","has-post-thumbnail","hentry"],"jetpack_sharing_enabled":true,"_links":{"self":[{"href":"https:\/\/guide.zero-carbon-skane.org\/sv\/wp-json\/wp\/v2\/pages\/155","targetHints":{"allow":["GET"]}}],"collection":[{"href":"https:\/\/guide.zero-carbon-skane.org\/sv\/wp-json\/wp\/v2\/pages"}],"about":[{"href":"https:\/\/guide.zero-carbon-skane.org\/sv\/wp-json\/wp\/v2\/types\/page"}],"author":[{"embeddable":true,"href":"https:\/\/guide.zero-carbon-skane.org\/sv\/wp-json\/wp\/v2\/users\/1"}],"replies":[{"embeddable":true,"href":"https:\/\/guide.zero-carbon-skane.org\/sv\/wp-json\/wp\/v2\/comments?post=155"}],"version-history":[{"count":2,"href":"https:\/\/guide.zero-carbon-skane.org\/sv\/wp-json\/wp\/v2\/pages\/155\/revisions"}],"predecessor-version":[{"id":920,"href":"https:\/\/guide.zero-carbon-skane.org\/sv\/wp-json\/wp\/v2\/pages\/155\/revisions\/920"}],"up":[{"embeddable":true,"href":"https:\/\/guide.zero-carbon-skane.org\/sv\/wp-json\/wp\/v2\/pages\/59"}],"wp:featuredmedia":[{"embeddable":true,"href":"https:\/\/guide.zero-carbon-skane.org\/sv\/wp-json\/wp\/v2\/media\/919"}],"wp:attachment":[{"href":"https:\/\/guide.zero-carbon-skane.org\/sv\/wp-json\/wp\/v2\/media?parent=155"}],"wp:term":[{"taxonomy":"category","embeddable":true,"href":"https:\/\/guide.zero-carbon-skane.org\/sv\/wp-json\/wp\/v2\/categories?post=155"},{"taxonomy":"post_tag","embeddable":true,"href":"https:\/\/guide.zero-carbon-skane.org\/sv\/wp-json\/wp\/v2\/tags?post=155"}],"curies":[{"name":"wp","href":"https:\/\/api.w.org\/{rel}","templated":true}]}}