{"id":153,"date":"2022-09-26T08:44:01","date_gmt":"2022-09-26T08:44:01","guid":{"rendered":"https:\/\/guide.zero-carbon-skane.org\/?page_id=153"},"modified":"2023-03-23T13:19:54","modified_gmt":"2023-03-23T13:19:54","slug":"bromolla","status":"publish","type":"page","link":"https:\/\/guide.zero-carbon-skane.org\/sv\/places\/northeast-the-lakelands\/bromolla\/","title":{"rendered":"Brom\u00f6lla"},"content":{"rendered":"<p>Brom\u00f6lla \u00e4r den sista anhalten innan Sk\u00e5ne ger vika f\u00f6r Blekinge l\u00e4n vid dess <a href=\"https:\/\/guide.zero-carbon-skane.org\/sv\/places\/northeast-the-lakelands\/\" data-type=\"page\" data-id=\"57\">nord\u00f6stra<\/a>- h\u00f6rnet. Staden som gett namn \u00e5t regionen har en l\u00e5ng industrihistoria med fokus p\u00e5 keramik (s\u00e4rskilt badrumsinredning) och produktion av pappersmassa och papper. Brom\u00f6lla ligger vid Iv\u00f6sj\u00f6ns \u00f6stra strand och \u00e4r en bra utg\u00e5ngspunkt f\u00f6r att utforska de n\u00e4rliggande naturreservaten, eller vandra p\u00e5 stigarna mellan \u00e5krarna i jakt p\u00e5 de m\u00e5nga gravplatser och h\u00e4llristningar fr\u00e5n sten\u00e5ldern som finns i omr\u00e5det. <\/p>\n\n\n\n<p>(Ett litet r\u00e5d: h\u00e5ll dig till stigarna och lita inte f\u00f6r mycket p\u00e5 din GPS! Vissa ortsbor h\u00e4vdar att andarna fr\u00e5n de d\u00f6da som ligger rastl\u00f6sa i sina gravar p\u00e5 n\u00e5got s\u00e4tt st\u00f6r signalerna; denna teori l\u00e5ter mycket mindre osannolik n\u00e4r du har vandrat f\u00f6rbi samma st\u00e4tta f\u00f6r sjunde g\u00e5ngen p\u00e5 en timme utan att hitta ett j\u00e4vla dugg). <\/p>\n\n\n\n<p>Det \u00e4r ocks\u00e5 v\u00e4rt att notera att \u00e4ven om Sk\u00e5ne verkligen inte \u00e4r naturligt utrustat f\u00f6r de mer extrema formerna av kl\u00e4ttringskonst, \u00e4r naturreservatet Kjugekull p\u00e5 v\u00e4stra sidan av Iv\u00f6sj\u00f6n den b\u00e4sta utomhusplatsen f\u00f6r bouldering i l\u00e4net... men om du gillar att festa h\u00e5rt efter en l\u00e5ng dags session p\u00e5 klipporna, kanske du vill <a href=\"https:\/\/guide.zero-carbon-skane.org\/sv\/places\/northeast-the-lakelands\/kristianstad\/\" data-type=\"page\" data-id=\"58\">stanna i Kristianstad ist\u00e4llet<\/a>. Observera att kollektivtrafiken p\u00e5 vissa av dessa mindre rutter endast \u00e4r tillg\u00e4nglig p\u00e5 beg\u00e4ran; <a href=\"https:\/\/guide.zero-carbon-skane.org\/sv\/advice\/travel-mobility\/skane-in-the-palm-of-your-hand-the-mobil-transport-app\/\" data-type=\"page\" data-id=\"396\">se v\u00e5r guide f\u00f6r att ta dig runt f\u00f6r mer information<\/a>.<\/p>","protected":false},"excerpt":{"rendered":"<p>Den stad som gett namn \u00e5t regionen har en l\u00e5ng industrihistoria med keramik (s\u00e4rskilt badrumsinredning) och tillverkning av tr\u00e4massa och papper i centrum.<\/p>","protected":false},"author":1,"featured_media":923,"parent":57,"menu_order":0,"comment_status":"closed","ping_status":"closed","template":"","meta":{"footnotes":""},"categories":[],"tags":[],"class_list":["post-153","page","type-page","status-publish","has-post-thumbnail","hentry"],"jetpack_sharing_enabled":true,"_links":{"self":[{"href":"https:\/\/guide.zero-carbon-skane.org\/sv\/wp-json\/wp\/v2\/pages\/153","targetHints":{"allow":["GET"]}}],"collection":[{"href":"https:\/\/guide.zero-carbon-skane.org\/sv\/wp-json\/wp\/v2\/pages"}],"about":[{"href":"https:\/\/guide.zero-carbon-skane.org\/sv\/wp-json\/wp\/v2\/types\/page"}],"author":[{"embeddable":true,"href":"https:\/\/guide.zero-carbon-skane.org\/sv\/wp-json\/wp\/v2\/users\/1"}],"replies":[{"embeddable":true,"href":"https:\/\/guide.zero-carbon-skane.org\/sv\/wp-json\/wp\/v2\/comments?post=153"}],"version-history":[{"count":2,"href":"https:\/\/guide.zero-carbon-skane.org\/sv\/wp-json\/wp\/v2\/pages\/153\/revisions"}],"predecessor-version":[{"id":924,"href":"https:\/\/guide.zero-carbon-skane.org\/sv\/wp-json\/wp\/v2\/pages\/153\/revisions\/924"}],"up":[{"embeddable":true,"href":"https:\/\/guide.zero-carbon-skane.org\/sv\/wp-json\/wp\/v2\/pages\/57"}],"wp:featuredmedia":[{"embeddable":true,"href":"https:\/\/guide.zero-carbon-skane.org\/sv\/wp-json\/wp\/v2\/media\/923"}],"wp:attachment":[{"href":"https:\/\/guide.zero-carbon-skane.org\/sv\/wp-json\/wp\/v2\/media?parent=153"}],"wp:term":[{"taxonomy":"category","embeddable":true,"href":"https:\/\/guide.zero-carbon-skane.org\/sv\/wp-json\/wp\/v2\/categories?post=153"},{"taxonomy":"post_tag","embeddable":true,"href":"https:\/\/guide.zero-carbon-skane.org\/sv\/wp-json\/wp\/v2\/tags?post=153"}],"curies":[{"name":"wp","href":"https:\/\/api.w.org\/{rel}","templated":true}]}}