{"id":147,"date":"2022-09-26T08:42:28","date_gmt":"2022-09-26T08:42:28","guid":{"rendered":"https:\/\/guide.zero-carbon-skane.org\/?page_id=147"},"modified":"2023-03-21T12:18:17","modified_gmt":"2023-03-21T12:18:17","slug":"ostra-goinge","status":"publish","type":"page","link":"https:\/\/guide.zero-carbon-skane.org\/sv\/places\/northeast-the-lakelands\/ostra-goinge\/","title":{"rendered":"\u00d6stra G\u00f6inge"},"content":{"rendered":"<p>\u00d6stra G\u00f6inge <em>kommun<\/em> ligger norr om <a href=\"https:\/\/guide.zero-carbon-skane.org\/sv\/places\/northeast-the-lakelands\/kristianstad\/\" data-type=\"page\" data-id=\"58\">Kristianstad<\/a>, med <a href=\"https:\/\/guide.zero-carbon-skane.org\/sv\/places\/central-heartlands\/hassleholm\/\" data-type=\"page\" data-id=\"55\">H\u00e4ssleholm<\/a> i sydv\u00e4st. Regionen \u00e4r medelstor och till stor del lantlig och de tv\u00e5 st\u00f6rsta st\u00e4derna \u00e4r Broby och Knislinge. Broby har l\u00e4nge varit k\u00e4nt f\u00f6r sina tv\u00e5 \u00e5rliga marknader, som har f\u00e5tt ett uppsving i storlek och popularitet under de senaste \u00e5ren; populariteten f\u00f6r naturcentrerade aktiviteter i denna del av landet bekr\u00e4ftas av stadens museum som \u00e4gnar sig \u00e5t allt som har med \"friluftsliv\" att g\u00f6ra.<\/p>","protected":false},"excerpt":{"rendered":"<p>Att naturn\u00e4ra aktiviteter \u00e4r popul\u00e4ra i \u00d6stra G\u00f6inge bevisas av att Broby har ett museum f\u00f6r allt som har med \"friluftsliv\" att g\u00f6ra.<\/p>","protected":false},"author":1,"featured_media":889,"parent":57,"menu_order":0,"comment_status":"closed","ping_status":"closed","template":"","meta":{"footnotes":""},"categories":[],"tags":[],"class_list":["post-147","page","type-page","status-publish","has-post-thumbnail","hentry"],"jetpack_sharing_enabled":true,"_links":{"self":[{"href":"https:\/\/guide.zero-carbon-skane.org\/sv\/wp-json\/wp\/v2\/pages\/147","targetHints":{"allow":["GET"]}}],"collection":[{"href":"https:\/\/guide.zero-carbon-skane.org\/sv\/wp-json\/wp\/v2\/pages"}],"about":[{"href":"https:\/\/guide.zero-carbon-skane.org\/sv\/wp-json\/wp\/v2\/types\/page"}],"author":[{"embeddable":true,"href":"https:\/\/guide.zero-carbon-skane.org\/sv\/wp-json\/wp\/v2\/users\/1"}],"replies":[{"embeddable":true,"href":"https:\/\/guide.zero-carbon-skane.org\/sv\/wp-json\/wp\/v2\/comments?post=147"}],"version-history":[{"count":3,"href":"https:\/\/guide.zero-carbon-skane.org\/sv\/wp-json\/wp\/v2\/pages\/147\/revisions"}],"predecessor-version":[{"id":893,"href":"https:\/\/guide.zero-carbon-skane.org\/sv\/wp-json\/wp\/v2\/pages\/147\/revisions\/893"}],"up":[{"embeddable":true,"href":"https:\/\/guide.zero-carbon-skane.org\/sv\/wp-json\/wp\/v2\/pages\/57"}],"wp:featuredmedia":[{"embeddable":true,"href":"https:\/\/guide.zero-carbon-skane.org\/sv\/wp-json\/wp\/v2\/media\/889"}],"wp:attachment":[{"href":"https:\/\/guide.zero-carbon-skane.org\/sv\/wp-json\/wp\/v2\/media?parent=147"}],"wp:term":[{"taxonomy":"category","embeddable":true,"href":"https:\/\/guide.zero-carbon-skane.org\/sv\/wp-json\/wp\/v2\/categories?post=147"},{"taxonomy":"post_tag","embeddable":true,"href":"https:\/\/guide.zero-carbon-skane.org\/sv\/wp-json\/wp\/v2\/tags?post=147"}],"curies":[{"name":"wp","href":"https:\/\/api.w.org\/{rel}","templated":true}]}}