{"id":143,"date":"2022-09-26T08:37:48","date_gmt":"2022-09-26T08:37:48","guid":{"rendered":"https:\/\/guide.zero-carbon-skane.org\/?page_id=143"},"modified":"2023-03-08T14:00:31","modified_gmt":"2023-03-08T14:00:31","slug":"torna-hallestad","status":"publish","type":"page","link":"https:\/\/guide.zero-carbon-skane.org\/sv\/places\/southwest-metropolitan-zone\/lund\/dalby-plus-eastern-villages\/torna-hallestad\/","title":{"rendered":"Torna H\u00e4llestad"},"content":{"rendered":"<p>\u00c4r Torna H\u00e4llestad en by, eller \u00e4r det en sm\u00e5stad? Denna fr\u00e5ga m\u00e5ste v\u00e4l \u00e4nd\u00e5 bekymra n\u00e5gon regional tj\u00e4nsteman n\u00e5gonstans p\u00e5 ett kontor i <a href=\"https:\/\/guide.zero-carbon-skane.org\/sv\/places\/southwest-metropolitan-zone\/lund\/\" data-type=\"page\" data-id=\"18\">Lund<\/a>, till vars <em>kommun<\/em> platsen h\u00f6r hemma... och kanske irriterar det bes\u00f6kare fr\u00e5n andra l\u00e4nder, f\u00f6r vilka de relativa storlekar som s\u00e5dana kategorier antyder passar d\u00e5ligt f\u00f6r Sveriges vidstr\u00e4ckta landskap och relativt lilla befolkning. <\/p>\n\n\n\n<p>Det bekymrar dock inte Torna H\u00e4llestads inv\u00e5nare ett dugg; de har mycket b\u00e4ttre saker att diskutera. Diskussion - som v\u00e5r hypotetiskt irriterade utomst\u00e5ende kanske vill kalla \"direktdemokrati\", \"deltagande lokalpolitik\" eller n\u00e5got liknande - \u00e4r en stor del av vad som h\u00e4nder h\u00e4r. Det \u00e4r en tradition som f\u00f6rmodligen kan sp\u00e5ras tillbaka till <a href=\"https:\/\/guide.zero-carbon-skane.org\/sv\/activities\/eating-drinking\/lanthandlar-a-revolution-in-rural-retail\/\" data-type=\"page\" data-id=\"275\">grundandet av Torna H\u00e4llastad <em>lanthandel<\/em> f\u00f6r tre decennier sedan<\/a>: ett beslut som fick stor effekt, inte bara h\u00e4r utan i hela Sverige n\u00e4r id\u00e9n spreds och blev en r\u00f6relse. <\/p>\n\n\n\n<p>Torna H\u00e4llastad framst\u00e5r \u00e4n idag som ett samh\u00e4lle som \u00e4r mycket engagerat i att forma sitt eget \u00f6de och leva i harmoni med sin omgivning ... och med omgivningar som denna (s\u00e4rskilt Gryteskogs naturreservat) kan du f\u00f6rst\u00e5 varf\u00f6r!<\/p>","protected":false},"excerpt":{"rendered":"<p>Torna H\u00e4llastad sticker ut som ett samh\u00e4lle som \u00e4r mycket engagerat i att forma sitt eget \u00f6de och leva i harmoni med sin omgivning ... och med omgivningar som denna kan du f\u00f6rst\u00e5 varf\u00f6r!<\/p>","protected":false},"author":1,"featured_media":758,"parent":23,"menu_order":0,"comment_status":"closed","ping_status":"closed","template":"","meta":{"footnotes":""},"categories":[],"tags":[],"class_list":["post-143","page","type-page","status-publish","has-post-thumbnail","hentry"],"jetpack_sharing_enabled":true,"_links":{"self":[{"href":"https:\/\/guide.zero-carbon-skane.org\/sv\/wp-json\/wp\/v2\/pages\/143","targetHints":{"allow":["GET"]}}],"collection":[{"href":"https:\/\/guide.zero-carbon-skane.org\/sv\/wp-json\/wp\/v2\/pages"}],"about":[{"href":"https:\/\/guide.zero-carbon-skane.org\/sv\/wp-json\/wp\/v2\/types\/page"}],"author":[{"embeddable":true,"href":"https:\/\/guide.zero-carbon-skane.org\/sv\/wp-json\/wp\/v2\/users\/1"}],"replies":[{"embeddable":true,"href":"https:\/\/guide.zero-carbon-skane.org\/sv\/wp-json\/wp\/v2\/comments?post=143"}],"version-history":[{"count":2,"href":"https:\/\/guide.zero-carbon-skane.org\/sv\/wp-json\/wp\/v2\/pages\/143\/revisions"}],"predecessor-version":[{"id":759,"href":"https:\/\/guide.zero-carbon-skane.org\/sv\/wp-json\/wp\/v2\/pages\/143\/revisions\/759"}],"up":[{"embeddable":true,"href":"https:\/\/guide.zero-carbon-skane.org\/sv\/wp-json\/wp\/v2\/pages\/23"}],"wp:featuredmedia":[{"embeddable":true,"href":"https:\/\/guide.zero-carbon-skane.org\/sv\/wp-json\/wp\/v2\/media\/758"}],"wp:attachment":[{"href":"https:\/\/guide.zero-carbon-skane.org\/sv\/wp-json\/wp\/v2\/media?parent=143"}],"wp:term":[{"taxonomy":"category","embeddable":true,"href":"https:\/\/guide.zero-carbon-skane.org\/sv\/wp-json\/wp\/v2\/categories?post=143"},{"taxonomy":"post_tag","embeddable":true,"href":"https:\/\/guide.zero-carbon-skane.org\/sv\/wp-json\/wp\/v2\/tags?post=143"}],"curies":[{"name":"wp","href":"https:\/\/api.w.org\/{rel}","templated":true}]}}