{"id":141,"date":"2022-09-26T08:37:09","date_gmt":"2022-09-26T08:37:09","guid":{"rendered":"https:\/\/guide.zero-carbon-skane.org\/?page_id=141"},"modified":"2023-03-13T10:33:45","modified_gmt":"2023-03-13T10:33:45","slug":"sodra-sandby","status":"publish","type":"page","link":"https:\/\/guide.zero-carbon-skane.org\/sv\/places\/southwest-metropolitan-zone\/lund\/dalby-plus-eastern-villages\/sodra-sandby\/","title":{"rendered":"S\u00f6dra Sandby"},"content":{"rendered":"<p>S\u00f6dra Sandby \u00e4r en annan av de utspridda <a href=\"https:\/\/guide.zero-carbon-skane.org\/sv\/places\/southwest-metropolitan-zone\/lund\/dalby-plus-eastern-villages\/\" data-type=\"page\" data-id=\"23\">\u00f6stra byarna<\/a> i <a href=\"https:\/\/guide.zero-carbon-skane.org\/sv\/places\/southwest-metropolitan-zone\/lund\/\" data-type=\"page\" data-id=\"18\">Lund <em>kommun<\/em><\/a>, som utg\u00f6r en bra utg\u00e5ngspunkt f\u00f6r en dags str\u00f6vt\u00e5g i omgivande jordbrukslandskap och naturreservat - men mest lockande \u00e4r det f\u00f6r den h\u00e4stintresserade, eftersom detta \u00e4r Sk\u00e5nes stuteriomr\u00e5de. <\/p>\n\n\n\n<p>(I sj\u00e4lva verket \u00e4r lilla Flyinge, en annan by norr om S\u00f6dra Sandby, det bultande hj\u00e4rtat f\u00f6r h\u00e4stverksamheten i omr\u00e5det ... men lycka till med att hitta n\u00e5gonstans att bo d\u00e4r ute, s\u00e4rskilt om det \u00e4r n\u00e5gon speciell h\u00e4ndelse i ant\u00e5gande. Du kanske kommer att beh\u00f6va k\u00e4mpa f\u00f6r din plats...)<\/p>","protected":false},"excerpt":{"rendered":"<p>S\u00f6dra Sandby \u00e4r en bra utg\u00e5ngspunkt f\u00f6r en dags str\u00f6vt\u00e5g bland odlingsmarker och naturreservat i n\u00e4rheten - men det \u00e4r framf\u00f6r allt h\u00e4stintresserade som lockas av omr\u00e5det.<\/p>","protected":false},"author":1,"featured_media":795,"parent":23,"menu_order":0,"comment_status":"closed","ping_status":"closed","template":"","meta":{"footnotes":""},"categories":[],"tags":[],"class_list":["post-141","page","type-page","status-publish","has-post-thumbnail","hentry"],"jetpack_sharing_enabled":true,"_links":{"self":[{"href":"https:\/\/guide.zero-carbon-skane.org\/sv\/wp-json\/wp\/v2\/pages\/141","targetHints":{"allow":["GET"]}}],"collection":[{"href":"https:\/\/guide.zero-carbon-skane.org\/sv\/wp-json\/wp\/v2\/pages"}],"about":[{"href":"https:\/\/guide.zero-carbon-skane.org\/sv\/wp-json\/wp\/v2\/types\/page"}],"author":[{"embeddable":true,"href":"https:\/\/guide.zero-carbon-skane.org\/sv\/wp-json\/wp\/v2\/users\/1"}],"replies":[{"embeddable":true,"href":"https:\/\/guide.zero-carbon-skane.org\/sv\/wp-json\/wp\/v2\/comments?post=141"}],"version-history":[{"count":3,"href":"https:\/\/guide.zero-carbon-skane.org\/sv\/wp-json\/wp\/v2\/pages\/141\/revisions"}],"predecessor-version":[{"id":772,"href":"https:\/\/guide.zero-carbon-skane.org\/sv\/wp-json\/wp\/v2\/pages\/141\/revisions\/772"}],"up":[{"embeddable":true,"href":"https:\/\/guide.zero-carbon-skane.org\/sv\/wp-json\/wp\/v2\/pages\/23"}],"wp:featuredmedia":[{"embeddable":true,"href":"https:\/\/guide.zero-carbon-skane.org\/sv\/wp-json\/wp\/v2\/media\/795"}],"wp:attachment":[{"href":"https:\/\/guide.zero-carbon-skane.org\/sv\/wp-json\/wp\/v2\/media?parent=141"}],"wp:term":[{"taxonomy":"category","embeddable":true,"href":"https:\/\/guide.zero-carbon-skane.org\/sv\/wp-json\/wp\/v2\/categories?post=141"},{"taxonomy":"post_tag","embeddable":true,"href":"https:\/\/guide.zero-carbon-skane.org\/sv\/wp-json\/wp\/v2\/tags?post=141"}],"curies":[{"name":"wp","href":"https:\/\/api.w.org\/{rel}","templated":true}]}}