{"id":14,"date":"2022-08-16T10:31:44","date_gmt":"2022-08-16T10:31:44","guid":{"rendered":"https:\/\/guide.zero-carbon-skane.org\/index.php\/southwest-metropolitan-zone\/greater-malmo\/limnhamn\/"},"modified":"2023-03-23T11:52:18","modified_gmt":"2023-03-23T11:52:18","slug":"limhamn","status":"publish","type":"page","link":"https:\/\/guide.zero-carbon-skane.org\/sv\/places\/southwest-metropolitan-zone\/greater-malmo\/limhamn\/","title":{"rendered":"Limhamn"},"content":{"rendered":"<p>Nu en v\u00e4lb\u00e4rgad stadsdel i <a href=\"https:\/\/guide.zero-carbon-skane.org\/sv\/places\/southwest-metropolitan-zone\/greater-malmo\/\" data-type=\"page\" data-id=\"8\">Stor-Malm\u00f6<\/a>, men fr\u00e5n b\u00f6rjan s\u00e5 var Limhamn fr\u00e4mst k\u00e4nd som en fiskeby under 1600-talet. Men som namnet antyder - det \u00f6vers\u00e4tts tydligt och enkelt med \"kalkhamn\" - s\u00e5 var platsen innan dess fr\u00e4mst k\u00e4nd som en k\u00e4lla p\u00e5 krita och kalksten.<\/p>\n\n\n\n<p>Det imponerande lokala landm\u00e4rket \u00e4r d\u00e4rf\u00f6r n\u00e5got sv\u00e5rt att se f\u00f6rr\u00e4n man mer eller mindre st\u00e5r precis intill det: det gamla <em>Kalkbrottet<\/em> t\u00e4cker n\u00e4stan en lika stor yta som <em>gamla v\u00e4ster<\/em>, men den inneh\u00e5ller en helt annan upps\u00e4ttning sev\u00e4rdheter och mysterier.<\/p>\n\n\n\n<p>Det finns dock andra anledningar att bes\u00f6ka Limhamn - s\u00e4rskilt om du \u00e4r intresserad av sm\u00e5b\u00e5tar, f\u00e4rsk fisk som serveras n\u00e4ra hamnen, eller den distinkta och, ah, <em>karakt\u00e4rsfulla<\/em> arkitektoniska smak som gynnades av f\u00f6rm\u00f6gna sk\u00e5ningar och byggherrar f\u00f6r massbost\u00e4der i b\u00f6rjan av 2000-talet. <\/p>\n\n\n\n<p>Till omr\u00e5det h\u00f6r ocks\u00e5 Sibbarp, kuststr\u00e4ckan omedelbart norr om \u00d6resundsbron: h\u00e4r finns inga sandstr\u00e4nder och omr\u00e5det har en helt annan atmosf\u00e4r \u00e4n <a href=\"https:\/\/guide.zero-carbon-skane.org\/sv\/places\/southwest-metropolitan-zone\/greater-malmo\/stora-stranden\/\" data-type=\"page\" data-id=\"120\">Ribersborg<\/a> (i norr), och tenderar att gynna en \u00e4ldre, lugnare publik, s\u00e4rskilt runt semesterl\u00e4gren och <em>kolonierna<\/em> mot bron.<\/p>","protected":false},"excerpt":{"rendered":"<p>Limhamns roll som fiskeby drog ig\u00e5ng ordentligt p\u00e5 1600-talet, men som namnet antyder var platsen fr\u00e4mst k\u00e4nt som en k\u00e4lla av krita och kalksten.<\/p>","protected":false},"author":1,"featured_media":910,"parent":8,"menu_order":0,"comment_status":"closed","ping_status":"closed","template":"","meta":{"footnotes":""},"categories":[],"tags":[],"class_list":["post-14","page","type-page","status-publish","has-post-thumbnail","hentry"],"jetpack_sharing_enabled":true,"_links":{"self":[{"href":"https:\/\/guide.zero-carbon-skane.org\/sv\/wp-json\/wp\/v2\/pages\/14","targetHints":{"allow":["GET"]}}],"collection":[{"href":"https:\/\/guide.zero-carbon-skane.org\/sv\/wp-json\/wp\/v2\/pages"}],"about":[{"href":"https:\/\/guide.zero-carbon-skane.org\/sv\/wp-json\/wp\/v2\/types\/page"}],"author":[{"embeddable":true,"href":"https:\/\/guide.zero-carbon-skane.org\/sv\/wp-json\/wp\/v2\/users\/1"}],"replies":[{"embeddable":true,"href":"https:\/\/guide.zero-carbon-skane.org\/sv\/wp-json\/wp\/v2\/comments?post=14"}],"version-history":[{"count":1,"href":"https:\/\/guide.zero-carbon-skane.org\/sv\/wp-json\/wp\/v2\/pages\/14\/revisions"}],"predecessor-version":[{"id":911,"href":"https:\/\/guide.zero-carbon-skane.org\/sv\/wp-json\/wp\/v2\/pages\/14\/revisions\/911"}],"up":[{"embeddable":true,"href":"https:\/\/guide.zero-carbon-skane.org\/sv\/wp-json\/wp\/v2\/pages\/8"}],"wp:featuredmedia":[{"embeddable":true,"href":"https:\/\/guide.zero-carbon-skane.org\/sv\/wp-json\/wp\/v2\/media\/910"}],"wp:attachment":[{"href":"https:\/\/guide.zero-carbon-skane.org\/sv\/wp-json\/wp\/v2\/media?parent=14"}],"wp:term":[{"taxonomy":"category","embeddable":true,"href":"https:\/\/guide.zero-carbon-skane.org\/sv\/wp-json\/wp\/v2\/categories?post=14"},{"taxonomy":"post_tag","embeddable":true,"href":"https:\/\/guide.zero-carbon-skane.org\/sv\/wp-json\/wp\/v2\/tags?post=14"}],"curies":[{"name":"wp","href":"https:\/\/api.w.org\/{rel}","templated":true}]}}