{"id":139,"date":"2022-09-26T08:36:09","date_gmt":"2022-09-26T08:36:09","guid":{"rendered":"https:\/\/guide.zero-carbon-skane.org\/?page_id=139"},"modified":"2023-03-09T09:33:59","modified_gmt":"2023-03-09T09:33:59","slug":"dalby","status":"publish","type":"page","link":"https:\/\/guide.zero-carbon-skane.org\/sv\/places\/southwest-metropolitan-zone\/lund\/dalby-plus-eastern-villages\/dalby\/","title":{"rendered":"Dalby"},"content":{"rendered":"<p>Vi redakt\u00f6rer p\u00e5 Rough Planet gillar inte att v\u00e4lja favoriter, men om du verkligen pressar oss kanske vi skulle vara villiga att s\u00e4ga att bland <a href=\"https:\/\/guide.zero-carbon-skane.org\/sv\/places\/southwest-metropolitan-zone\/lund\/dalby-plus-eastern-villages\/\" data-type=\"page\" data-id=\"23\">byarna i den \u00f6stra delen<\/a> i <a href=\"https:\/\/guide.zero-carbon-skane.org\/sv\/places\/southwest-metropolitan-zone\/lund\/\" data-type=\"page\" data-id=\"18\">Lund <em>kommun<\/em><\/a>, s\u00e5 \u00e4r Dalby en riktig p\u00e4rla. Varf\u00f6r det, h\u00f6r jag dig fr\u00e5ga? Tja, du m\u00e5ste bes\u00f6ka Dalby f\u00f6r att verkligen f\u00f6rst\u00e5 - det \u00e4r kanske n\u00e5got med atmosf\u00e4ren.<\/p>\n\n\n\n<p>Dalby \u00e4r en utm\u00e4rkt utg\u00e5ngspunkt f\u00f6r att utforska det vackra intilliggande landskapet, och \u00e4r en plats att \u00e5terv\u00e4nda till f\u00f6r en god m\u00e5ltid efter att du har vandrat eller cyklat runt hela dagen. Dalby <em>Stenbrott<\/em> (gammalt stenbrott), \u00e4r en av m\u00e5nga s\u00e5dana f\u00f6re detta industriomr\u00e5den som har till\u00e5tits f\u00f6rvandlas till unika mikroklimatiska ekosystem! Du kanske till och med vill ta ett dopp i vattnet en varm dag... men observera att det \u00e4kta sk\u00e5nska s\u00e4ttet att bada inneb\u00e4r att man g\u00f6r det utan kl\u00e4der. Ingen kommer att tycka illa om dig f\u00f6r att du b\u00e4r badbyxor - eller \u00e5tminstone kommer ingen att s\u00e4ga n\u00e5got - men var beredd p\u00e5 att det kan finnas nakna svenskar som vandrar omkring p\u00e5 platsen. Det \u00e4r oartigt att stirra!<\/p>","protected":false},"excerpt":{"rendered":"<p>Dalby \u00e4r en utm\u00e4rkt utg\u00e5ngspunkt f\u00f6r att utforska det vackra lokala landskapet, och en plats att \u00e5terv\u00e4nda till f\u00f6r en god m\u00e5ltid efter att du har vandrat eller cyklat runt hela dagen. <\/p>","protected":false},"author":1,"featured_media":767,"parent":23,"menu_order":0,"comment_status":"closed","ping_status":"closed","template":"","meta":{"footnotes":""},"categories":[],"tags":[],"class_list":["post-139","page","type-page","status-publish","has-post-thumbnail","hentry"],"jetpack_sharing_enabled":true,"_links":{"self":[{"href":"https:\/\/guide.zero-carbon-skane.org\/sv\/wp-json\/wp\/v2\/pages\/139","targetHints":{"allow":["GET"]}}],"collection":[{"href":"https:\/\/guide.zero-carbon-skane.org\/sv\/wp-json\/wp\/v2\/pages"}],"about":[{"href":"https:\/\/guide.zero-carbon-skane.org\/sv\/wp-json\/wp\/v2\/types\/page"}],"author":[{"embeddable":true,"href":"https:\/\/guide.zero-carbon-skane.org\/sv\/wp-json\/wp\/v2\/users\/1"}],"replies":[{"embeddable":true,"href":"https:\/\/guide.zero-carbon-skane.org\/sv\/wp-json\/wp\/v2\/comments?post=139"}],"version-history":[{"count":2,"href":"https:\/\/guide.zero-carbon-skane.org\/sv\/wp-json\/wp\/v2\/pages\/139\/revisions"}],"predecessor-version":[{"id":768,"href":"https:\/\/guide.zero-carbon-skane.org\/sv\/wp-json\/wp\/v2\/pages\/139\/revisions\/768"}],"up":[{"embeddable":true,"href":"https:\/\/guide.zero-carbon-skane.org\/sv\/wp-json\/wp\/v2\/pages\/23"}],"wp:featuredmedia":[{"embeddable":true,"href":"https:\/\/guide.zero-carbon-skane.org\/sv\/wp-json\/wp\/v2\/media\/767"}],"wp:attachment":[{"href":"https:\/\/guide.zero-carbon-skane.org\/sv\/wp-json\/wp\/v2\/media?parent=139"}],"wp:term":[{"taxonomy":"category","embeddable":true,"href":"https:\/\/guide.zero-carbon-skane.org\/sv\/wp-json\/wp\/v2\/categories?post=139"},{"taxonomy":"post_tag","embeddable":true,"href":"https:\/\/guide.zero-carbon-skane.org\/sv\/wp-json\/wp\/v2\/tags?post=139"}],"curies":[{"name":"wp","href":"https:\/\/api.w.org\/{rel}","templated":true}]}}