{"id":134,"date":"2022-09-26T08:33:18","date_gmt":"2022-09-26T08:33:18","guid":{"rendered":"https:\/\/guide.zero-carbon-skane.org\/?page_id=134"},"modified":"2023-01-11T12:25:51","modified_gmt":"2023-01-11T12:25:51","slug":"vellinge","status":"publish","type":"page","link":"https:\/\/guide.zero-carbon-skane.org\/sv\/places\/southwest-metropolitan-zone\/vellinge\/","title":{"rendered":"Vellinge"},"content":{"rendered":"<p>Vellinge <em>kommun<\/em> \u00e4r ett slags administrativt distrikt i S-form som ligger inkl\u00e4mt mellan <a href=\"https:\/\/guide.zero-carbon-skane.org\/sv\/places\/southwest-metropolitan-zone\/greater-malmo\/\" data-type=\"page\" data-id=\"8\">Malm\u00f6<\/a> (i norr) och <a href=\"https:\/\/guide.zero-carbon-skane.org\/sv\/places\/southwest-metropolitan-zone\/trelleborg\/\" data-type=\"page\" data-id=\"24\">Trelleborg<\/a> (i \u00f6ster), med en udde eller halv\u00f6 (k\u00e4nd som N\u00e4set, eller \"n\u00e4san\") som sticker ut i \u00d6resund i sydv\u00e4st. \u00d6verlag har omr\u00e5det historiskt sett haft en tendens till v\u00e4lst\u00e5nd och en stadigt konservativ-liberal politik - \u00e4ven om de senaste decennierna har sett den politiska synen destabiliseras parallellt med den ekologiska synen.<\/p>\n\n\n\n<figure class=\"wp-block-image size-full\"><img loading=\"lazy\" decoding=\"async\" width=\"1024\" height=\"685\" src=\"https:\/\/guide.zero-carbon-skane.org\/wp-content\/uploads\/2023\/01\/Vellinge_stadspark_2010.jpg\" alt=\"\" class=\"wp-image-476\" srcset=\"https:\/\/guide.zero-carbon-skane.org\/wp-content\/uploads\/2023\/01\/Vellinge_stadspark_2010.jpg 1024w, https:\/\/guide.zero-carbon-skane.org\/wp-content\/uploads\/2023\/01\/Vellinge_stadspark_2010-300x201.jpg 300w, https:\/\/guide.zero-carbon-skane.org\/wp-content\/uploads\/2023\/01\/Vellinge_stadspark_2010-768x514.jpg 768w\" sizes=\"auto, (max-width: 1024px) 100vw, 1024px\" \/><figcaption class=\"wp-element-caption\">Vellinges stadspark. Bild av <a href=\"https:\/\/commons.wikimedia.org\/wiki\/File:Vellinge_stadspark_2010.JPG\">Jan Ainali<\/a>, <a href=\"https:\/\/creativecommons.org\/licenses\/by-sa\/3.0\">CC BY-SA 3.0<\/a>, via Wikimedia CommonsSONY DSC<\/figcaption><\/figure>\n\n\n\n<p>Detta har mycket att g\u00f6ra med <a href=\"https:\/\/guide.zero-carbon-skane.org\/sv\/places\/southwest-metropolitan-zone\/vellinge\/naset\/falsterbo-skanor\/\" data-type=\"page\" data-id=\"28\">Skan\u00f6r-Falsterbo<\/a>, bos\u00e4ttningarna i den bortre \u00e4nden av <a href=\"https:\/\/guide.zero-carbon-skane.org\/sv\/places\/southwest-metropolitan-zone\/vellinge\/naset\/\" data-type=\"page\" data-id=\"27\">N\u00e4set<\/a>. Att halv\u00f6n - och de \u00f6verv\u00e4gande v\u00e4lb\u00e4rgade inv\u00e5narnas hem - riskerade att \u00f6versv\u00e4mmas p\u00e5 grund av stigande havsniv\u00e5er och extrema v\u00e4derf\u00f6rh\u00e5llanden var allm\u00e4nt k\u00e4nt i slutet av 1900-talet. De utdragna diskussionerna om hur man skulle hantera denna risk - och de efterf\u00f6ljande f\u00f6rs\u00f6ken att p\u00e5 n\u00e5got s\u00e4tt fixa, trixa eller undvika den - st\u00e5r som en slags metonymi f\u00f6r klimatpolitiken i Sverige i stort: f\u00f6rst tycker man att andra m\u00e4nniskor b\u00f6r \u00e4ndra sin livsstil; sedan tycker man att andra m\u00e4nniskor (eller staten) b\u00f6r betala f\u00f6r att skydda ens egen livsstil; slutligen f\u00f6rs\u00f6ker man skylla p\u00e5 n\u00e4stan alla andra f\u00f6r att ens livsstil har svepts bort av havet.<\/p>\n\n\n\n<p>Detta \u00e4r en av anledningarna till att N\u00e4set tenderar att \u00f6verskugga resten av Vellinge, n\u00e4r det g\u00e4ller rykte, i resten av Sk\u00e5ne och utanf\u00f6r. Andra anledningar \u00e4r N\u00e4sets l\u00e5ngvariga rykte som en av Sveriges (om inte Europas) b\u00e4sta f\u00e5gelsk\u00e5dningsplatser, \u00e4ven om <a href=\"https:\/\/guide.zero-carbon-skane.org\/sv\/activities\/sightseeing\/living-it-up-in-liminal-landscapes-flexmark\/\" data-type=\"page\" data-id=\"309\">\u00f6verg\u00e5ngen till flexmark-status<\/a> har avskr\u00e4ckt en del av de mer f\u00f6rsiktiga \"helgkrigarna\". Bel\u00e4gen p\u00e5 den \u00f6stra sidan av den sista delen av E6:an s\u00f6derut fr\u00e5n Malm\u00f6, och i \u00f6vrigt omgiven av <a href=\"https:\/\/guide.zero-carbon-skane.org\/sv\/history\/soil-not-oil-skanes-black-plains\/\" data-type=\"page\" data-id=\"410\">Black Plains jordbruksmark<\/a>, den stad p\u00e5 fastlandet f\u00f6r vilken Vellinge <em>kommun<\/em> \u00e4r ganska v\u00e4lb\u00e4rgad (om \u00e4n inte i samma utstr\u00e4ckning som Skan\u00f6r-Falsterbo en g\u00e5ng var), men i \u00f6vrigt inte anm\u00e4rkningsv\u00e4rt n\u00e4r det g\u00e4ller n\u00e5got annat \u00e4n fastighetsprisindex.<\/p>","protected":false},"excerpt":{"rendered":"<p>Vellinge kommun is a sort of squashed-S shape administrative district squished between Malm\u00f6 (to the north) and Trelleborg (to the east), with a promontory or peninsula (known as N\u00e4set, or &#8220;the Nose&#8221;) jutting out southwest into the \u00d6resund. Overall, the area has historically tended toward wealth, and a steadily conservative-liberal politics&#8212;though the last few decades [&hellip;]<\/p>\n","protected":false},"author":1,"featured_media":476,"parent":7,"menu_order":0,"comment_status":"closed","ping_status":"closed","template":"","meta":{"footnotes":""},"categories":[],"tags":[],"class_list":["post-134","page","type-page","status-publish","has-post-thumbnail","hentry"],"jetpack_sharing_enabled":true,"_links":{"self":[{"href":"https:\/\/guide.zero-carbon-skane.org\/sv\/wp-json\/wp\/v2\/pages\/134","targetHints":{"allow":["GET"]}}],"collection":[{"href":"https:\/\/guide.zero-carbon-skane.org\/sv\/wp-json\/wp\/v2\/pages"}],"about":[{"href":"https:\/\/guide.zero-carbon-skane.org\/sv\/wp-json\/wp\/v2\/types\/page"}],"author":[{"embeddable":true,"href":"https:\/\/guide.zero-carbon-skane.org\/sv\/wp-json\/wp\/v2\/users\/1"}],"replies":[{"embeddable":true,"href":"https:\/\/guide.zero-carbon-skane.org\/sv\/wp-json\/wp\/v2\/comments?post=134"}],"version-history":[{"count":3,"href":"https:\/\/guide.zero-carbon-skane.org\/sv\/wp-json\/wp\/v2\/pages\/134\/revisions"}],"predecessor-version":[{"id":478,"href":"https:\/\/guide.zero-carbon-skane.org\/sv\/wp-json\/wp\/v2\/pages\/134\/revisions\/478"}],"up":[{"embeddable":true,"href":"https:\/\/guide.zero-carbon-skane.org\/sv\/wp-json\/wp\/v2\/pages\/7"}],"wp:featuredmedia":[{"embeddable":true,"href":"https:\/\/guide.zero-carbon-skane.org\/sv\/wp-json\/wp\/v2\/media\/476"}],"wp:attachment":[{"href":"https:\/\/guide.zero-carbon-skane.org\/sv\/wp-json\/wp\/v2\/media?parent=134"}],"wp:term":[{"taxonomy":"category","embeddable":true,"href":"https:\/\/guide.zero-carbon-skane.org\/sv\/wp-json\/wp\/v2\/categories?post=134"},{"taxonomy":"post_tag","embeddable":true,"href":"https:\/\/guide.zero-carbon-skane.org\/sv\/wp-json\/wp\/v2\/tags?post=134"}],"curies":[{"name":"wp","href":"https:\/\/api.w.org\/{rel}","templated":true}]}}