{"id":132,"date":"2022-09-26T08:32:18","date_gmt":"2022-09-26T08:32:18","guid":{"rendered":"https:\/\/guide.zero-carbon-skane.org\/?page_id=132"},"modified":"2023-03-08T13:27:25","modified_gmt":"2023-03-08T13:27:25","slug":"svalov","status":"publish","type":"page","link":"https:\/\/guide.zero-carbon-skane.org\/sv\/places\/southwest-metropolitan-zone\/svalov\/","title":{"rendered":"Sval\u00f6v"},"content":{"rendered":"<p>Vad kan man s\u00e4ga om Sval\u00f6v? Fantastisk jordbruksmark; en h\u00e4rlig sj\u00f6; lite in\u00e5t landet fr\u00e5n <a href=\"https:\/\/guide.zero-carbon-skane.org\/sv\/places\/southwest-metropolitan-zone\/vastkusten\/landskrona\/\" data-type=\"page\" data-id=\"30\">Landskrona<\/a> och <a href=\"https:\/\/guide.zero-carbon-skane.org\/sv\/places\/northwest\/helsingborg\/\" data-type=\"page\" data-id=\"62\">Helsingborg<\/a>. Det \u00e4r en klassisk bit av det sk\u00e5nska landskapet och mycket omtyckt av inv\u00e5narna.<\/p>","protected":false},"excerpt":{"rendered":"<p>En klassisk bit av det sk\u00e5nska landskapet, och mycket omtyckt av inv\u00e5narna.<\/p>","protected":false},"author":1,"featured_media":751,"parent":7,"menu_order":0,"comment_status":"closed","ping_status":"closed","template":"","meta":{"footnotes":""},"categories":[],"tags":[],"class_list":["post-132","page","type-page","status-publish","has-post-thumbnail","hentry"],"jetpack_sharing_enabled":true,"_links":{"self":[{"href":"https:\/\/guide.zero-carbon-skane.org\/sv\/wp-json\/wp\/v2\/pages\/132","targetHints":{"allow":["GET"]}}],"collection":[{"href":"https:\/\/guide.zero-carbon-skane.org\/sv\/wp-json\/wp\/v2\/pages"}],"about":[{"href":"https:\/\/guide.zero-carbon-skane.org\/sv\/wp-json\/wp\/v2\/types\/page"}],"author":[{"embeddable":true,"href":"https:\/\/guide.zero-carbon-skane.org\/sv\/wp-json\/wp\/v2\/users\/1"}],"replies":[{"embeddable":true,"href":"https:\/\/guide.zero-carbon-skane.org\/sv\/wp-json\/wp\/v2\/comments?post=132"}],"version-history":[{"count":2,"href":"https:\/\/guide.zero-carbon-skane.org\/sv\/wp-json\/wp\/v2\/pages\/132\/revisions"}],"predecessor-version":[{"id":753,"href":"https:\/\/guide.zero-carbon-skane.org\/sv\/wp-json\/wp\/v2\/pages\/132\/revisions\/753"}],"up":[{"embeddable":true,"href":"https:\/\/guide.zero-carbon-skane.org\/sv\/wp-json\/wp\/v2\/pages\/7"}],"wp:featuredmedia":[{"embeddable":true,"href":"https:\/\/guide.zero-carbon-skane.org\/sv\/wp-json\/wp\/v2\/media\/751"}],"wp:attachment":[{"href":"https:\/\/guide.zero-carbon-skane.org\/sv\/wp-json\/wp\/v2\/media?parent=132"}],"wp:term":[{"taxonomy":"category","embeddable":true,"href":"https:\/\/guide.zero-carbon-skane.org\/sv\/wp-json\/wp\/v2\/categories?post=132"},{"taxonomy":"post_tag","embeddable":true,"href":"https:\/\/guide.zero-carbon-skane.org\/sv\/wp-json\/wp\/v2\/tags?post=132"}],"curies":[{"name":"wp","href":"https:\/\/api.w.org\/{rel}","templated":true}]}}