{"id":130,"date":"2022-09-26T08:30:40","date_gmt":"2022-09-26T08:30:40","guid":{"rendered":"https:\/\/guide.zero-carbon-skane.org\/?page_id=130"},"modified":"2023-03-16T11:03:26","modified_gmt":"2023-03-16T11:03:26","slug":"burlov","status":"publish","type":"page","link":"https:\/\/guide.zero-carbon-skane.org\/sv\/places\/southwest-metropolitan-zone\/burlov\/","title":{"rendered":"Burl\u00f6v"},"content":{"rendered":"<p>Burl\u00f6v \u00e4r, utan tvekan, Sk\u00e5nes minsta <em>kommun<\/em> \u00e5tminstone n\u00e4r det g\u00e4ller i antal hektar; kommuninv\u00e5narna kan d\u00e4remot inv\u00e4nda med att de \u00e4r st\u00f6rst i ambitionsniv\u00e5, och de kan mycket v\u00e4l ha en po\u00e4ng. <a href=\"https:\/\/guide.zero-carbon-skane.org\/sv\/places\/southwest-metropolitan-zone\/greater-malmo\/\" data-type=\"page\" data-id=\"8\">Malm\u00f6<\/a> i s\u00f6der (de norra delarna av staden r\u00e4knas som en del av dess bebyggda milj\u00f6) och <a href=\"https:\/\/guide.zero-carbon-skane.org\/sv\/places\/southwest-metropolitan-zone\/vastkusten\/lomma\/\" data-type=\"page\" data-id=\"32\">Lomma<\/a> i norr, kan man s\u00e4ga att Burl\u00f6v blickar \u00f6sterut mot <a href=\"https:\/\/guide.zero-carbon-skane.org\/sv\/places\/southwest-metropolitan-zone\/staffanstorp\/\" data-type=\"page\" data-id=\"26\">Staffanstorp<\/a> f\u00f6r att f\u00f6rh\u00e5lla sig om sin omgivning - \u00e4ven om det kanske inte \u00e4r menat som en komplimang.<\/p>\n\n\n\n<p>Med en, statistiskt sett, ovanlig blandning av bebyggd milj\u00f6 och vida jordbruksmarker, \u00e4r Burl\u00f6v, f\u00f6r de utomst\u00e5ende, nog mest k\u00e4nd som den plats man passerar med t\u00e5get fr\u00e5n Malm\u00f6 till <a href=\"https:\/\/guide.zero-carbon-skane.org\/sv\/places\/southwest-metropolitan-zone\/lund\/\" data-type=\"page\" data-id=\"18\">Lund<\/a>. Det st\u00f6rsta dragpl\u00e5stret f\u00f6r utomst\u00e5ende \u00e4r k\u00f6pcentret som stolt b\u00e4r dess namn, trots att det ligger i byn Arl\u00f6v... <a href=\"https:\/\/guide.zero-carbon-skane.org\/sv\/activities\/eating-drinking\/lanthandlar-a-revolution-in-rural-retail\/\" data-type=\"page\" data-id=\"275\">dess attraktionskraft ligger till stor del i att den f\u00f6ljer en detaljhandelsmodell som till stor del har \u00f6vergivits p\u00e5 andra h\u00e5ll<\/a>.<\/p>","protected":false},"excerpt":{"rendered":"<p>Med Malm\u00f6 i s\u00f6der och Lomma i norr skulle man kunna s\u00e4ga att Burl\u00f6v tittar \u00f6sterut mot Staffanstorp f\u00f6r att orientera sig - men det kanske inte \u00e4r menat som en komplimang.<\/p>","protected":false},"author":1,"featured_media":854,"parent":7,"menu_order":0,"comment_status":"closed","ping_status":"closed","template":"","meta":{"footnotes":""},"categories":[],"tags":[],"class_list":["post-130","page","type-page","status-publish","has-post-thumbnail","hentry"],"jetpack_sharing_enabled":true,"_links":{"self":[{"href":"https:\/\/guide.zero-carbon-skane.org\/sv\/wp-json\/wp\/v2\/pages\/130","targetHints":{"allow":["GET"]}}],"collection":[{"href":"https:\/\/guide.zero-carbon-skane.org\/sv\/wp-json\/wp\/v2\/pages"}],"about":[{"href":"https:\/\/guide.zero-carbon-skane.org\/sv\/wp-json\/wp\/v2\/types\/page"}],"author":[{"embeddable":true,"href":"https:\/\/guide.zero-carbon-skane.org\/sv\/wp-json\/wp\/v2\/users\/1"}],"replies":[{"embeddable":true,"href":"https:\/\/guide.zero-carbon-skane.org\/sv\/wp-json\/wp\/v2\/comments?post=130"}],"version-history":[{"count":2,"href":"https:\/\/guide.zero-carbon-skane.org\/sv\/wp-json\/wp\/v2\/pages\/130\/revisions"}],"predecessor-version":[{"id":855,"href":"https:\/\/guide.zero-carbon-skane.org\/sv\/wp-json\/wp\/v2\/pages\/130\/revisions\/855"}],"up":[{"embeddable":true,"href":"https:\/\/guide.zero-carbon-skane.org\/sv\/wp-json\/wp\/v2\/pages\/7"}],"wp:featuredmedia":[{"embeddable":true,"href":"https:\/\/guide.zero-carbon-skane.org\/sv\/wp-json\/wp\/v2\/media\/854"}],"wp:attachment":[{"href":"https:\/\/guide.zero-carbon-skane.org\/sv\/wp-json\/wp\/v2\/media?parent=130"}],"wp:term":[{"taxonomy":"category","embeddable":true,"href":"https:\/\/guide.zero-carbon-skane.org\/sv\/wp-json\/wp\/v2\/categories?post=130"},{"taxonomy":"post_tag","embeddable":true,"href":"https:\/\/guide.zero-carbon-skane.org\/sv\/wp-json\/wp\/v2\/tags?post=130"}],"curies":[{"name":"wp","href":"https:\/\/api.w.org\/{rel}","templated":true}]}}