{"id":126,"date":"2022-09-26T08:28:29","date_gmt":"2022-09-26T08:28:29","guid":{"rendered":"https:\/\/guide.zero-carbon-skane.org\/?page_id=126"},"modified":"2023-03-13T14:29:24","modified_gmt":"2023-03-13T14:29:24","slug":"vastra-hamnen","status":"publish","type":"page","link":"https:\/\/guide.zero-carbon-skane.org\/sv\/places\/southwest-metropolitan-zone\/greater-malmo\/vastra-hamnen\/","title":{"rendered":"V\u00e4stra Hamnen"},"content":{"rendered":"<p>Det mesta av det du kan se i V\u00e4stra Hamnen idag fanns inte p\u00e5 1900-talet. Under det f\u00f6reg\u00e5ende \u00e5rhundradet, var <a href=\"https:\/\/guide.zero-carbon-skane.org\/sv\/places\/southwest-metropolitan-zone\/greater-malmo\/\" data-type=\"page\" data-id=\"8\">Malm\u00f6<\/a>, v\u00e4stra hamnomr\u00e5den platsen f\u00f6r stadens tunga industrier: skeppsvarven, bilfabriker och mycket mer. Arvet fr\u00e5n denna tid kan ses till en viss del bland den \"uppstoppade djur\"-arkitekturen l\u00e4ngs omr\u00e5dets s\u00f6dra och \u00f6stra kanter, d\u00e4r de tidigare fabrikernas betongskelett har anv\u00e4nts som ramar f\u00f6r modernare konstruktioner - men annars \u00e4r allt borta.<\/p>\n\n\n\n<p>Att f\u00f6rlora en industriell bas \u00e4r mer \u00e4n en ekonomisk fr\u00e5ga f\u00f6r en stad och dess inv\u00e5nare. Varvsindustrin i Malm\u00f6 var s\u00e5 gott som \u00f6ver l\u00e5ngt innan den ikoniska Kockumskranen togs bort 2002, men med den f\u00f6rsvann ocks\u00e5 en id\u00e9 om vad staden handlade om f\u00f6r de m\u00e4nniskor som bodde d\u00e4r. V\u00e4stra Hamnen har haft en efterf\u00f6ljare sedan 2005, i form av den vision\u00e4ra och med r\u00e4tta ber\u00f6mda Turning Torso - som tills nyligen var den h\u00f6gsta byggnaden i Skandinavien - men att eftertr\u00e4da \u00e4r inte n\u00f6dv\u00e4ndigtvis att ers\u00e4tta.<\/p>\n\n\n\n<p>N\u00e4r V\u00e4stra Hamnen byggdes hyllades det som ett landm\u00e4rke och en ny stadsdel med h\u00f6g standard, och det finns mycket kvar av den tidiga glamouren: sekelskiftets billiga stilar tyder alltf\u00f6r ofta p\u00e5 billiga material och usla konstruktioner, och detta kan ses i de yttersta bostadskvarteren med utsikt \u00f6ver \u00d6resund. Trots den utm\u00e4rkta utsikten har de lidit sv\u00e5rt av de h\u00e5rda vindarna och regnet som bl\u00e5ser in fr\u00e5n sundet, och har blivit sv\u00e5ra att hyra ut till andra \u00e4n de minst kr\u00e4sna inv\u00e5narna. Hotet om en snabbare h\u00f6jning av havsniv\u00e5n g\u00f6r inte heller dessa byggnader mer v\u00e4rdefulla. Alla ser dock inte detta som n\u00e5got negativt: det har skett en drastisk f\u00f6r\u00e4ndring i demografin bort fr\u00e5n inf\u00f6dda svenskar fr\u00e5n medelklassen och mellanchefer till en mer livlig blandning av konstn\u00e4rer, studenter och klimatmigranter (med andra ord har det blivit lite som <a href=\"https:\/\/guide.zero-carbon-skane.org\/sv\/places\/southwest-metropolitan-zone\/greater-malmo\/stora-mollevangen-incl-sofielund\/\" data-type=\"page\" data-id=\"12\">M\u00f6llev\u00e5ngen<\/a> f\u00f6r fyra decennier sedan).<\/p>\n\n\n\n<p>Det \u00e4r ett ganska trevligt st\u00e4lle att h\u00e4nga p\u00e5, om du inte har n\u00e5got emot hela \"shabby chic\"-grejen. <a href=\"https:\/\/guide.zero-carbon-skane.org\/sv\/activities\/eating-drinking\/malmos-hippest-eats-the-new-new-nordic-cuisine\/\" data-type=\"page\" data-id=\"281\">De hetaste restaurangerna f\u00f6r det nya nordiska k\u00f6ket<\/a> startade h\u00e4r, \u00e4ven om de mest framg\u00e5ngsrika har flyttat f\u00f6r att locka en mer v\u00e4lb\u00e4rgad kundkrets. En klar och fin dag kan du se \u00e4nda till K\u00f6penhamn, stampa takt till tonerna av sk\u00e5nsk turbo-reggae och fundera \u00f6ver ifall du ska <a href=\"https:\/\/guide.zero-carbon-skane.org\/sv\/places\/southwest-metropolitan-zone\/greater-malmo\/stora-stranden\/\" data-type=\"page\" data-id=\"120\">strosa ner till Ribban f\u00f6r ett kv\u00e4llsdopp<\/a>... det finns sannerligen mycket v\u00e4rre s\u00e4tt att leva p\u00e5.<\/p>","protected":false},"excerpt":{"rendered":"<p>Det \u00e4r ett ganska trevligt st\u00e4lle att h\u00e4nga p\u00e5, om du inte har n\u00e5got emot hela \"shabby chic\"-grejen.<\/p>","protected":false},"author":1,"featured_media":811,"parent":8,"menu_order":0,"comment_status":"closed","ping_status":"closed","template":"","meta":{"footnotes":""},"categories":[],"tags":[],"class_list":["post-126","page","type-page","status-publish","has-post-thumbnail","hentry"],"jetpack_sharing_enabled":true,"_links":{"self":[{"href":"https:\/\/guide.zero-carbon-skane.org\/sv\/wp-json\/wp\/v2\/pages\/126","targetHints":{"allow":["GET"]}}],"collection":[{"href":"https:\/\/guide.zero-carbon-skane.org\/sv\/wp-json\/wp\/v2\/pages"}],"about":[{"href":"https:\/\/guide.zero-carbon-skane.org\/sv\/wp-json\/wp\/v2\/types\/page"}],"author":[{"embeddable":true,"href":"https:\/\/guide.zero-carbon-skane.org\/sv\/wp-json\/wp\/v2\/users\/1"}],"replies":[{"embeddable":true,"href":"https:\/\/guide.zero-carbon-skane.org\/sv\/wp-json\/wp\/v2\/comments?post=126"}],"version-history":[{"count":3,"href":"https:\/\/guide.zero-carbon-skane.org\/sv\/wp-json\/wp\/v2\/pages\/126\/revisions"}],"predecessor-version":[{"id":814,"href":"https:\/\/guide.zero-carbon-skane.org\/sv\/wp-json\/wp\/v2\/pages\/126\/revisions\/814"}],"up":[{"embeddable":true,"href":"https:\/\/guide.zero-carbon-skane.org\/sv\/wp-json\/wp\/v2\/pages\/8"}],"wp:featuredmedia":[{"embeddable":true,"href":"https:\/\/guide.zero-carbon-skane.org\/sv\/wp-json\/wp\/v2\/media\/811"}],"wp:attachment":[{"href":"https:\/\/guide.zero-carbon-skane.org\/sv\/wp-json\/wp\/v2\/media?parent=126"}],"wp:term":[{"taxonomy":"category","embeddable":true,"href":"https:\/\/guide.zero-carbon-skane.org\/sv\/wp-json\/wp\/v2\/categories?post=126"},{"taxonomy":"post_tag","embeddable":true,"href":"https:\/\/guide.zero-carbon-skane.org\/sv\/wp-json\/wp\/v2\/tags?post=126"}],"curies":[{"name":"wp","href":"https:\/\/api.w.org\/{rel}","templated":true}]}}