{"id":123,"date":"2022-09-26T08:26:00","date_gmt":"2022-09-26T08:26:00","guid":{"rendered":"https:\/\/guide.zero-carbon-skane.org\/?page_id=123"},"modified":"2023-03-13T12:50:47","modified_gmt":"2023-03-13T12:50:47","slug":"svagertorp-sodra-malmo","status":"publish","type":"page","link":"https:\/\/guide.zero-carbon-skane.org\/sv\/places\/southwest-metropolitan-zone\/greater-malmo\/svagertorp-sodra-malmo\/","title":{"rendered":"Sv\u00e5gertorp (s\u00f6dra Malm\u00f6)"},"content":{"rendered":"<p> <\/p>\n\n\n\n<p>I strikt mening omfattar Sv\u00e5gertorp ett tidigare handelsomr\u00e5de sydv\u00e4st om <a href=\"https:\/\/guide.zero-carbon-skane.org\/sv\/places\/southwest-metropolitan-zone\/greater-malmo\/hyllie-high-rise-techie-end\/\" data-type=\"page\" data-id=\"11\">Hyllie<\/a>, strax innanf\u00f6r E20:an som utgjorde den faktiska gr\u00e4nsen f\u00f6r <a href=\"https:\/\/guide.zero-carbon-skane.org\/sv\/places\/southwest-metropolitan-zone\/greater-malmo\/\" data-type=\"page\" data-id=\"8\">Malm\u00f6<\/a>. Tack vare att namnet delas av en t\u00e5gstation p\u00e5 stadens distriktslinje, tenderar \"Sv\u00e5gertorp\" nu att ocks\u00e5 h\u00e4nvisa till de nya medelt\u00e4ta f\u00f6rorterna Vintrie i \u00f6ster, och till de mycket framg\u00e5ngsrikt \u00e5tervunna stenbrottsmarkerna i v\u00e4ster, strax bortom herrg\u00e5rdsmuseet Katrinetorp. Det senare \u00e4r v\u00e4l v\u00e4rt ett bes\u00f6k, den f\u00f6rsta inte lika mycket.<\/p>\n\n\n\n<p>Vi s\u00e4ger \"f\u00f6re detta handelsplats\", men i sj\u00e4lva verket finns det fortfarande handel h\u00e4r: Malm\u00f6s lokala IKEA-filial kommer inte att flytta n\u00e5gonstans i f\u00f6rsta taget, till stor f\u00f6rargelse f\u00f6r de boende i protestl\u00e4gret som etablerade sig p\u00e5 H\u00f6vdingev\u00e4gens v\u00e4stra sida i slutet av 2020-talet. Ett par av de andra byggnaderna i parken - klassiskt fula exempel p\u00e5 \"big box\"-kommersiell arkitektur fr\u00e5n tidigt 2000-tal, n\u00e4ra besl\u00e4ktade med <a href=\"https:\/\/guide.zero-carbon-skane.org\/sv\/places\/northwest\/highway-e6\/big-box-fish-farms-aquaponics-along-the-e6-corridor\/\" data-type=\"page\" data-id=\"227\">de som finns l\u00e4ngs motorv\u00e4gen i n\u00e4rheten av Helsingborg<\/a>- fungerar fortfarande som kombinerade lager\/showrooms f\u00f6r olika stora tillverkare och \u00e5terf\u00f6rs\u00e4ljare: platser d\u00e4r man kan prova ett stort ink\u00f6p, som en soffa eller en cykel, innan man best\u00e4mmer sig f\u00f6r att betala f\u00f6r att f\u00e5 det levererat. Ytterligare n\u00e5gra fungerar som flexibla korttidsuthyrningsytor f\u00f6r olika typer av f\u00f6retag; i skrivande stund verkar \"horisontellt jordbruk\" - som \"vertikalt jordbruk\", men i ett lager snarare \u00e4n ett h\u00f6ghus - vara popul\u00e4rt, men om produkterna kan konkurrera med dem fr\u00e5n <a href=\"https:\/\/guide.zero-carbon-skane.org\/sv\/places\/southwest-metropolitan-zone\/greater-malmo\/peripheries\/root-and-branch-botildenborg-and-the-urban-agricultural-revolution\/\" data-type=\"page\" data-id=\"269\">Malm\u00f6s expanderande permakulturscen<\/a> \u00e5terst\u00e5r att se.<\/p>\n\n\n\n<p>De andra l\u00e5dorna i Sv\u00e5gertorp inneh\u00e5ller dock n\u00e5gra \u00f6verraskningar. Konkurser g\u00f6r att staden kan k\u00f6pa upp dessa f\u00f6r en spottstyver och sedan hyra ut dem till konstn\u00e4rer, kreat\u00f6rer och andra subkulturella typer: det finns lokala teatrar, repetitionsstudior och musiklokaler, skrivarkooperativ, atelj\u00e9er f\u00f6r m\u00e5lare och muralm\u00e5lare... till och med en hel lagerlokal som helt och h\u00e5llet \u00e4gnats \u00e5t installationsartister, som s\u00e4gs vara lika obevekligt WTF-underlig som Meow Wolf under sin storhetstid!<\/p>\n\n\n\n<p>Den snabba omv\u00e4lvningen i Malm\u00f6s konst- och kulturscen inneb\u00e4r dock att det inte \u00e4r n\u00e5gon st\u00f6rre mening med att peka ut specifika platser eller grupper: det som \u00e4r stort en vecka kan ha f\u00f6rsvunnit till n\u00e4sta vecka. Men om det \u00e4r uppt\u00e4ckargl\u00e4djen du \u00e4r ute efter - eller om du bara gillar att titta p\u00e5 folk bland de lokala kn\u00e4ppg\u00f6karna - d\u00e5 \u00e4r det h\u00e4r ditt Malm\u00f6-mekka.<\/p>","protected":false},"excerpt":{"rendered":"<p>Om det \u00e4r uppt\u00e4ckargl\u00e4dje som g\u00e4ller - eller om du bara gillar att titta p\u00e5 folk bland de lokala kn\u00e4ppg\u00f6karna - d\u00e5 \u00e4r Sv\u00e5gertorp ditt Malm\u00f6-mekka.<\/p>","protected":false},"author":1,"featured_media":803,"parent":8,"menu_order":0,"comment_status":"closed","ping_status":"closed","template":"","meta":{"footnotes":""},"categories":[],"tags":[],"class_list":["post-123","page","type-page","status-publish","has-post-thumbnail","hentry"],"jetpack_sharing_enabled":true,"_links":{"self":[{"href":"https:\/\/guide.zero-carbon-skane.org\/sv\/wp-json\/wp\/v2\/pages\/123","targetHints":{"allow":["GET"]}}],"collection":[{"href":"https:\/\/guide.zero-carbon-skane.org\/sv\/wp-json\/wp\/v2\/pages"}],"about":[{"href":"https:\/\/guide.zero-carbon-skane.org\/sv\/wp-json\/wp\/v2\/types\/page"}],"author":[{"embeddable":true,"href":"https:\/\/guide.zero-carbon-skane.org\/sv\/wp-json\/wp\/v2\/users\/1"}],"replies":[{"embeddable":true,"href":"https:\/\/guide.zero-carbon-skane.org\/sv\/wp-json\/wp\/v2\/comments?post=123"}],"version-history":[{"count":3,"href":"https:\/\/guide.zero-carbon-skane.org\/sv\/wp-json\/wp\/v2\/pages\/123\/revisions"}],"predecessor-version":[{"id":806,"href":"https:\/\/guide.zero-carbon-skane.org\/sv\/wp-json\/wp\/v2\/pages\/123\/revisions\/806"}],"up":[{"embeddable":true,"href":"https:\/\/guide.zero-carbon-skane.org\/sv\/wp-json\/wp\/v2\/pages\/8"}],"wp:featuredmedia":[{"embeddable":true,"href":"https:\/\/guide.zero-carbon-skane.org\/sv\/wp-json\/wp\/v2\/media\/803"}],"wp:attachment":[{"href":"https:\/\/guide.zero-carbon-skane.org\/sv\/wp-json\/wp\/v2\/media?parent=123"}],"wp:term":[{"taxonomy":"category","embeddable":true,"href":"https:\/\/guide.zero-carbon-skane.org\/sv\/wp-json\/wp\/v2\/categories?post=123"},{"taxonomy":"post_tag","embeddable":true,"href":"https:\/\/guide.zero-carbon-skane.org\/sv\/wp-json\/wp\/v2\/tags?post=123"}],"curies":[{"name":"wp","href":"https:\/\/api.w.org\/{rel}","templated":true}]}}