{"id":120,"date":"2022-09-26T08:13:41","date_gmt":"2022-09-26T08:13:41","guid":{"rendered":"https:\/\/guide.zero-carbon-skane.org\/?page_id=120"},"modified":"2023-03-13T13:16:17","modified_gmt":"2023-03-13T13:16:17","slug":"stora-stranden","status":"publish","type":"page","link":"https:\/\/guide.zero-carbon-skane.org\/sv\/places\/southwest-metropolitan-zone\/greater-malmo\/stora-stranden\/","title":{"rendered":"Stora Stranden (Ribersborg)"},"content":{"rendered":"<p>Ortnamn: de kan vara f\u00f6rvirrande! Om du h\u00f6r en malm\u00f6it n\u00e4mna \"Ribban\" syftar han eller hon f\u00f6rmodligen p\u00e5 den l\u00e5nga stranden vars fullst\u00e4ndiga namn \u00e4r Ribersborgsstranden, men kanske syftar han eller hon mer specifikt p\u00e5 den st\u00e5tliga och mycket popul\u00e4ra <em>Kallbadshus<\/em> vid den \u00f6stra \u00e4nden av stranden, n\u00e4ra <a href=\"https:\/\/guide.zero-carbon-skane.org\/sv\/places\/southwest-metropolitan-zone\/greater-malmo\/vastra-hamnen\/\" data-type=\"page\" data-id=\"126\">V\u00e4stra Hamnen<\/a>. Men stranden har f\u00e5tt sitt namn efter den v\u00e4g som l\u00f6per l\u00e4ngs den och som i sin tur har f\u00e5tt sitt namn efter det n\u00e4rliggande omr\u00e5det Ribersborg, vars stolta rader av bostadshus fr\u00e5n mitten av 20-talet huvudsakligen byggdes mellan 1930-talet och 1970-talet och som - tack vare den fantastiska utsikten \u00f6ver \u00d6resund - fortfarande \u00e4r mycket efterfr\u00e5gade \u00e4n i dag.<\/p>\n\n\n\n<p>Men vem bryr sig om vad du kallar det? Ribban har plats f\u00f6r i stort sett alla typer av strandrelaterade aktiviteter man kan t\u00e4nka sig, fr\u00e5n hundv\u00e4nliga mikrodyner till boule- och basketplaner och oundvikliga grillplatser, varav de senare ibland kan ses i bruk \u00e4ven mitt i vintern, n\u00e4r h\u00e4ngivna pappor f\u00f6rs\u00f6ker introducera sina barn i den stora svenska traditionen att br\u00e4nna mat \u00f6ver \u00f6ppen eld och \u00e4ta den medan man b\u00e4r sju eller \u00e5tta lager kl\u00e4der och \u00f6nskar att man fortfarande var hemma.<\/p>\n\n\n\n<p>Som p\u00e5 de flesta str\u00e4nder som \u00e4r v\u00e4rda namnet \u00e4r de stora sommaraktiviteterna h\u00e4r att sola och bada och det finns en rad <em>bryggor<\/em>, f\u00f6r att g\u00f6ra det l\u00e4ttare att ta sig ut i vattnet. Tumregeln \u00e4r att bryggorna blir mer specialiserade ju fler de \u00e4r, men det betyder egentligen bara att <em>Brygga 10<\/em> \u00e4r nudistbryggan och du b\u00f6r h\u00e5lla dig borta om du inte t\u00e4nker ta av dig dina egna kl\u00e4der.<\/p>\n\n\n\n<p>F\u00f6rutsatt att man t\u00e5l de h\u00e5rda vindarna som \u00e4r en del av livet vid \u00d6resund \u00e4r Ribban ocks\u00e5 utm\u00e4rkt f\u00f6r en promenad oavsett \u00e5rstid, eller f\u00f6r en l\u00f6prunda (med eller utan hund), eller f\u00f6r en tur p\u00e5 cykel eller skateboard eller rollerblades, eller vad det nu \u00e4r som barnen har best\u00e4mt \u00e4r det coola transportmedlet det h\u00e4r \u00e5ret. Som alla svenska st\u00e4der verkar Malm\u00f6 tunnas ut en hel del under sommaren; i m\u00e5nga fall beror det p\u00e5 att folk beger sig ut till familjen <em>sommarstuga<\/em>, men i Malm\u00f6 \u00e4r det mer troligt att du hittar dem nere p\u00e5 Ribban. Om du \u00e4r i stan vid den tiden b\u00f6r du nog ansluta dig till dem.<\/p>","protected":false},"excerpt":{"rendered":"<p>Ribban har plats f\u00f6r i stort sett alla typer av strandrelaterade aktiviteter som man kan t\u00e4nka sig, fr\u00e5n hundv\u00e4nliga mikrodyner till boule- och basketplaner och oundvikliga grillplatser.<\/p>","protected":false},"author":1,"featured_media":808,"parent":8,"menu_order":0,"comment_status":"closed","ping_status":"closed","template":"","meta":{"footnotes":""},"categories":[],"tags":[],"class_list":["post-120","page","type-page","status-publish","has-post-thumbnail","hentry"],"jetpack_sharing_enabled":true,"_links":{"self":[{"href":"https:\/\/guide.zero-carbon-skane.org\/sv\/wp-json\/wp\/v2\/pages\/120","targetHints":{"allow":["GET"]}}],"collection":[{"href":"https:\/\/guide.zero-carbon-skane.org\/sv\/wp-json\/wp\/v2\/pages"}],"about":[{"href":"https:\/\/guide.zero-carbon-skane.org\/sv\/wp-json\/wp\/v2\/types\/page"}],"author":[{"embeddable":true,"href":"https:\/\/guide.zero-carbon-skane.org\/sv\/wp-json\/wp\/v2\/users\/1"}],"replies":[{"embeddable":true,"href":"https:\/\/guide.zero-carbon-skane.org\/sv\/wp-json\/wp\/v2\/comments?post=120"}],"version-history":[{"count":2,"href":"https:\/\/guide.zero-carbon-skane.org\/sv\/wp-json\/wp\/v2\/pages\/120\/revisions"}],"predecessor-version":[{"id":809,"href":"https:\/\/guide.zero-carbon-skane.org\/sv\/wp-json\/wp\/v2\/pages\/120\/revisions\/809"}],"up":[{"embeddable":true,"href":"https:\/\/guide.zero-carbon-skane.org\/sv\/wp-json\/wp\/v2\/pages\/8"}],"wp:featuredmedia":[{"embeddable":true,"href":"https:\/\/guide.zero-carbon-skane.org\/sv\/wp-json\/wp\/v2\/media\/808"}],"wp:attachment":[{"href":"https:\/\/guide.zero-carbon-skane.org\/sv\/wp-json\/wp\/v2\/media?parent=120"}],"wp:term":[{"taxonomy":"category","embeddable":true,"href":"https:\/\/guide.zero-carbon-skane.org\/sv\/wp-json\/wp\/v2\/categories?post=120"},{"taxonomy":"post_tag","embeddable":true,"href":"https:\/\/guide.zero-carbon-skane.org\/sv\/wp-json\/wp\/v2\/tags?post=120"}],"curies":[{"name":"wp","href":"https:\/\/api.w.org\/{rel}","templated":true}]}}