{"id":12,"date":"2022-08-16T10:31:43","date_gmt":"2022-08-16T10:31:43","guid":{"rendered":"https:\/\/guide.zero-carbon-skane.org\/index.php\/southwest-metropolitan-zone\/greater-malmo\/stora-mollevangen-incl-sofielund\/"},"modified":"2023-03-13T14:53:14","modified_gmt":"2023-03-13T14:53:14","slug":"stora-mollevangen-incl-sofielund","status":"publish","type":"page","link":"https:\/\/guide.zero-carbon-skane.org\/sv\/places\/southwest-metropolitan-zone\/greater-malmo\/stora-mollevangen-incl-sofielund\/","title":{"rendered":"Storm\u00f6llev\u00e5ngen"},"content":{"rendered":"<p>Ah, som tiderna f\u00f6r\u00e4ndras. Om du hittar en gammal malm\u00f6it kommer hen ber\u00e4tta att omr\u00e5det runt M\u00f6llev\u00e5ngstorget under 1980- och 1990-talen var n\u00e5got av ett desperat ghetto, d\u00e4r invandrare blandades med de stadens fattigaste: ett tufft, olyckligt h\u00f6rn av en industristad vars industri n\u00e4stan hade f\u00f6rsvunnit. <\/p>\n\n\n\n<p>Saker och ting b\u00f6rjade f\u00f6r\u00e4ndras runt sekelskiftet: dessa invandrargrupper drev butiker och \u00f6ppnade restauranger och bland stadens fattiga fanns konstn\u00e4rer, musiker och kulturakt\u00f6rer, som alltid (om \u00e4n oavsiktligt och ibland oavsiktligt) \u00e4r gentrifieringens f\u00f6rtrupp. I b\u00f6rjan av 2020-talet, n\u00e4r de stora spelbolagen st\u00e4rkte sitt inflytande i staden, b\u00f6rjade M\u00f6llev\u00e5ngen se ganska trevligt ut - eller tappa sin USP, beroende p\u00e5 vem du fr\u00e5gade.<\/p>\n\n\n\n<p>Och s\u00e5 rullade gentrifieringsv\u00e5gen stadigt \u00f6ster- och s\u00f6derut och betydelsen av \"M\u00f6llan\" - det lokala smeknamnet f\u00f6r M\u00f6llev\u00e5ngen - blev mer expansiv och omfattade mindre omr\u00e5den som Sofielund, Sorgenfri, L\u00f6nng\u00e5rden, Augustenborg och till och med Persborg. F\u00f6r dig som bes\u00f6kare spelar denna fastighetspolitik troligen ingen st\u00f6rre roll; det viktiga \u00e4r att det \u00e4r h\u00e4r som m\u00e5nga korttidsboenden och l\u00e4genhetsbyten finns, i ett s\u00e4kert och trevligt omr\u00e5de fullt av bra matst\u00e4llen, \u00e4ven om de flesta barer och musikst\u00e4llen sedan l\u00e4nge har flyttats p\u00e5 grund av att grannarna klagade p\u00e5 oljudet. <\/p>\n\n\n\n<p>Det \u00e4r dock inte utan sina kvardr\u00f6jande inslag av edge: den gamla anarkistiska andan i M\u00f6llan h\u00e4nger kvar i <em>kulturljudomr\u00e5det<\/em> l\u00e4ngs det \u00f6k\u00e4nda NGBG och i en handfull flexblock. Men om du vill vara omgiven av intressanta invandrarkrogar och umg\u00e5s med studenter och unga konstn\u00e4rer ska du nog s\u00e4tta dig p\u00e5 cykeln och \u00e5ka upp till <a href=\"https:\/\/guide.zero-carbon-skane.org\/sv\/places\/southwest-metropolitan-zone\/greater-malmo\/vastra-hamnen\/\" data-type=\"page\" data-id=\"126\">V\u00e4stra Hamnen<\/a>&#8230;<\/p>","protected":false},"excerpt":{"rendered":"<p>M\u00f6llan \u00e4r platsen d\u00e4r m\u00e5nga korttidsboenden och l\u00e4genhetsbyten finns, i ett s\u00e4kert och v\u00e4nligt omr\u00e5de fullt av bra matst\u00e4llen, \u00e4ven om de flesta barer och musikst\u00e4llen har flyttat f\u00f6r l\u00e4nge sedan.<\/p>","protected":false},"author":1,"featured_media":815,"parent":8,"menu_order":0,"comment_status":"closed","ping_status":"closed","template":"","meta":{"footnotes":""},"categories":[],"tags":[],"class_list":["post-12","page","type-page","status-publish","has-post-thumbnail","hentry"],"jetpack_sharing_enabled":true,"_links":{"self":[{"href":"https:\/\/guide.zero-carbon-skane.org\/sv\/wp-json\/wp\/v2\/pages\/12","targetHints":{"allow":["GET"]}}],"collection":[{"href":"https:\/\/guide.zero-carbon-skane.org\/sv\/wp-json\/wp\/v2\/pages"}],"about":[{"href":"https:\/\/guide.zero-carbon-skane.org\/sv\/wp-json\/wp\/v2\/types\/page"}],"author":[{"embeddable":true,"href":"https:\/\/guide.zero-carbon-skane.org\/sv\/wp-json\/wp\/v2\/users\/1"}],"replies":[{"embeddable":true,"href":"https:\/\/guide.zero-carbon-skane.org\/sv\/wp-json\/wp\/v2\/comments?post=12"}],"version-history":[{"count":1,"href":"https:\/\/guide.zero-carbon-skane.org\/sv\/wp-json\/wp\/v2\/pages\/12\/revisions"}],"predecessor-version":[{"id":817,"href":"https:\/\/guide.zero-carbon-skane.org\/sv\/wp-json\/wp\/v2\/pages\/12\/revisions\/817"}],"up":[{"embeddable":true,"href":"https:\/\/guide.zero-carbon-skane.org\/sv\/wp-json\/wp\/v2\/pages\/8"}],"wp:featuredmedia":[{"embeddable":true,"href":"https:\/\/guide.zero-carbon-skane.org\/sv\/wp-json\/wp\/v2\/media\/815"}],"wp:attachment":[{"href":"https:\/\/guide.zero-carbon-skane.org\/sv\/wp-json\/wp\/v2\/media?parent=12"}],"wp:term":[{"taxonomy":"category","embeddable":true,"href":"https:\/\/guide.zero-carbon-skane.org\/sv\/wp-json\/wp\/v2\/categories?post=12"},{"taxonomy":"post_tag","embeddable":true,"href":"https:\/\/guide.zero-carbon-skane.org\/sv\/wp-json\/wp\/v2\/tags?post=12"}],"curies":[{"name":"wp","href":"https:\/\/api.w.org\/{rel}","templated":true}]}}