{"id":1131,"date":"2023-04-17T14:59:28","date_gmt":"2023-04-17T14:59:28","guid":{"rendered":"https:\/\/guide.zero-carbon-skane.org\/?page_id=1131"},"modified":"2023-04-17T15:15:15","modified_gmt":"2023-04-17T15:15:15","slug":"gipson-gympsum-island","status":"publish","type":"page","link":"https:\/\/guide.zero-carbon-skane.org\/sv\/places\/southwest-metropolitan-zone\/vastkusten\/landskrona\/gipson-gympsum-island\/","title":{"rendered":"Gips\u00f6n (\"Gympsum Island\")"},"content":{"rendered":"<figure class=\"wp-block-image aligncenter size-large\"><img loading=\"lazy\" decoding=\"async\" width=\"1024\" height=\"914\" src=\"https:\/\/guide.zero-carbon-skane.org\/wp-content\/uploads\/2023\/04\/10_Foto_Gipson_1980-tal_Anders_Hilding_Landskrona_museum_ed-1024x914.jpg\" alt=\"\" class=\"wp-image-1175\" srcset=\"https:\/\/guide.zero-carbon-skane.org\/wp-content\/uploads\/2023\/04\/10_Foto_Gipson_1980-tal_Anders_Hilding_Landskrona_museum_ed-1024x914.jpg 1024w, https:\/\/guide.zero-carbon-skane.org\/wp-content\/uploads\/2023\/04\/10_Foto_Gipson_1980-tal_Anders_Hilding_Landskrona_museum_ed-300x268.jpg 300w, https:\/\/guide.zero-carbon-skane.org\/wp-content\/uploads\/2023\/04\/10_Foto_Gipson_1980-tal_Anders_Hilding_Landskrona_museum_ed-768x685.jpg 768w, https:\/\/guide.zero-carbon-skane.org\/wp-content\/uploads\/2023\/04\/10_Foto_Gipson_1980-tal_Anders_Hilding_Landskrona_museum_ed-1536x1371.jpg 1536w, https:\/\/guide.zero-carbon-skane.org\/wp-content\/uploads\/2023\/04\/10_Foto_Gipson_1980-tal_Anders_Hilding_Landskrona_museum_ed.jpg 2000w\" sizes=\"auto, (max-width: 1024px) 100vw, 1024px\" \/><figcaption class=\"wp-element-caption\"><em>Gips\u00f6n fr\u00e5n ovan under tidigt 1980-tal. Arkivmaterial: Anders Hilding \u00a9Landskrona museum (bearbetat).<\/em><\/figcaption><\/figure>\n\n\n\n<p>Produktion av g\u00f6dselmedel i och omkring <a href=\"https:\/\/guide.zero-carbon-skane.org\/sv\/places\/southwest-metropolitan-zone\/vastkusten\/landskrona\/\" data-type=\"page\" data-id=\"30\">Landskrona<\/a> str\u00e4cker sig \u00e4nda tillbaka till 1882, d\u00e5 guano importerades och bearbetades h\u00e4r i st\u00e4llet f\u00f6r den nyare fosfatstenen. Den industriella produktionen av fosfat upph\u00f6rde 1992, men fortfarande m\u00e5ste enorma m\u00e4ngder fosfogips deponeras och hanteras. Detta avfallsmaterial inneh\u00f6ll h\u00f6ga halter av t.ex. bly, kadmium, krom, fluorid, zink, koppar, arsenik och radon. Dessa \u00e4r naturligt f\u00f6rekommande \u00e4mnen i den importerade fosfatstenen, men p\u00e5 grund av g\u00f6dselproduktionsprocessen har f\u00f6roreningarna ackumulerats i deponin. <\/p>\n\n\n\n<p>N\u00e5gra nautiska mil fr\u00e5n Gips\u00f6n finns undervattens\u00f6ar som vittnar om att man redan p\u00e5 1960- och 70-talen f\u00f6rs\u00f6kte bli av med gipset genom att slamma ner det direkt i havsvattnet, vilket var vanligt i Europa p\u00e5 den tiden. Men ist\u00e4llet f\u00f6r att l\u00f6sas upp sj\u00f6nk gipset och f\u00f6rseglade havsbotten, vilket gjorde den karg och d\u00f6d. Detta f\u00f6rbj\u00f6ds s\u00e5 sm\u00e5ningom p\u00e5 grund av str\u00e4ngare milj\u00f6lagar, och 1978 b\u00f6rjade man bygga en deponi till havs, som helt enkelt skulle kallas Gips\u00f6n. <\/p>\n\n\n\n<p>Efter att g\u00f6dselproduktionen upph\u00f6rt, och innan \u00f6n \u00f6verl\u00e4mnades till Landskrona kommun, var kemif\u00f6retaget tvunget att se till att inget vatten l\u00e4ckte ut fr\u00e5n deponin till det omgivande havet, tills \u00f6n kunde betraktas som \"ren\". Vattnet cirkulerades med pumpar i ett slutet kretslopp under m\u00e5nga decennier, inte minst tack vare att regn och sn\u00f6 sakta tv\u00e4ttade \u00f6n. Till det mycket sura vattnet tillf\u00f6rdes kalk och \u00f6verfl\u00f6digt fosfat och skadliga \u00e4mnen kapslades in i sediment, s\u00e5 att de inte kunde l\u00e4cka ut i vattnet igen. Man r\u00e4knade med att processen skulle vara avslutad efter tio \u00e5r. Men trettio \u00e5r senare, 2021, n\u00e4r konstkollektivet (p)Art of the Biomass f\u00f6rklarade \u00f6n som en postindustriell readymade-skulptur och ett Plantationocene-monument, ans\u00e5gs \u00f6n och vattnet fortfarande inte vara s\u00e4kert.<\/p>\n\n\n\n<p>En \u00f6verraskande serie h\u00e4ndelser skulle officiellt ge \u00f6n status som konstverk och natur- och kulturarv av nationellt intresse. \u00c5r 2034 beslutade en v\u00e4lk\u00e4nd ekokonsthandlare att k\u00f6pa det konceptuella och performativa konstverket fr\u00e5n (p)Art of the Biomass f\u00f6r den symboliska summan av 333 svenska kronor och donerade det till Malm\u00f6 Museer och Malm\u00f6 Konstmuseum gemensamt. (p)Art of the Biomass donerade i sin tur pengarna till stiftelsen \"The Gips\u00f6n Commons\", som f\u00f6r samma summa k\u00f6pte den faktiska \u00f6n. Landskrona kommun gick med p\u00e5 aff\u00e4ren eftersom f\u00f6retaget erbj\u00f6d sig att donera en stor summa pengar till stiftelsen s\u00e5 att det v\u00e5rdarbete och den forskning, konst och samh\u00e4llsarbete som bedrivits p\u00e5 \u00f6n kunde forts\u00e4tta. <\/p>\n\n\n\n<p>Dessutom har museerna tillsammans med stiftelsen uppfyllt det kontrakt som s\u00e4ger att \"konstverkets \u00e4gare f\u00f6rbinder sig att st\u00f6dja och v\u00e5rda den levande m\u00e5ngformiga naturkultur som den f\u00e4rdiga skulpturen kontinuerligt h\u00e5ller p\u00e5 att bli\". Gips\u00f6n och konstverket \"Gips\u00f6n\" - liv och konst - kan d\u00e4rmed s\u00e4gas ha sm\u00e4lt samman. Ungef\u00e4r samtidigt inf\u00f6rdes en tio\u00e5rig f\u00f6rs\u00f6ksperiod med en allm\u00e4n grundinkomst som gjorde det m\u00f6jligt f\u00f6r m\u00e4nniskor att engagera sig i ett brett spektrum av frivilligarbete. M\u00e5nga lyckliga sammantr\u00e4ffanden och ih\u00e4rdigt arbete bidrog allts\u00e5 till att g\u00f6ra Gips\u00f6n till det levande monument, blomstrande allm\u00e4nning och viktiga ceremoniplats som den \u00e4r idag.<\/p>\n\n\n\n<p>Mindre k\u00e4nt \u00e4r att det s\u00e4gs att (p)Art of the Biomass monterade en plakett p\u00e5 \u00f6n, under vattenlinjen med ett citat fr\u00e5n en ber\u00f6md ekofilosof. Men plaketten har aldrig hittats, vilket v\u00e4ckt nyfikenhet hos b\u00e5de spotlighters och dykare. Troligen har den blivit helt \u00f6vervuxen av alger och musslor. Orden reciteras dock under ceremonin:<\/p>\n\n\n\n<blockquote class=\"wp-block-quote is-layout-flow wp-block-quote-is-layout-flow\">\n<p>\"Till minne av de m\u00e5nga skuggplatserna i v\u00e5r biosf\u00e4r, och som en gest av tacksamhet till Val Plumwood som satte ljuset p\u00e5 skadad mark och relationer som 'konsumenterna inte k\u00e4nner till, inte vill k\u00e4nna till, och i en r\u00e5varuregim aldrig beh\u00f6ver k\u00e4nna till eller ta ansvar f\u00f6r', f\u00f6rklarar vi h\u00e4rmed denna \u00f6 som en natur- och kulturarvsplats. Detta monument fr\u00e5n Plantationocen, en f\u00e4rdig skulptur som formats av f\u00f6rorenad gips, \u00e4r en p\u00e5minnelse om de m\u00e5nga platser som uppr\u00e4tth\u00e5ller v\u00e5ra liv b\u00e5de materiellt och k\u00e4nslom\u00e4ssigt. \u00c4ven de o\u00f6nskade eller ignorerade platserna m\u00e5ste erk\u00e4nnas som en del av det som vi kallar v\u00e5rt hem.\"<\/p>\n<\/blockquote>\n\n\n\n<p>(Du kan l\u00e4sa mer om <a href=\"https:\/\/guide.zero-carbon-skane.org\/sv\/places\/southwest-metropolitan-zone\/vastkusten\/landskrona\/gipson-gympsum-island\/from-toxic-dump-to-ceremonial-site-the-remediation-of-gipson\/\" data-type=\"page\" data-id=\"1128\">en s\u00e4rskild rapport av Elinna Fabelholm om ceremonin f\u00f6r m\u00e5ngfaldens arv och \u00e5terf\u00f6rening<\/a>.)<\/p>","protected":false},"excerpt":{"rendered":"<p>Den konstgjorda \u00f6n Gips\u00f6n, ursprungligen 15 meter \u00f6ver havet och stor som 50 fotbollsplaner men sakta krympande, \u00e4r vad som \u00e5terst\u00e5r fr\u00e5n den tid d\u00e5 Landskrona f\u00f6rs\u00e5g den svenska jordbruksindustrin med g\u00f6dningsmedel. <\/p>","protected":false},"author":1,"featured_media":1175,"parent":30,"menu_order":0,"comment_status":"closed","ping_status":"closed","template":"","meta":{"footnotes":""},"categories":[],"tags":[],"class_list":["post-1131","page","type-page","status-publish","has-post-thumbnail","hentry"],"jetpack_sharing_enabled":true,"_links":{"self":[{"href":"https:\/\/guide.zero-carbon-skane.org\/sv\/wp-json\/wp\/v2\/pages\/1131","targetHints":{"allow":["GET"]}}],"collection":[{"href":"https:\/\/guide.zero-carbon-skane.org\/sv\/wp-json\/wp\/v2\/pages"}],"about":[{"href":"https:\/\/guide.zero-carbon-skane.org\/sv\/wp-json\/wp\/v2\/types\/page"}],"author":[{"embeddable":true,"href":"https:\/\/guide.zero-carbon-skane.org\/sv\/wp-json\/wp\/v2\/users\/1"}],"replies":[{"embeddable":true,"href":"https:\/\/guide.zero-carbon-skane.org\/sv\/wp-json\/wp\/v2\/comments?post=1131"}],"version-history":[{"count":3,"href":"https:\/\/guide.zero-carbon-skane.org\/sv\/wp-json\/wp\/v2\/pages\/1131\/revisions"}],"predecessor-version":[{"id":1189,"href":"https:\/\/guide.zero-carbon-skane.org\/sv\/wp-json\/wp\/v2\/pages\/1131\/revisions\/1189"}],"up":[{"embeddable":true,"href":"https:\/\/guide.zero-carbon-skane.org\/sv\/wp-json\/wp\/v2\/pages\/30"}],"wp:featuredmedia":[{"embeddable":true,"href":"https:\/\/guide.zero-carbon-skane.org\/sv\/wp-json\/wp\/v2\/media\/1175"}],"wp:attachment":[{"href":"https:\/\/guide.zero-carbon-skane.org\/sv\/wp-json\/wp\/v2\/media?parent=1131"}],"wp:term":[{"taxonomy":"category","embeddable":true,"href":"https:\/\/guide.zero-carbon-skane.org\/sv\/wp-json\/wp\/v2\/categories?post=1131"},{"taxonomy":"post_tag","embeddable":true,"href":"https:\/\/guide.zero-carbon-skane.org\/sv\/wp-json\/wp\/v2\/tags?post=1131"}],"curies":[{"name":"wp","href":"https:\/\/api.w.org\/{rel}","templated":true}]}}