{"id":11,"date":"2022-08-16T10:31:42","date_gmt":"2022-08-16T10:31:42","guid":{"rendered":"https:\/\/guide.zero-carbon-skane.org\/index.php\/southwest-metropolitan-zone\/greater-malmo\/hyllie-high-rise-techie-end\/"},"modified":"2023-03-14T13:05:36","modified_gmt":"2023-03-14T13:05:36","slug":"hyllie-high-rise-techie-end","status":"publish","type":"page","link":"https:\/\/guide.zero-carbon-skane.org\/sv\/places\/southwest-metropolitan-zone\/greater-malmo\/hyllie-high-rise-techie-end\/","title":{"rendered":"Hyllie"},"content":{"rendered":"<p>S\u00f6der om Kroksb\u00e4ck och <a href=\"https:\/\/guide.zero-carbon-skane.org\/sv\/places\/southwest-metropolitan-zone\/greater-malmo\/holma\/\" data-type=\"page\" data-id=\"271\">Holma<\/a>, med <a href=\"https:\/\/guide.zero-carbon-skane.org\/sv\/places\/southwest-metropolitan-zone\/greater-malmo\/svagertorp-sodra-malmo\/\" data-type=\"page\" data-id=\"123\">Sv\u00e5gertorp<\/a> i \u00f6st och Limhamns <em>Kalkbrottet<\/em> i v\u00e4st, var Hyllie egentligen inte mycket annat \u00e4n en \u00f6demark i stadens utkant tills j\u00e4rnv\u00e4gsstationen - det sista stoppet innan \u00d6resundsbron till Danmark - \u00f6ppnades 2010, snart f\u00f6ljt av Emporia, i sin f\u00f6rsta inkarnation som ett hemskt sent postmodernt k\u00f6pcentrum. Ett antal h\u00f6ga torn f\u00f6ljde under det dryga decennium som f\u00f6ljde, i vad som ibland framst\u00e4lldes som ett f\u00f6rs\u00f6k att skapa ett \"teknikkluster\" f\u00f6r <a href=\"https:\/\/guide.zero-carbon-skane.org\/sv\/places\/southwest-metropolitan-zone\/greater-malmo\/\" data-type=\"page\" data-id=\"8\">Malm\u00f6<\/a>, men som i efterhand mer liknar en desperat jakt p\u00e5 \"snabba pengar\" fr\u00e5n utvecklingsboomen i b\u00f6rjan av 2000-talet.<\/p>\n\n\n\n<p>Slutresultatet \u00e4r en hel del hyfsade och nybyggda bost\u00e4der, men ganska f\u00e5 arbetstillf\u00e4llen och en tydlig brist p\u00e5 lokala bekv\u00e4mligheter. Emporia var f\u00f6rmodligen t\u00e4nkt att ta rollen som b\u00e5de lokal butik, restaurang och rekreationsanl\u00e4ggning - och p\u00e5 ett ganska omst\u00e4ndligt s\u00e4tt \u00e4r det precis vad k\u00f6pcentret blev, \u00e4ven om det kr\u00e4vdes en l\u00e5ngvarig ockupation och en total omdaning av platsen f\u00f6r att det skulle ske. <a href=\"https:\/\/guide.zero-carbon-skane.org\/sv\/places\/southwest-metropolitan-zone\/greater-malmo\/hyllie-high-rise-techie-end\/emporiaevolved-and-the-afterlife-of-the-mall\/\" data-type=\"page\" data-id=\"288\">Det \"reloadade\" Emporia, med sina hantverks- och reparationsverkst\u00e4der, kl\u00e4dbytare och fria h\u00e4ngm\u00f6jligheter, \u00e4r nu ett dragpl\u00e5ster f\u00f6r hela Malm\u00f6<\/a>, och ibland \u00e4nnu l\u00e4ngre bort - det \u00e4r ett absolut m\u00e5ste f\u00f6r bes\u00f6kare i staden och ett mycket omtyckt tillh\u00e5ll f\u00f6r de som bor h\u00e4r sedan l\u00e4nge.<\/p>\n\n\n\n<p>Det finns fortfarande n\u00e5gra fina hotell f\u00f6r bes\u00f6kande aff\u00e4rsm\u00e4n, f\u00f6r k\u00e4ndisar (och deras f\u00f6ljen) som spelar shower eller matcher p\u00e5 den nu ganska slitna arenan, och f\u00f6r andra typer av h\u00f6ginkomsttagare. <a href=\"https:\/\/guide.zero-carbon-skane.org\/sv\/places\/southwest-metropolitan-zone\/greater-malmo\/hyllie-high-rise-techie-end\/hotel-highrise-hyllie\/\" data-type=\"page\" data-id=\"286\">H\u00f6ghushotellet i Hyllie<\/a> \u00e4r utan tvekan den mest framg\u00e5ngsrika av dessa, med tanke p\u00e5 hur ofta de andra har varit tvungna att byta varum\u00e4rke och s\u00e4nka sina priser.<\/p>\n\n\n\n<p>Men magnituden av platsen kan \u00e4nd\u00e5 vara lite anstr\u00e4ngande, som om den var utformad f\u00f6r att f\u00e5 enskilda m\u00e4nniskor att k\u00e4nna sig f\u00f6rminskade av civilisationens abstrakta verk. De originella kvarlevorna fr\u00e5n en tidigare epok, som det gamla vattentornet, kan ge lite estetiskt andrum - och lite skugga n\u00e4r sommaren blir f\u00f6r obeveklig - men om du vill \u00e5terbekanta dig med bebyggelse i m\u00e4nsklig skala \u00e4r det bara en kort promenad till <a href=\"https:\/\/guide.zero-carbon-skane.org\/sv\/places\/southwest-metropolitan-zone\/greater-malmo\/holma\/\" data-type=\"page\" data-id=\"271\">Holma<\/a> i norr...<\/p>","protected":false},"excerpt":{"rendered":"<p>Ibland framst\u00e4lls Hyllie som ett f\u00f6rs\u00f6k att skapa ett \"teknikkluster\" f\u00f6r Malm\u00f6, men med facit i hand ser det mer ut som en frenetisk jakt p\u00e5 \"snabba pengar\" i b\u00f6rjan av 2000-talet.<\/p>","protected":false},"author":1,"featured_media":828,"parent":8,"menu_order":0,"comment_status":"closed","ping_status":"closed","template":"","meta":{"footnotes":""},"categories":[],"tags":[],"class_list":["post-11","page","type-page","status-publish","has-post-thumbnail","hentry"],"jetpack_sharing_enabled":true,"_links":{"self":[{"href":"https:\/\/guide.zero-carbon-skane.org\/sv\/wp-json\/wp\/v2\/pages\/11","targetHints":{"allow":["GET"]}}],"collection":[{"href":"https:\/\/guide.zero-carbon-skane.org\/sv\/wp-json\/wp\/v2\/pages"}],"about":[{"href":"https:\/\/guide.zero-carbon-skane.org\/sv\/wp-json\/wp\/v2\/types\/page"}],"author":[{"embeddable":true,"href":"https:\/\/guide.zero-carbon-skane.org\/sv\/wp-json\/wp\/v2\/users\/1"}],"replies":[{"embeddable":true,"href":"https:\/\/guide.zero-carbon-skane.org\/sv\/wp-json\/wp\/v2\/comments?post=11"}],"version-history":[{"count":1,"href":"https:\/\/guide.zero-carbon-skane.org\/sv\/wp-json\/wp\/v2\/pages\/11\/revisions"}],"predecessor-version":[{"id":830,"href":"https:\/\/guide.zero-carbon-skane.org\/sv\/wp-json\/wp\/v2\/pages\/11\/revisions\/830"}],"up":[{"embeddable":true,"href":"https:\/\/guide.zero-carbon-skane.org\/sv\/wp-json\/wp\/v2\/pages\/8"}],"wp:featuredmedia":[{"embeddable":true,"href":"https:\/\/guide.zero-carbon-skane.org\/sv\/wp-json\/wp\/v2\/media\/828"}],"wp:attachment":[{"href":"https:\/\/guide.zero-carbon-skane.org\/sv\/wp-json\/wp\/v2\/media?parent=11"}],"wp:term":[{"taxonomy":"category","embeddable":true,"href":"https:\/\/guide.zero-carbon-skane.org\/sv\/wp-json\/wp\/v2\/categories?post=11"},{"taxonomy":"post_tag","embeddable":true,"href":"https:\/\/guide.zero-carbon-skane.org\/sv\/wp-json\/wp\/v2\/tags?post=11"}],"curies":[{"name":"wp","href":"https:\/\/api.w.org\/{rel}","templated":true}]}}