{"id":107,"date":"2022-09-21T11:58:50","date_gmt":"2022-09-21T11:58:50","guid":{"rendered":"https:\/\/guide.zero-carbon-skane.org\/?page_id=107"},"modified":"2023-04-26T11:11:42","modified_gmt":"2023-04-26T11:11:42","slug":"skane-for-kids","status":"publish","type":"page","link":"https:\/\/guide.zero-carbon-skane.org\/sv\/advice\/skane-for-kids\/","title":{"rendered":"Sk\u00e5ne f\u00f6r barn"},"content":{"rendered":"<p>Sk\u00e5ne \u00e4r som st\u00f6rre delen av Skandinavien en ganska barnv\u00e4nlig plats: i stort sett vart man \u00e4n \u00e5ker \u00e4r det inga problem att sl\u00e4ppa iv\u00e4g barnen i n\u00e5gra timmar n\u00e4r de har uppn\u00e5tt en viss \u00e5lder. Det \u00e4r en strategi med vissa f\u00f6rtj\u00e4nster - och det \u00e4r d\u00e4rf\u00f6r som Rough Planet-teamet (eller \u00e5tminstone de medlemmar som \u00e4r eller har varit f\u00f6r\u00e4ldrar) rekommenderar unga bes\u00f6kare att <a href=\"https:\/\/guide.zero-carbon-skane.org\/sv\/advice\/travel-mobility\/on-yer-bike-cycling-in-skane\/\" data-type=\"page\" data-id=\"398\">hyra cyklar<\/a> oavsett hur kort bes\u00f6ket blir. Det \u00e4r f\u00f6rv\u00e5nansv\u00e4rt hur effektivt cykling kan tr\u00f6tta ut en ung m\u00e4nniska!<\/p>\n\n\n\n<p>De flesta platser du kan t\u00e4nka dig att bes\u00f6ka har <em>n\u00e5got<\/em> f\u00f6r barnen. Vi har dock n\u00e5gra f\u00f6rslag som kan vara s\u00e4rskilt bra, beroende p\u00e5 hur dina barn \u00e4r och hur du uppfostrar dem. Festivaler \u00e4r ett bra exempel p\u00e5 vad som finns att v\u00e4lja p\u00e5: du kan f\u00f6rsiktigt uts\u00e4tta dem f\u00f6r ovanliga livsmedel p\u00e5 <a href=\"https:\/\/guide.zero-carbon-skane.org\/sv\/activities\/events\/the-floating-harvest-festival\/\" data-type=\"page\" data-id=\"182\">den flytande sk\u00f6rdefesten p\u00e5 Hammarsj\u00f6n<\/a>, eller s\u00e5 kan man inf\u00f6ra gemenskapsv\u00e4rderingar genom att <a href=\"https:\/\/guide.zero-carbon-skane.org\/sv\/places\/southeast-the-slow-coast\/the-slow-coast\/brosarp-havang\/eat-it-as-it-comes-brosarp-food-festival\/\" data-type=\"page\" data-id=\"427\">volont\u00e4rarbeta med dem som KPs p\u00e5 Br\u00f6sarps matfestival<\/a>, eller s\u00e5 kan du ta det riktigt tuffa alternativet med Adventure Parent och l\u00e5ta dem f\u00f6lja med dig till <a href=\"https:\/\/guide.zero-carbon-skane.org\/sv\/activities\/events\/flexival-the-low-water-festivals\/\" data-type=\"page\" data-id=\"311\">en festival med l\u00e5g vattenf\u00f6rbrukning<\/a> ute i flexmarkerna. (Gl\u00f6m inte \u00f6ronpropparna!)<\/p>\n\n\n\n<p>Om festivaler l\u00e5ter f\u00f6r h\u00f6gljudda och hektiska f\u00f6r dig och\/eller dina barn, ja d\u00e5 \u00e4r <a href=\"https:\/\/guide.zero-carbon-skane.org\/sv\/advice\/solar-camping-puts-open-fields-in-the-shade\/\" data-type=\"page\" data-id=\"444\">solcamping ungef\u00e4r s\u00e5 fridfullt som det kan bli<\/a> (trots nyfikna getter); om de gillar att simma kan en dag p\u00e5 <a href=\"https:\/\/guide.zero-carbon-skane.org\/sv\/places\/southeast-the-slow-coast\/ystad\/eelgrass-safari-adventures-in-ystads-strandskog\/\" data-type=\"page\" data-id=\"352\">\u00c5lgr\u00e4ssafari i Ystad<\/a> kommer att slita ut dem ordentligt (och ge dig lite tid att smaka p\u00e5 de lokala delikatesserna). De som har en mer urban l\u00e4ggning - eller bara de som gillar tanken p\u00e5 festivaler mer \u00e4n de gillar tanken p\u00e5 pl\u00f6tsliga v\u00e4derf\u00f6r\u00e4ndringar - kan v\u00e4lja att <a href=\"https:\/\/guide.zero-carbon-skane.org\/sv\/places\/southwest-metropolitan-zone\/greater-malmo\/hyllie-high-rise-techie-end\/emporiaevolved-and-the-afterlife-of-the-mall\/\" data-type=\"page\" data-id=\"288\">behandla det gamla k\u00f6pcentret Emporia:Evolved som den 24\/7 inomhusfestival som det i grund och botten \u00e4r<\/a>.<\/p>\n\n\n\n<p>Vill du satsa mer p\u00e5 utomhusaktiviteter? <em>Nu<\/em> t\u00e4nker du som en svensk! Ta dem till <a href=\"https:\/\/guide.zero-carbon-skane.org\/sv\/places\/northwest\/angelholm\/circles-in-the-sand-angelholm-sand-sculpture-park\/\" data-type=\"page\" data-id=\"217\">se (och kanske g\u00f6ra) sandalas p\u00e5 stranden i \u00c4ngelholm<\/a>; eller f\u00f6rs\u00f6k \u00f6verge dem i mitten av <a href=\"https:\/\/guide.zero-carbon-skane.org\/sv\/places\/northwest\/helsingborg\/gives-peas-a-chance-bjuv-artlabyrint\/\" data-type=\"page\" data-id=\"205\">\u00e4rtlabyrinten n\u00e4ra Bjuv<\/a>; eller varf\u00f6r inte st\u00e4lla in dem p\u00e5 <a href=\"https:\/\/guide.zero-carbon-skane.org\/sv\/places\/central-heartlands\/ringsjon\/hoor\/permaculture-ground-zero-holma-terrestrial-center\/\" data-type=\"page\" data-id=\"412\">trampa biokol i Holmas permakulturella \"living labs\"<\/a>!<\/p>\n\n\n\n<p>Det finns dock n\u00e5gra platser som det \u00e4r v\u00e4rt att vara lite f\u00f6rsiktig med. Vi rekommenderar till exempel inte att <a href=\"https:\/\/guide.zero-carbon-skane.org\/sv\/places\/southwest-metropolitan-zone\/greater-malmo\/take-back-the-town-urban-flexblocks-in-malmo-and-beyond\/\" data-type=\"page\" data-id=\"307\">barn bes\u00f6ker demokratiska kvarter utan medf\u00f6ljande vuxen<\/a> om de inte har blivit inbjudna av sina lokala kamrater; likas\u00e5 om de inte \u00e5tf\u00f6ljs av en vuxen s\u00e5 inte <a href=\"https:\/\/guide.zero-carbon-skane.org\/sv\/activities\/sightseeing\/living-it-up-in-liminal-landscapes-flexmark\/\" data-type=\"page\" data-id=\"309\">flexmark<\/a> den b\u00e4sta platsen f\u00f6r barn att g\u00e5 fritt.<\/p>\n\n\n\n<p>P\u00e5 samma s\u00e4tt \u00e4r <a href=\"https:\/\/guide.zero-carbon-skane.org\/sv\/places\/southwest-metropolitan-zone\/greater-malmo\/docklands\/famnen-urban-living-with-repurpose\/\" data-type=\"page\" data-id=\"239\">det kooperativa samh\u00e4llet som Famnen i Malm\u00f6<\/a>, eller n\u00e5gra av <a href=\"https:\/\/guide.zero-carbon-skane.org\/sv\/activities\/sightseeing\/village-people-the-oddball-highlights-of-rural-skane\/\" data-type=\"page\" data-id=\"257\">de mer hemlighetsfulla byarna i K\u00e4rnlandet<\/a>, inte vad m\u00e5nga f\u00f6r\u00e4ldrar skulle anse vara s\u00e4kra platser f\u00f6r barn att vandra omkring p\u00e5 utan tillsyn... \u00e4ven om andra skulle anse att de \u00e4r exemplariska. Naturligtvis b\u00f6r dina f\u00f6r\u00e4ldrainstinkter vara din f\u00f6rsta v\u00e4gledning - men n\u00e4r det \u00e4r m\u00f6jligt rekommenderar vi att du reserverar dem f\u00f6r \u00f6vervakning av ditt <em>eget<\/em> barn, och inte andras.<\/p>","protected":false},"excerpt":{"rendered":"<p>De flesta st\u00e4llen du kan t\u00e4nka dig att \u00e5ka till i Sk\u00e5ne kommer att ha <em>n\u00e5got<\/em> f\u00f6r barn att g\u00f6ra, men vi har n\u00e5gra f\u00f6rslag som kan vara s\u00e4rskilt bra, beroende p\u00e5 dina barns karakt\u00e4r och din uppfostringsstil.<\/p>","protected":false},"author":1,"featured_media":1212,"parent":89,"menu_order":0,"comment_status":"closed","ping_status":"closed","template":"","meta":{"footnotes":""},"categories":[],"tags":[],"class_list":["post-107","page","type-page","status-publish","has-post-thumbnail","hentry"],"jetpack_sharing_enabled":true,"_links":{"self":[{"href":"https:\/\/guide.zero-carbon-skane.org\/sv\/wp-json\/wp\/v2\/pages\/107","targetHints":{"allow":["GET"]}}],"collection":[{"href":"https:\/\/guide.zero-carbon-skane.org\/sv\/wp-json\/wp\/v2\/pages"}],"about":[{"href":"https:\/\/guide.zero-carbon-skane.org\/sv\/wp-json\/wp\/v2\/types\/page"}],"author":[{"embeddable":true,"href":"https:\/\/guide.zero-carbon-skane.org\/sv\/wp-json\/wp\/v2\/users\/1"}],"replies":[{"embeddable":true,"href":"https:\/\/guide.zero-carbon-skane.org\/sv\/wp-json\/wp\/v2\/comments?post=107"}],"version-history":[{"count":2,"href":"https:\/\/guide.zero-carbon-skane.org\/sv\/wp-json\/wp\/v2\/pages\/107\/revisions"}],"predecessor-version":[{"id":1213,"href":"https:\/\/guide.zero-carbon-skane.org\/sv\/wp-json\/wp\/v2\/pages\/107\/revisions\/1213"}],"up":[{"embeddable":true,"href":"https:\/\/guide.zero-carbon-skane.org\/sv\/wp-json\/wp\/v2\/pages\/89"}],"wp:featuredmedia":[{"embeddable":true,"href":"https:\/\/guide.zero-carbon-skane.org\/sv\/wp-json\/wp\/v2\/media\/1212"}],"wp:attachment":[{"href":"https:\/\/guide.zero-carbon-skane.org\/sv\/wp-json\/wp\/v2\/media?parent=107"}],"wp:term":[{"taxonomy":"category","embeddable":true,"href":"https:\/\/guide.zero-carbon-skane.org\/sv\/wp-json\/wp\/v2\/categories?post=107"},{"taxonomy":"post_tag","embeddable":true,"href":"https:\/\/guide.zero-carbon-skane.org\/sv\/wp-json\/wp\/v2\/tags?post=107"}],"curies":[{"name":"wp","href":"https:\/\/api.w.org\/{rel}","templated":true}]}}