{"id":105,"date":"2022-09-21T11:58:06","date_gmt":"2022-09-21T11:58:06","guid":{"rendered":"https:\/\/guide.zero-carbon-skane.org\/?page_id=105"},"modified":"2023-04-16T13:21:32","modified_gmt":"2023-04-16T13:21:32","slug":"equipment-clothing","status":"publish","type":"page","link":"https:\/\/guide.zero-carbon-skane.org\/sv\/advice\/equipment-clothing\/","title":{"rendered":"Vad ska man ha p\u00e5 sig? Kl\u00e4 dig efter \u00e5rstiderna i Sk\u00e5ne"},"content":{"rendered":"<p>V\u00e4nd dig inte till oss f\u00f6r att f\u00e5 r\u00e5d om stil; Rough Planet-teamet best\u00e5r fr\u00e4mst av f\u00f6rfattare, och - med n\u00e5gra f\u00e5 anm\u00e4rkningsv\u00e4rda undantag - s\u00e5 \u00e4r det inte en grupp som \u00e4r k\u00e4nd f\u00f6r att kl\u00e4 sig snyggt.<\/p>\n\n\n\n<p>Men att kl\u00e4 sig praktiskt? <em>Det<\/em> f\u00f6rst\u00e5r vi! S\u00e5 h\u00e4r kommer n\u00e5gra tips till nyanl\u00e4nda som undrar hur de ska hantera v\u00e4dret.<\/p>\n\n\n\n<h3 class=\"wp-block-heading\">H\u00f6st och vinter? Tr\u00f6jor och strumpor<\/h3>\n\n\n\n<p>F\u00f6r er som reser fr\u00e5n varmare breddgrader, packa varma kl\u00e4der! Eller om du inte har n\u00e5gra - eller om du reser l\u00e4tt f\u00f6r att h\u00e5lla nere kostnaderna f\u00f6r bagaget - se till att bes\u00f6ka n\u00e5gon av de m\u00e5nga bytesaff\u00e4rerna, d\u00e4r det alltid finns varma saker att f\u00e5 tag p\u00e5, f\u00f6rutsatt att du inte \u00e4r alltf\u00f6r noga med hur de ser ut. P\u00e5 h\u00f6sten och vintern \u00e4r termostaten i de flesta sk\u00e5nska hem inte h\u00f6gre \u00e4n 19 grader, p\u00e5 grund av l\u00e5ngvariga energieffektivitets\u00e5tg\u00e4rder f\u00f6r att m\u00f6ta den s\u00e4nkta kapaciteten hos ett koldioxidsn\u00e5lt v\u00e4rmesystem (se nedan). Det flexibla eln\u00e4tet inneb\u00e4r ocks\u00e5 att golvv\u00e4rme och v\u00e4rmepumpar kan st\u00e4ngas av tillf\u00e4lligt, s\u00e5 det \u00e4r klokt att ha ett par tofflor ocks\u00e5.<\/p>\n\n\n\n<p>N\u00e4r det g\u00e4ller utomhustemperaturer... ja, vi \u00e4r inte typen som chansar eller g\u00f6r f\u00f6ruts\u00e4gelser. \u00c4ven om sn\u00f6 blir allt ovanligare i Sk\u00e5ne, s\u00e4rskilt i s\u00f6der, kan \u00e5rstiderna fortfarande \u00f6verraska oss, som de gjorde under den \"l\u00e5nga kylan\" p\u00e5 2030-talet ... och \u00e4ven om vintrarna i genomsnitt \u00e4r varmare \u00e4n vad de en g\u00e5ng var, \u00e4r de verkligen inte T-shirtv\u00e4der. Att ha en riktigt bra vinterjacka \u00e4r f\u00f6rmodligen det viktigaste; halsdukar, m\u00f6ssor och handskar \u00e4r l\u00e4tta att skaffa lokalt, antingen fr\u00e5n swap-shop eller fr\u00e5n lokala upcycle-artisaner (beroende p\u00e5 din budget).<\/p>\n\n\n\n<h3 class=\"wp-block-heading\">V\u00e5r och sommar? Solkr\u00e4m och solglas\u00f6gon<\/h3>\n\n\n\n<p>Under de varmare m\u00e5naderna beh\u00f6ver du f\u00f6rmodligen inte s\u00e5 m\u00e5nga r\u00e5d. Du b\u00f6r ha p\u00e5 dig s\u00e5 mycket som du k\u00e4nner att du beh\u00f6ver, om du inte hamnar p\u00e5 en av de m\u00e5nga naturist\/nudistplatserna, d\u00e4r det verkligen inte \u00e4r bra att inte f\u00f6lja med str\u00f6mmen, s\u00e5 att s\u00e4ga. Hattar \u00e4r naturligtvis bra, men annars b\u00f6r allt tas av ... och h\u00e5ll dina \u00f6gon f\u00f6r dig sj\u00e4lv!<\/p>\n\n\n\n<p>Nudister \u00e4r dock inte de enda som p\u00e5 allvar b\u00f6r t\u00e4nka p\u00e5 att skydda sin hud. Att sola sig \u00e4r visserligen ett gammalt sk\u00e5nskt sommarn\u00f6je, men solen \u00e4r starkare \u00e4n den var och hudcancer \u00e4r en allvarlig risk, \u00e4ven f\u00f6r dem som h\u00e5ller sig till shorts och T-shirts. Biologiskt nedbrytbara kr\u00e4mer och oljor finns att k\u00f6pa p\u00e5 apotek och i vissa butiker: s\u00e5 anv\u00e4nd dem! Och ett par bra solglas\u00f6gon kommer att r\u00e4dda din syn p\u00e5 \u00e4ldre dagar ocks\u00e5...<\/p>\n\n\n\n<hr class=\"wp-block-separator has-alpha-channel-opacity\"\/>\n\n\n\n<h4 class=\"wp-block-heading\">Komfort kontra koldioxid: n\u00e5gra kommentarer om Sk\u00e5nes v\u00e4rmesystem<\/h4>\n\n\n\n<p>Det svenska fj\u00e4rrv\u00e4rmesystemet hyllades en g\u00e5ng i tiden som en klimatv\u00e4nlig pionj\u00e4r. Efter energikrisen i b\u00f6rjan av 70-talet b\u00f6rjade landet avv\u00e4nja sig fr\u00e5n eldningsolja genom att satsa p\u00e5 biobr\u00e4nslen, avfallsf\u00f6rbr\u00e4nning och \u00e5tervunnen v\u00e4rme fr\u00e5n industriella processer. Och visst, det var en klar f\u00f6rb\u00e4ttring - men dess svagheter var uppenbara, \u00e5tminstone i efterhand. Om vi vill \u00e5tervinna alla material, kan vi d\u00e5 verkligen f\u00f6rbr\u00e4nna en del av dem f\u00f6r att f\u00e5 v\u00e4rme? Och om vi beh\u00f6ver bevara skogar f\u00f6r alla slags arter, kan vi d\u00e5 med gott samvete anv\u00e4nda biobaserade br\u00e4nslen?<\/p>\n\n\n\n<p>Sk\u00e5nska st\u00e4der hanterade detta dilemma p\u00e5 olika s\u00e4tt. <a href=\"https:\/\/guide.zero-carbon-skane.org\/sv\/places\/central-heartlands\/hassleholm\/\" data-type=\"page\" data-id=\"55\">H\u00e4ssleholm<\/a>, som omges av b\u00e5de skogar och skogslobbyister, f\u00f6rdubblade sin anv\u00e4ndning av skogsavfall f\u00f6r uppv\u00e4rmning. De byggde nyligen ett system f\u00f6r att f\u00e5nga upp den koldioxid som avges och skicka den till Norge f\u00f6r lagring p\u00e5 djupt vatten - det m\u00e5lades i en ganska snygg limegr\u00f6n f\u00e4rg, s\u00e5 du kommer inte att missa det om du bes\u00f6ker v\u00e4rmeverket. Under l\u00e5ng tid h\u00e4vdade staden att dess f\u00f6rbr\u00e4nning var koldioxidneutral, att tr\u00e4d v\u00e4xte upp igen f\u00f6r att f\u00e5nga upp samma m\u00e4ngd koldioxid som de sl\u00e4ppte ut n\u00e4r de f\u00f6rbr\u00e4ndes. Skogsbr\u00e4nderna under det smutsiga trettiotalet avsl\u00f6jade dock att detta var en h\u00e4gring, vilket fick EU att koppla bort bindning fr\u00e5n utsl\u00e4pp i sina r\u00e4kenskaper.\u00a0<\/p>\n\n\n\n<p><a href=\"https:\/\/guide.zero-carbon-skane.org\/sv\/places\/southwest-metropolitan-zone\/greater-malmo\/\" data-type=\"page\" data-id=\"8\">Malm\u00f6<\/a>, \u00e5 andra sidan, s\u00e5g till solen: den <em>kommun<\/em> s\u00e5g till att solv\u00e4rme skulle installeras i samma takt som solpaneler p\u00e5 stadens tak. Detta kombinerades med byggandet av stora underjordiska lagringsbass\u00e4nger d\u00e4r v\u00e4rmen kunde lagras under de varma sommarm\u00e5naderna och anv\u00e4ndas under de kallare m\u00e5naderna. Lokalbefolkningen erk\u00e4nner g\u00e4rna att vintrarna 32-35 var tuffa - precis som i hela landet - men det var innan lagringsbass\u00e4ngerna kom online, och m\u00e5nga \u00e4ldre l\u00e4genheter l\u00e4ckte fortfarande v\u00e4rme som durkslag. Men sedan dess har Malm\u00f6 genom en kombination av l\u00e4gre grundtemperatur i v\u00e4rmen\u00e4tet, \u00f6kad spillv\u00e4rme fr\u00e5n \u00d6resundsmetron och stora isoleringskampanjer lyckats skapa ett f\u00f6rbr\u00e4nningsfritt v\u00e4rmesystem som de med r\u00e4tta \u00e4r stolta \u00f6ver (och som m\u00e5nga andra kommuner \u00e4r lite tr\u00f6tta p\u00e5 att h\u00f6ra talas om).<\/p>","protected":false},"excerpt":{"rendered":"<p>Om du inte har varit i Sk\u00e5ne tidigare kanske du undrar vad du beh\u00f6ver packa, kl\u00e4dm\u00e4ssigt. Svaret p\u00e5 den fr\u00e5gan \u00e4r? \"Det beror p\u00e5...\"<\/p>","protected":false},"author":1,"featured_media":1165,"parent":89,"menu_order":0,"comment_status":"closed","ping_status":"closed","template":"","meta":{"footnotes":""},"categories":[],"tags":[],"class_list":["post-105","page","type-page","status-publish","has-post-thumbnail","hentry"],"jetpack_sharing_enabled":true,"_links":{"self":[{"href":"https:\/\/guide.zero-carbon-skane.org\/sv\/wp-json\/wp\/v2\/pages\/105","targetHints":{"allow":["GET"]}}],"collection":[{"href":"https:\/\/guide.zero-carbon-skane.org\/sv\/wp-json\/wp\/v2\/pages"}],"about":[{"href":"https:\/\/guide.zero-carbon-skane.org\/sv\/wp-json\/wp\/v2\/types\/page"}],"author":[{"embeddable":true,"href":"https:\/\/guide.zero-carbon-skane.org\/sv\/wp-json\/wp\/v2\/users\/1"}],"replies":[{"embeddable":true,"href":"https:\/\/guide.zero-carbon-skane.org\/sv\/wp-json\/wp\/v2\/comments?post=105"}],"version-history":[{"count":3,"href":"https:\/\/guide.zero-carbon-skane.org\/sv\/wp-json\/wp\/v2\/pages\/105\/revisions"}],"predecessor-version":[{"id":1167,"href":"https:\/\/guide.zero-carbon-skane.org\/sv\/wp-json\/wp\/v2\/pages\/105\/revisions\/1167"}],"up":[{"embeddable":true,"href":"https:\/\/guide.zero-carbon-skane.org\/sv\/wp-json\/wp\/v2\/pages\/89"}],"wp:featuredmedia":[{"embeddable":true,"href":"https:\/\/guide.zero-carbon-skane.org\/sv\/wp-json\/wp\/v2\/media\/1165"}],"wp:attachment":[{"href":"https:\/\/guide.zero-carbon-skane.org\/sv\/wp-json\/wp\/v2\/media?parent=105"}],"wp:term":[{"taxonomy":"category","embeddable":true,"href":"https:\/\/guide.zero-carbon-skane.org\/sv\/wp-json\/wp\/v2\/categories?post=105"},{"taxonomy":"post_tag","embeddable":true,"href":"https:\/\/guide.zero-carbon-skane.org\/sv\/wp-json\/wp\/v2\/tags?post=105"}],"curies":[{"name":"wp","href":"https:\/\/api.w.org\/{rel}","templated":true}]}}