{"id":103,"date":"2022-09-21T11:56:52","date_gmt":"2022-09-21T11:56:52","guid":{"rendered":"https:\/\/guide.zero-carbon-skane.org\/?page_id=103"},"modified":"2023-03-24T13:55:40","modified_gmt":"2023-03-24T13:55:40","slug":"learning-doing","status":"publish","type":"page","link":"https:\/\/guide.zero-carbon-skane.org\/sv\/activities\/learning-doing\/","title":{"rendered":"Att l\u00e4ra och g\u00f6ra"},"content":{"rendered":"<p>I Sk\u00e5ne finns det gott om aktiviteter f\u00f6r b\u00e5de kropp och sj\u00e4l, och m\u00e5nga av dem - tack vare en genomg\u00e5ende explosion av ekologiskt intresse i omr\u00e5det - handlar om att odla saker.<\/p>\n\n\n\n<p>Om du stannar ett tag och letar efter en l\u00e5ngsiktig praktik som inneb\u00e4r att du kommer ut p\u00e5 f\u00e4ltet (eller havet), finns det ett par bra alternativ:<\/p>\n\n\n\n<div class=\"wp-block-group is-vertical is-content-justification-center is-layout-flex wp-container-core-group-is-layout-ce155fab wp-block-group-is-layout-flex\">\n<figure class=\"wp-block-embed is-type-wp-embed is-provider-a-guide-to-zero-carbon-skane wp-block-embed-a-guide-to-zero-carbon-skane\"><div class=\"wp-block-embed__wrapper\">\n<blockquote class=\"wp-embedded-content\" data-secret=\"g4TKIrGxKA\"><a href=\"https:\/\/guide.zero-carbon-skane.org\/sv\/activities\/learning-doing\/boghopping-wetland-restoration-in-skane\/\">Tr\u00e4skhoppande: restaurering av v\u00e5tmarker i Sk\u00e5ne<\/a><\/blockquote><iframe loading=\"lazy\" class=\"wp-embedded-content\" sandbox=\"allow-scripts\" security=\"restricted\" style=\"position: absolute; clip: rect(1px, 1px, 1px, 1px);\" title=\"&quot;Boghopping: \u00e5terst\u00e4llande av v\u00e5tmarker i Sk\u00e5ne&quot; - En guide till ett koldioxidfritt Sk\u00e5ne\" src=\"https:\/\/guide.zero-carbon-skane.org\/activities\/learning-doing\/boghopping-wetland-restoration-in-skane\/embed\/#?secret=xnt2lU9DDa#?secret=g4TKIrGxKA\" data-secret=\"g4TKIrGxKA\" width=\"500\" height=\"282\" frameborder=\"0\" marginwidth=\"0\" marginheight=\"0\" scrolling=\"no\"><\/iframe>\n<\/div><\/figure>\n\n\n\n<figure class=\"wp-block-embed is-type-wp-embed is-provider-a-guide-to-zero-carbon-skane wp-block-embed-a-guide-to-zero-carbon-skane\"><div class=\"wp-block-embed__wrapper\">\n<blockquote class=\"wp-embedded-content\" data-secret=\"HHFNX5uuX1\"><a href=\"https:\/\/guide.zero-carbon-skane.org\/sv\/activities\/learning-doing\/havskolonilotter-sea-lots-on-the-slow-coast\/\">Havskolonilotter: havslotter p\u00e5 den lugna kusten<\/a><\/blockquote><iframe loading=\"lazy\" class=\"wp-embedded-content\" sandbox=\"allow-scripts\" security=\"restricted\" style=\"position: absolute; clip: rect(1px, 1px, 1px, 1px);\" title=\"&quot;Havskolonilotter: sea-lots on the Slow Coast&quot; - En guide till ett koldioxidfritt Sk\u00e5ne\" src=\"https:\/\/guide.zero-carbon-skane.org\/activities\/learning-doing\/havskolonilotter-sea-lots-on-the-slow-coast\/embed\/#?secret=g2322rgyW7#?secret=HHFNX5uuX1\" data-secret=\"HHFNX5uuX1\" width=\"500\" height=\"282\" frameborder=\"0\" marginwidth=\"0\" marginheight=\"0\" scrolling=\"no\"><\/iframe>\n<\/div><\/figure>\n<\/div>\n\n\n\n<p>F\u00f6r kortare kurser eller dagsaktiviteter erbjuder m\u00e5nga ekologiskt inriktade platser m\u00f6jligheter att engagera sig eller f\u00e5 tips fr\u00e5n proffsen! Testa dessa:<\/p>\n\n\n\n<div class=\"wp-block-group is-vertical is-content-justification-center is-layout-flex wp-container-core-group-is-layout-ce155fab wp-block-group-is-layout-flex\">\n<figure class=\"wp-block-embed is-type-wp-embed is-provider-a-guide-to-zero-carbon-skane wp-block-embed-a-guide-to-zero-carbon-skane\"><div class=\"wp-block-embed__wrapper\">\n<blockquote class=\"wp-embedded-content\" data-secret=\"0vNEXQ01HF\"><a href=\"https:\/\/guide.zero-carbon-skane.org\/sv\/places\/southwest-metropolitan-zone\/lund\/lund-university\/from-taxonomy-to-preservation-lunds-botaniska-tradgarden\/\">Fr\u00e5n taxonomi till bevarande: Lunds Botaniska tr\u00e4dg\u00e5rd<\/a><\/blockquote><iframe loading=\"lazy\" class=\"wp-embedded-content\" sandbox=\"allow-scripts\" security=\"restricted\" style=\"position: absolute; clip: rect(1px, 1px, 1px, 1px);\" title=\"&quot;Fr\u00e5n taxonomi till bevarande: Lunds Botaniska tr\u00e4dg\u00e5rd&quot; - En guide till koldioxidfria Sk\u00e5ne\" src=\"https:\/\/guide.zero-carbon-skane.org\/places\/southwest-metropolitan-zone\/lund\/lund-university\/from-taxonomy-to-preservation-lunds-botaniska-tradgarden\/embed\/#?secret=SdeC6fnuM7#?secret=0vNEXQ01HF\" data-secret=\"0vNEXQ01HF\" width=\"500\" height=\"282\" frameborder=\"0\" marginwidth=\"0\" marginheight=\"0\" scrolling=\"no\"><\/iframe>\n<\/div><\/figure>\n\n\n\n<figure class=\"wp-block-embed is-type-wp-embed is-provider-a-guide-to-zero-carbon-skane wp-block-embed-a-guide-to-zero-carbon-skane\"><div class=\"wp-block-embed__wrapper\">\n<blockquote class=\"wp-embedded-content\" data-secret=\"1sH4QD9ly1\"><a href=\"https:\/\/guide.zero-carbon-skane.org\/sv\/places\/northwest\/orkelljunga\/orkeltopia-eco-village\/\">\u00d6rkeltopia ekoby<\/a><\/blockquote><iframe loading=\"lazy\" class=\"wp-embedded-content\" sandbox=\"allow-scripts\" security=\"restricted\" style=\"position: absolute; clip: rect(1px, 1px, 1px, 1px);\" title=\"&quot;\u00d6rkeltopia Eco-village&quot; - En guide till ett Sk\u00e5ne utan koldioxidutsl\u00e4pp\" src=\"https:\/\/guide.zero-carbon-skane.org\/places\/northwest\/orkelljunga\/orkeltopia-eco-village\/embed\/#?secret=js0aYbsySN#?secret=1sH4QD9ly1\" data-secret=\"1sH4QD9ly1\" width=\"500\" height=\"282\" frameborder=\"0\" marginwidth=\"0\" marginheight=\"0\" scrolling=\"no\"><\/iframe>\n<\/div><\/figure>\n\n\n\n<figure class=\"wp-block-embed is-type-wp-embed is-provider-a-guide-to-zero-carbon-skane wp-block-embed-a-guide-to-zero-carbon-skane\"><div class=\"wp-block-embed__wrapper\">\n<blockquote class=\"wp-embedded-content\" data-secret=\"GH4sBghtl7\"><a href=\"https:\/\/guide.zero-carbon-skane.org\/sv\/places\/central-heartlands\/ringsjon\/hoor\/permaculture-ground-zero-holma-terrestrial-center\/\">Permakulturens nollpunkt: Holmas markbundna center<\/a><\/blockquote><iframe loading=\"lazy\" class=\"wp-embedded-content\" sandbox=\"allow-scripts\" security=\"restricted\" style=\"position: absolute; clip: rect(1px, 1px, 1px, 1px);\" title=\"&quot;Permakultur Ground Zero: Holma Terrestrial Center&quot; - En guide till ett koldioxidfritt Sk\u00e5ne\" src=\"https:\/\/guide.zero-carbon-skane.org\/places\/central-heartlands\/ringsjon\/hoor\/permaculture-ground-zero-holma-terrestrial-center\/embed\/#?secret=wnqzP1w0iv#?secret=GH4sBghtl7\" data-secret=\"GH4sBghtl7\" width=\"500\" height=\"282\" frameborder=\"0\" marginwidth=\"0\" marginheight=\"0\" scrolling=\"no\"><\/iframe>\n<\/div><\/figure>\n\n\n\n<figure class=\"wp-block-embed is-type-wp-embed is-provider-a-guide-to-zero-carbon-skane wp-block-embed-a-guide-to-zero-carbon-skane\"><div class=\"wp-block-embed__wrapper\">\n<blockquote class=\"wp-embedded-content\" data-secret=\"87mYuCvUgh\"><a href=\"https:\/\/guide.zero-carbon-skane.org\/sv\/places\/southwest-metropolitan-zone\/greater-malmo\/peripheries\/root-and-branch-botildenborg-and-the-urban-agricultural-revolution\/\">R\u00f6tter och grenar: Botildenborg och den urbana odlingsrevolutionen<\/a><\/blockquote><iframe loading=\"lazy\" class=\"wp-embedded-content\" sandbox=\"allow-scripts\" security=\"restricted\" style=\"position: absolute; clip: rect(1px, 1px, 1px, 1px);\" title=\"&quot;Rot och gren: Botildenborg och den urbana jordbruksrevolutionen&quot; - A Guide to Zero-Carbon Sk\u00e5ne\" src=\"https:\/\/guide.zero-carbon-skane.org\/places\/southwest-metropolitan-zone\/greater-malmo\/peripheries\/root-and-branch-botildenborg-and-the-urban-agricultural-revolution\/embed\/#?secret=o0kggFG64W#?secret=87mYuCvUgh\" data-secret=\"87mYuCvUgh\" width=\"500\" height=\"282\" frameborder=\"0\" marginwidth=\"0\" marginheight=\"0\" scrolling=\"no\"><\/iframe>\n<\/div><\/figure>\n\n\n\n<figure class=\"wp-block-embed is-type-wp-embed is-provider-a-guide-to-zero-carbon-skane wp-block-embed-a-guide-to-zero-carbon-skane\"><div class=\"wp-block-embed__wrapper\">\n<blockquote class=\"wp-embedded-content\" data-secret=\"OFYv7mkobG\"><a href=\"https:\/\/guide.zero-carbon-skane.org\/sv\/places\/southwest-metropolitan-zone\/svedala\/rethink-reset-svedala-soil-center\/\">T\u00e4nk om, \u00c5terst\u00e4ll! Svedala Jordbrukscentrum<\/a><\/blockquote><iframe loading=\"lazy\" class=\"wp-embedded-content\" sandbox=\"allow-scripts\" security=\"restricted\" style=\"position: absolute; clip: rect(1px, 1px, 1px, 1px);\" title=\"&quot;T\u00e4nk om, st\u00e4ll om! Svedala Soil Center&quot; - En guide till ett koldioxidfritt Sk\u00e5ne\" src=\"https:\/\/guide.zero-carbon-skane.org\/places\/southwest-metropolitan-zone\/svedala\/rethink-reset-svedala-soil-center\/embed\/#?secret=sR2OEHxYcl#?secret=OFYv7mkobG\" data-secret=\"OFYv7mkobG\" width=\"500\" height=\"282\" frameborder=\"0\" marginwidth=\"0\" marginheight=\"0\" scrolling=\"no\"><\/iframe>\n<\/div><\/figure>\n\n\n\n<figure class=\"wp-block-embed is-type-wp-embed is-provider-a-guide-to-zero-carbon-skane wp-block-embed-a-guide-to-zero-carbon-skane\"><div class=\"wp-block-embed__wrapper\">\n<blockquote class=\"wp-embedded-content\" data-secret=\"LJX6xXszrT\"><a href=\"https:\/\/guide.zero-carbon-skane.org\/sv\/places\/southeast-the-slow-coast\/gamla-osterlen\/tomelilla\/den-stora-munken-onslundas-monument-to-donut-economics\/\">Den Stora Munken: Onslundas monument f\u00f6r munkekonomin<\/a><\/blockquote><iframe loading=\"lazy\" class=\"wp-embedded-content\" sandbox=\"allow-scripts\" security=\"restricted\" style=\"position: absolute; clip: rect(1px, 1px, 1px, 1px);\" title=\"&quot;Den Stora Munken: Onslundas monument \u00f6ver munkekonomin&quot; - En guide till koldioxidfria Sk\u00e5ne\" src=\"https:\/\/guide.zero-carbon-skane.org\/places\/southeast-the-slow-coast\/gamla-osterlen\/tomelilla\/den-stora-munken-onslundas-monument-to-donut-economics\/embed\/#?secret=Z1tkuZzGaa#?secret=LJX6xXszrT\" data-secret=\"LJX6xXszrT\" width=\"500\" height=\"282\" frameborder=\"0\" marginwidth=\"0\" marginheight=\"0\" scrolling=\"no\"><\/iframe>\n<\/div><\/figure>\n\n\n\n<figure class=\"wp-block-embed is-type-wp-embed is-provider-a-guide-to-zero-carbon-skane wp-block-embed-a-guide-to-zero-carbon-skane\"><div class=\"wp-block-embed__wrapper\">\n<blockquote class=\"wp-embedded-content\" data-secret=\"42E5AcPr0D\"><a href=\"https:\/\/guide.zero-carbon-skane.org\/sv\/places\/southeast-the-slow-coast\/the-slow-coast\/brosarp-havang\/eat-it-as-it-comes-brosarp-food-festival\/\">\u00c4t det som kommer: Br\u00f6sarps matfestival<\/a><\/blockquote><iframe loading=\"lazy\" class=\"wp-embedded-content\" sandbox=\"allow-scripts\" security=\"restricted\" style=\"position: absolute; clip: rect(1px, 1px, 1px, 1px);\" title=\"&quot;\u00c4t det som det kommer: Br\u00f6sarps matfestival&quot; - En guide till ett koldioxidfritt Sk\u00e5ne\" src=\"https:\/\/guide.zero-carbon-skane.org\/places\/southeast-the-slow-coast\/the-slow-coast\/brosarp-havang\/eat-it-as-it-comes-brosarp-food-festival\/embed\/#?secret=ypVy2Wr84W#?secret=42E5AcPr0D\" data-secret=\"42E5AcPr0D\" width=\"500\" height=\"282\" frameborder=\"0\" marginwidth=\"0\" marginheight=\"0\" scrolling=\"no\"><\/iframe>\n<\/div><\/figure>\n\n\n\n<figure class=\"wp-block-embed is-type-wp-embed is-provider-a-guide-to-zero-carbon-skane wp-block-embed-a-guide-to-zero-carbon-skane\"><div class=\"wp-block-embed__wrapper\">\n<blockquote class=\"wp-embedded-content\" data-secret=\"IiScEGRA3T\"><a href=\"https:\/\/guide.zero-carbon-skane.org\/sv\/places\/southeast-the-slow-coast\/ystad\/eelgrass-safari-adventures-in-ystads-strandskog\/\">\u00c5lgr\u00e4ssafari! \u00c4ventyr i Ystads Strandskog<\/a><\/blockquote><iframe loading=\"lazy\" class=\"wp-embedded-content\" sandbox=\"allow-scripts\" security=\"restricted\" style=\"position: absolute; clip: rect(1px, 1px, 1px, 1px);\" title=\"&quot;\u00c5lgr\u00e4ssafari! \u00c4ventyr i Ystads Strandskog&quot; - En guide till koldioxidfria Sk\u00e5ne\" src=\"https:\/\/guide.zero-carbon-skane.org\/places\/southeast-the-slow-coast\/ystad\/eelgrass-safari-adventures-in-ystads-strandskog\/embed\/#?secret=y0pURxTiaW#?secret=IiScEGRA3T\" data-secret=\"IiScEGRA3T\" width=\"500\" height=\"282\" frameborder=\"0\" marginwidth=\"0\" marginheight=\"0\" scrolling=\"no\"><\/iframe>\n<\/div><\/figure>\n<\/div>\n\n\n\n<p>Teknikintresserade eller konstintresserade personer kan hitta n\u00e5got sp\u00e4nnande p\u00e5 f\u00f6ljande platser:<\/p>\n\n\n\n<div class=\"wp-block-group is-vertical is-content-justification-center is-layout-flex wp-container-core-group-is-layout-ce155fab wp-block-group-is-layout-flex\">\n<figure class=\"wp-block-embed is-type-wp-embed is-provider-a-guide-to-zero-carbon-skane wp-block-embed-a-guide-to-zero-carbon-skane\"><div class=\"wp-block-embed__wrapper\">\n<blockquote class=\"wp-embedded-content\" data-secret=\"rxLkkSJf5T\"><a href=\"https:\/\/guide.zero-carbon-skane.org\/sv\/places\/northwest\/angelholm\/circles-in-the-sand-angelholm-sand-sculpture-park\/\">Cirklar i sanden: \u00c4ngelholms sandskulpturpark<\/a><\/blockquote><iframe loading=\"lazy\" class=\"wp-embedded-content\" sandbox=\"allow-scripts\" security=\"restricted\" style=\"position: absolute; clip: rect(1px, 1px, 1px, 1px);\" title=\"&quot;Cirklar i sanden: \u00c4ngelholms sandskulpturpark&quot; - A Guide to Zero-Carbon Sk\u00e5ne\" src=\"https:\/\/guide.zero-carbon-skane.org\/places\/northwest\/angelholm\/circles-in-the-sand-angelholm-sand-sculpture-park\/embed\/#?secret=Hc3Orjcvgr#?secret=rxLkkSJf5T\" data-secret=\"rxLkkSJf5T\" width=\"500\" height=\"282\" frameborder=\"0\" marginwidth=\"0\" marginheight=\"0\" scrolling=\"no\"><\/iframe>\n<\/div><\/figure>\n\n\n\n<figure class=\"wp-block-embed is-type-wp-embed is-provider-a-guide-to-zero-carbon-skane wp-block-embed-a-guide-to-zero-carbon-skane\"><div class=\"wp-block-embed__wrapper\">\n<blockquote class=\"wp-embedded-content\" data-secret=\"zNsx23NoMp\"><a href=\"https:\/\/guide.zero-carbon-skane.org\/sv\/places\/southeast-the-slow-coast\/gamla-osterlen\/tomelilla\/your-one-stop-fix-it-shop-boohlssons-repairmecca\/\">Din stanna-och-laga-det-butik: BoOhlssons ReparationsMecka<\/a><\/blockquote><iframe loading=\"lazy\" class=\"wp-embedded-content\" sandbox=\"allow-scripts\" security=\"restricted\" style=\"position: absolute; clip: rect(1px, 1px, 1px, 1px);\" title=\"&quot;Din enda fix-it-shop: BoOhlssons RepairMecca&quot; - En guide till ett koldioxidfritt Sk\u00e5ne\" src=\"https:\/\/guide.zero-carbon-skane.org\/places\/southeast-the-slow-coast\/gamla-osterlen\/tomelilla\/your-one-stop-fix-it-shop-boohlssons-repairmecca\/embed\/#?secret=G0vQl67PHJ#?secret=zNsx23NoMp\" data-secret=\"zNsx23NoMp\" width=\"500\" height=\"282\" frameborder=\"0\" marginwidth=\"0\" marginheight=\"0\" scrolling=\"no\"><\/iframe>\n<\/div><\/figure>\n\n\n\n<figure class=\"wp-block-embed is-type-wp-embed is-provider-a-guide-to-zero-carbon-skane wp-block-embed-a-guide-to-zero-carbon-skane\"><div class=\"wp-block-embed__wrapper\">\n<blockquote class=\"wp-embedded-content\" data-secret=\"oj4YrFnH01\"><a href=\"https:\/\/guide.zero-carbon-skane.org\/sv\/places\/southeast-the-slow-coast\/simrishamn\/energised-communities-simris-and-the-microgrid-solidarity-project\/\">Energifyllda samh\u00e4llen: Simris och solidaritetsprojektet f\u00f6r mikron\u00e4t<\/a><\/blockquote><iframe loading=\"lazy\" class=\"wp-embedded-content\" sandbox=\"allow-scripts\" security=\"restricted\" style=\"position: absolute; clip: rect(1px, 1px, 1px, 1px);\" title=\"&quot;Energif\u00f6rs\u00f6rjda samh\u00e4llen: Simris and the Microgrid Solidarity Project&quot; - En guide till ett koldioxidfritt Sk\u00e5ne\" src=\"https:\/\/guide.zero-carbon-skane.org\/places\/southeast-the-slow-coast\/simrishamn\/energised-communities-simris-and-the-microgrid-solidarity-project\/embed\/#?secret=WCmCPighnx#?secret=oj4YrFnH01\" data-secret=\"oj4YrFnH01\" width=\"500\" height=\"282\" frameborder=\"0\" marginwidth=\"0\" marginheight=\"0\" scrolling=\"no\"><\/iframe>\n<\/div><\/figure>\n<\/div>","protected":false},"excerpt":{"rendered":"<p>Det kan vara sk\u00f6nt att st\u00e4nga av hj\u00e4rnan n\u00e4r man reser, men det \u00e4r inte alla som vill g\u00f6ra det hela tiden... och \u00e4ven om hj\u00e4rnan vill ha en ledig dag kan h\u00e4nderna l\u00e4ngta efter n\u00e5got som h\u00e5ller dem sysselsatta.<\/p>","protected":false},"author":1,"featured_media":1050,"parent":87,"menu_order":0,"comment_status":"closed","ping_status":"closed","template":"","meta":{"footnotes":""},"categories":[],"tags":[],"class_list":["post-103","page","type-page","status-publish","has-post-thumbnail","hentry"],"jetpack_sharing_enabled":true,"_links":{"self":[{"href":"https:\/\/guide.zero-carbon-skane.org\/sv\/wp-json\/wp\/v2\/pages\/103","targetHints":{"allow":["GET"]}}],"collection":[{"href":"https:\/\/guide.zero-carbon-skane.org\/sv\/wp-json\/wp\/v2\/pages"}],"about":[{"href":"https:\/\/guide.zero-carbon-skane.org\/sv\/wp-json\/wp\/v2\/types\/page"}],"author":[{"embeddable":true,"href":"https:\/\/guide.zero-carbon-skane.org\/sv\/wp-json\/wp\/v2\/users\/1"}],"replies":[{"embeddable":true,"href":"https:\/\/guide.zero-carbon-skane.org\/sv\/wp-json\/wp\/v2\/comments?post=103"}],"version-history":[{"count":3,"href":"https:\/\/guide.zero-carbon-skane.org\/sv\/wp-json\/wp\/v2\/pages\/103\/revisions"}],"predecessor-version":[{"id":1051,"href":"https:\/\/guide.zero-carbon-skane.org\/sv\/wp-json\/wp\/v2\/pages\/103\/revisions\/1051"}],"up":[{"embeddable":true,"href":"https:\/\/guide.zero-carbon-skane.org\/sv\/wp-json\/wp\/v2\/pages\/87"}],"wp:featuredmedia":[{"embeddable":true,"href":"https:\/\/guide.zero-carbon-skane.org\/sv\/wp-json\/wp\/v2\/media\/1050"}],"wp:attachment":[{"href":"https:\/\/guide.zero-carbon-skane.org\/sv\/wp-json\/wp\/v2\/media?parent=103"}],"wp:term":[{"taxonomy":"category","embeddable":true,"href":"https:\/\/guide.zero-carbon-skane.org\/sv\/wp-json\/wp\/v2\/categories?post=103"},{"taxonomy":"post_tag","embeddable":true,"href":"https:\/\/guide.zero-carbon-skane.org\/sv\/wp-json\/wp\/v2\/tags?post=103"}],"curies":[{"name":"wp","href":"https:\/\/api.w.org\/{rel}","templated":true}]}}