{"id":10,"date":"2022-08-16T10:31:41","date_gmt":"2022-08-16T10:31:41","guid":{"rendered":"https:\/\/guide.zero-carbon-skane.org\/index.php\/southwest-metropolitan-zone\/greater-malmo\/docklands\/"},"modified":"2023-03-13T15:41:41","modified_gmt":"2023-03-13T15:41:41","slug":"docklands","status":"publish","type":"page","link":"https:\/\/guide.zero-carbon-skane.org\/sv\/places\/southwest-metropolitan-zone\/greater-malmo\/docklands\/","title":{"rendered":"\u00d6stra Hamnen (hamnomr\u00e5det)"},"content":{"rendered":"<p>Efter den industriella basen kollapsade i <a href=\"https:\/\/guide.zero-carbon-skane.org\/sv\/places\/southwest-metropolitan-zone\/greater-malmo\/\" data-type=\"page\" data-id=\"8\">Malm\u00f6<\/a>, under slutet av 1900-talet blev <a href=\"https:\/\/guide.zero-carbon-skane.org\/sv\/places\/southwest-metropolitan-zone\/greater-malmo\/vastra-hamnen\/\" data-type=\"page\" data-id=\"126\">V\u00e4stra Hamnen<\/a> f\u00f6rst i k\u00f6n f\u00f6r sanering. Den andra, \u00f6stra sidan av Malm\u00f6s hamnomr\u00e5de blev till slut v\u00e4rd f\u00f6r de industrier som h\u00f6ll sig kvar: f\u00e4rjor och containersj\u00f6fart, \u00e5tervinning (t\u00e4nk: stora skrotupplag) och oljelagring. Men \u00e4ven dessa b\u00f6rjade f\u00f6rsvinna i takt med att 2000-talet fortskred, och Malm\u00f6 stad best\u00e4mde sig f\u00f6r att g\u00f6ra om samma trick en g\u00e5ng till.<\/p>\n\n\n\n<p>Det ekonomiska och politiska kaoset under 2020-talet satte stopp f\u00f6r dessa planer, \u00e4ven om de aldrig helt \u00f6vergavs. Kostnaden f\u00f6r att bygga om omr\u00e5det s\u00e5 att det skulle kunna f\u00f6rs\u00e4kras mot den f\u00f6rv\u00e4ntade havsniv\u00e5h\u00f6jningen visade sig vara f\u00f6r h\u00f6g f\u00f6r investerare som var vana vid de l\u00e5ga priserna fr\u00e5n de f\u00f6rsta decennierna av seklet; l\u00e4gg till kostnaden f\u00f6r att sanera marken som hade utsatts f\u00f6r kraftig f\u00f6rorening under \u00e5rtionden, s\u00e5 var slutsumman inte n\u00e5got man skulle vilja skylta med p\u00e5 sin investeringsportf\u00f6lj.<\/p>\n\n\n\n<p>Med andra ord stod en massa byggnader och mark l\u00e4nge oanv\u00e4nda ... och stadsbilden avskyr vakuum precis lika mycket som andra naturtyper. Saneringen har l\u00e5ngsamt kommit ig\u00e5ng igen, men nu m\u00e5ste man hantera avhysningen av olika m\u00e4rkliga och envisa sm\u00e5 samh\u00e4llen - varav m\u00e5nga inte \u00e4r helt lagliga eller legitima, men de \u00e4r inte l\u00e4ttare att flytta p\u00e5 f\u00f6r det.<\/p>\n\n\n\n<p>Den \u00e4ldsta och m\u00e4rkligaste av dessa \u00e4r <a href=\"https:\/\/guide.zero-carbon-skane.org\/sv\/places\/southwest-metropolitan-zone\/greater-malmo\/docklands\/famnen-urban-living-with-repurpose\/\" data-type=\"page\" data-id=\"239\">Famnen, ett kooperativt samh\u00e4lle som lyckades n\u00e5 en \u00f6verenskommelse med staden under det sv\u00e5ra 2020-talet<\/a>: Avtalet gick ut p\u00e5 n\u00e5got i stil med \"om ni st\u00e4dar upp v\u00e5r skit och tillf\u00f6r mer energi till eln\u00e4tet \u00e4n ni tar ut, s\u00e5 l\u00e5ter vi er stanna\". L\u00e4ckta inspelningar tyder starkt p\u00e5 att erbjudandet gjordes i f\u00f6rv\u00e4ntan om att samh\u00e4llet skulle misslyckas, men det har faktiskt visat sig vara anm\u00e4rkningsv\u00e4rt motst\u00e5ndskraftigt och framg\u00e5ngsrikt - \u00e4ven om det, ungef\u00e4r som Christiania i K\u00f6penhamn, ocks\u00e5 \u00e4r hem f\u00f6r en hel del aktiviteter som staden helst inte vill ses som att den uppmuntrar...<\/p>","protected":false},"excerpt":{"rendered":"<p>En hel del byggnader och mark stod l\u00e4nge oanv\u00e4nda i \u00d6stra Hamnen... och den urbana naturen avskyr vakuum lika mycket som de andra naturtyperna g\u00f6r.<\/p>","protected":false},"author":1,"featured_media":821,"parent":8,"menu_order":0,"comment_status":"closed","ping_status":"closed","template":"","meta":{"footnotes":""},"categories":[],"tags":[],"class_list":["post-10","page","type-page","status-publish","has-post-thumbnail","hentry"],"jetpack_sharing_enabled":true,"_links":{"self":[{"href":"https:\/\/guide.zero-carbon-skane.org\/sv\/wp-json\/wp\/v2\/pages\/10","targetHints":{"allow":["GET"]}}],"collection":[{"href":"https:\/\/guide.zero-carbon-skane.org\/sv\/wp-json\/wp\/v2\/pages"}],"about":[{"href":"https:\/\/guide.zero-carbon-skane.org\/sv\/wp-json\/wp\/v2\/types\/page"}],"author":[{"embeddable":true,"href":"https:\/\/guide.zero-carbon-skane.org\/sv\/wp-json\/wp\/v2\/users\/1"}],"replies":[{"embeddable":true,"href":"https:\/\/guide.zero-carbon-skane.org\/sv\/wp-json\/wp\/v2\/comments?post=10"}],"version-history":[{"count":2,"href":"https:\/\/guide.zero-carbon-skane.org\/sv\/wp-json\/wp\/v2\/pages\/10\/revisions"}],"predecessor-version":[{"id":822,"href":"https:\/\/guide.zero-carbon-skane.org\/sv\/wp-json\/wp\/v2\/pages\/10\/revisions\/822"}],"up":[{"embeddable":true,"href":"https:\/\/guide.zero-carbon-skane.org\/sv\/wp-json\/wp\/v2\/pages\/8"}],"wp:featuredmedia":[{"embeddable":true,"href":"https:\/\/guide.zero-carbon-skane.org\/sv\/wp-json\/wp\/v2\/media\/821"}],"wp:attachment":[{"href":"https:\/\/guide.zero-carbon-skane.org\/sv\/wp-json\/wp\/v2\/media?parent=10"}],"wp:term":[{"taxonomy":"category","embeddable":true,"href":"https:\/\/guide.zero-carbon-skane.org\/sv\/wp-json\/wp\/v2\/categories?post=10"},{"taxonomy":"post_tag","embeddable":true,"href":"https:\/\/guide.zero-carbon-skane.org\/sv\/wp-json\/wp\/v2\/tags?post=10"}],"curies":[{"name":"wp","href":"https:\/\/api.w.org\/{rel}","templated":true}]}}